{"id":940,"date":"2021-03-27T09:20:10","date_gmt":"2021-03-27T09:20:10","guid":{"rendered":"http:\/\/jonathanfischer.de\/?page_id=940"},"modified":"2022-07-09T12:24:31","modified_gmt":"2022-07-09T12:24:31","slug":"ein-superevangelist-fuehlt-sich-auf-den-schlips-getreten","status":"publish","type":"page","link":"https:\/\/jonathanfischer.de\/?page_id=940","title":{"rendered":"Ein Superevangelist f\u00fchlt sich auf den Schlips getreten"},"content":{"rendered":"<p>Aua, das tut weh! Warum berichtet IDEA so einseitig \u00fcber Wohlstandsprediger und erw\u00e4hnt nichts Positives? Pass gut auf evangelische Allianz, die geistliche Einheit des Leibes Christi ist in Gefahr. Stephan Steinle regt sich m\u00e4chtig auf. Ein langer Leserbrief wurde geschrieben von dem wichtigen Evangelist und vollm\u00e4chtigen Leiter von International Harvest Plan e.V.. Der eine riesige Ernte einplanende Vorstandsvorsitzende r\u00fchmt sich, in seinem 25-j\u00e4hrigen Dienst vier Millionen Menschen in Indien und Pakistan erreicht zu haben und sieht sich best\u00e4tigt, durch die vielen Errettungen, Heilungen und Befreiungen ein besonders vollm\u00e4chtiger und gesalbter Evangelist zu sein. Wer wagt da bei der nicht der Wahrheit entsprechenden Berichterstattung bzgl. christlicher Vorg\u00e4nge zu widersprechen, dass Millionen Geschwister weltweit mit ihm pers\u00f6nlich beleidigt und entsetzt sind, ob der ausschlie\u00dflich negativen, \u00fcberhaupt nichts Gutes bringenden Berichterstattung von ideaSpektrum (Auflage ca. 40.000). Der Mann wei\u00df von was er spricht, schlie\u00dflich hat er sich in den USA bei der sogenannten \u201eGlaubens\/Wohlstandsbewegung\u201c in Dallas, Texas ausbilden lassen. Nicht ein einziges Mal in sechs Jahren sind ihm und seiner Frau dabei systematische Irrlehren, Fehlauslegungen der Schrift oder betr\u00fcgerische Verhaltensweisen aufgefallen (wenn er damals nicht blind war, so ist er zumindest heute taub f\u00fcr sachliche Argumente). Und wenn schon, wo gibt es nicht Fehlentwicklungen, \u00dcbertreibungen und Irrlehren? Er ist sich sicher, dass buchst\u00e4blich \u201eAbermillionen\u201c Menschen so wie er in aller Welt durch genau diese Prediger und Dienste gerettet wurden und klare, systematische und schl\u00fcssige Lehre des Wortes Gottes empfangen haben.<\/p>\n<p>Und was, wenn es nicht so ist? Ich dachte Jesus Christus w\u00e4re der Retter und der Gesalbte und nicht die Wider- und Antichristen (sie kommen in der w\u00f6rtlichen Bedeutung anstelle von Christus), die Zeichen und Wunder tun um Menschen zu verf\u00fchren. Vergleicht man das Leben der wahren Apostel und deren \u00fcberlieferte Worte mit dem Wohlstandsevangelium und der Wort-des-Glaubens Lehre finden sich leicht viele Unstimmigkeiten.<\/p>\n<p>Z.B. werden die echten J\u00fcnger ohne Geldbeutel und Vorratstasche ausgesendet, im Gegensatz zu den im TV ihre Bankkonten einblendenden Wohlstandsprediger und deren Millionen an Spendengeldern verschlingende Dienste, die gem\u00e4\u00df der Lehre von den Talenten bestimmt effektiver eingesetzt werden k\u00f6nnten. Ich warne ausdr\u00fccklich alle Christen in die Dienste der \u00dcberapostel zu investieren, da der Herr einmal Rechenschaft fordert, was aus den Geldern geworden ist. Ein ver\u00e4rgerter Steinle st\u00f6\u00dft sich an der verp\u00f6nten Berichterstattung von Karsten Huhn und hat nichts einzuwenden an den drei D\u00fcsenjets von Kenneth Copeland oder zwei Rolls Royce von Creflo Dollar oder der Brillianten-Rolex von Benny Hinn. Letzterer L\u00fcgenbold gelobte nach Kritik in den Medien seine teuren Uhren und Anz\u00fcge abzulegen und sich mehr den Armen zu widmen, was im Gegensatz zu Steinle und anderer F\u00fcrsprecher bei mir nicht in Vergessenheit geriet. Schlie\u00dflich lautet deren anderes Evangelium man muss es der Seele immer gut gehen lassen, und es w\u00e4re ein Beweis des rechtschaffenen, richtigen Glaubens reich, gesund und erfolgreich zu sein. Also das genaue Gegenteil davon wie der dem\u00fctige Prophet Johannes der T\u00e4ufer, V\u00f6lkerevangelist Paulus und die echten Apostel gelebt und gewirkt haben (diese haben auch keine Stadien angemietet und gro\u00dfspurig Wunder angek\u00fcndigt). In der paradoxen Praxis wird dann den Armen das Geld aus der Tasche gezogen, da diese sich weis machen lassen, Seelen w\u00fcrden in Gro\u00dfveranstaltungen, die als Show abgehalten werden, gerettet.<\/p>\n<p>Falscher Bruder Stefan Steinle, wenn Du dies liest ist es noch nicht zu sp\u00e4t. Ich spreche in der Liebe Christi zu Dir. Ich habe mich \u00fcber Deine t\u00f6richten Ausf\u00fchrungen verwundert und mir die M\u00fche gemacht Dir im Internet beim Predigen zuzuschauen. Ich, ich, ich h\u00f6re ich und sehe dieselbe Angeberei mit Zahlen und denselben Hochmut, wie bei meinem alten Pastor Peter Wenz. Deine Vision ist, \u00fcberh\u00f6ht auf der B\u00fchne vor m\u00f6glichst vielen Menschen zu predigen, dadurch w\u00fcrde Jesus wiederkommen. Du gibst damit an, noch mehr Zeichen und Wunder zu wirken (Sommer der Wunder Serie 2018), und ungl\u00e4ubige Moslems in fernen L\u00e4ndern zu retten. Hoffentlich hast Du im Gospel Life Center im nahen M\u00fcnchen nicht ebenso viele Christen verletzt und finanziell ausgebeutet, die Dich vor dem Thron Gottes verklagen. Siehst Du es auch als Deine Aufgabe an, die Wort-des-Glaubens-Bewegung von Kenneth Hagin und Kenneth Copeland von den USA nach Deutschland zu tragen? Anstelle jetzt zu denken ich w\u00e4re ein Werkzeug des Teufels, hast Du jemals dar\u00fcber nachgedacht Du k\u00f6nntest selbst vom Teufel inspiriert sein und folglich einmal in der H\u00f6lle landen?<\/p>\n<p>Deine geistigen V\u00e4ter haben Dir eingetrichtert Du darfst nur positiv denken. Du bist \u00fcberzeugt, dass der Gott des Alten Testaments Dich niemals richten wird, weil Du in einem Neuen Bund bist, in dem es nichts als Liebe und Gnade gibt. Damit verbaust Du Dir am Ende selbst die Chance zur Bu\u00dfe und Errettung. Darum sei klug und lass Dich zurechtweisen, auch wenn es Dir weh tut.<\/p>\n<p>F\u00fcr alle Skeptiker, denen meine Worte zu hart sind. Kenneth Copeland demonstrierte vor kurzem auf einer Glaubenskonferenz wie ein Bund funktioniert und nimmt Rhema Bible College Absolvent Professor Greg Stephens zu Hilfe. In einer symbolischen Kommunion vermischen die Br\u00fcder ihr Blut mit Traubensaft, um es dann wie Judas zu trinken. Der Zauberer will, dass wir es genau in der gleichen Weise tun, jedes Mal wenn wir das Abendmahl zu uns nehmen. Das hat ihm sein Herr so gezeigt. Zu mit spricht Gott durch sein Wort, dass jeder ausgerottet wird, der Blut trinkt. Aua, das tut weh! Wenn wir nicht aufpassen und Bu\u00dfe tun werden wir alle mit umkommen, so wie es in der Blutvermischung von Lukas 13 von Jesus Christus prophezeit wurde.<\/p>\n<p><iframe loading=\"lazy\" title=\"Did Kenneth Copeland Really Do That?!?!\" width=\"629\" height=\"354\" src=\"https:\/\/www.youtube.com\/embed\/rEWXaKd2g4E?feature=oembed\" frameborder=\"0\" allow=\"accelerometer; autoplay; clipboard-write; encrypted-media; gyroscope; picture-in-picture; web-share\" referrerpolicy=\"strict-origin-when-cross-origin\" allowfullscreen><\/iframe><\/p>\n<p>Can you see it? Zauberei und Hexerei wo man hinsieht.<\/p>\n<p><iframe loading=\"lazy\" title=\"Top 5 Craziest Copeland Clips of 2020!!!!!\" width=\"629\" height=\"354\" src=\"https:\/\/www.youtube.com\/embed\/NqrNIVti57s?feature=oembed\" frameborder=\"0\" allow=\"accelerometer; autoplay; clipboard-write; encrypted-media; gyroscope; picture-in-picture; web-share\" referrerpolicy=\"strict-origin-when-cross-origin\" allowfullscreen><\/iframe><\/p>\n","protected":false},"excerpt":{"rendered":"<p>Aua, das tut weh! Warum berichtet IDEA so einseitig \u00fcber Wohlstandsprediger und erw\u00e4hnt nichts Positives? Pass gut auf evangelische Allianz, die geistliche Einheit des Leibes Christi ist in Gefahr. Stephan Steinle regt sich m\u00e4chtig auf. Ein langer Leserbrief wurde geschrieben von dem wichtigen Evangelist und vollm\u00e4chtigen Leiter von International Harvest Plan e.V.. Der eine riesige [&hellip;]<\/p>\n","protected":false},"author":2,"featured_media":0,"parent":37,"menu_order":59,"comment_status":"open","ping_status":"closed","template":"","meta":{"footnotes":""},"class_list":["post-940","page","type-page","status-publish","hentry"],"_links":{"self":[{"href":"https:\/\/jonathanfischer.de\/index.php?rest_route=\/wp\/v2\/pages\/940","targetHints":{"allow":["GET"]}}],"collection":[{"href":"https:\/\/jonathanfischer.de\/index.php?rest_route=\/wp\/v2\/pages"}],"about":[{"href":"https:\/\/jonathanfischer.de\/index.php?rest_route=\/wp\/v2\/types\/page"}],"author":[{"embeddable":true,"href":"https:\/\/jonathanfischer.de\/index.php?rest_route=\/wp\/v2\/users\/2"}],"replies":[{"embeddable":true,"href":"https:\/\/jonathanfischer.de\/index.php?rest_route=%2Fwp%2Fv2%2Fcomments&post=940"}],"version-history":[{"count":9,"href":"https:\/\/jonathanfischer.de\/index.php?rest_route=\/wp\/v2\/pages\/940\/revisions"}],"predecessor-version":[{"id":954,"href":"https:\/\/jonathanfischer.de\/index.php?rest_route=\/wp\/v2\/pages\/940\/revisions\/954"}],"up":[{"embeddable":true,"href":"https:\/\/jonathanfischer.de\/index.php?rest_route=\/wp\/v2\/pages\/37"}],"wp:attachment":[{"href":"https:\/\/jonathanfischer.de\/index.php?rest_route=%2Fwp%2Fv2%2Fmedia&parent=940"}],"curies":[{"name":"wp","href":"https:\/\/api.w.org\/{rel}","templated":true}]}}