{"id":94,"date":"2009-04-15T08:28:12","date_gmt":"2009-04-15T08:28:12","guid":{"rendered":"http:\/\/jonathanfischer.de\/?page_id=94"},"modified":"2022-03-04T09:31:38","modified_gmt":"2022-03-04T09:31:38","slug":"enthuellung","status":"publish","type":"page","link":"https:\/\/jonathanfischer.de\/?page_id=94","title":{"rendered":"Enth\u00fcllung"},"content":{"rendered":"<figure class=\"wp-block-audio\"><audio src=\"https:\/\/matthiasruf.files.wordpress.com\/2021\/01\/offenbarung-einfuehrung.mp3\" controls=\"controls\"><\/audio><figcaption>Offenbarung Einf\u00fchrung<\/figcaption><\/figure>\r\n\r\n<span style=\"color: #000080;\"><strong><span style=\"font-family: Verdana, sans-serif;\"><span style=\"font-size: medium;\">Die Offenbarung<\/span><\/span><\/strong><\/span>\r\n\r\n<span style=\"color: #000000;\"><span style=\"font-family: Verdana, sans-serif;\"><span style=\"font-size: medium;\">\r\nEr war alt an Jahren, sogar sehr alt. Ein Ger\u00fccht hatte sich verbreitet, dass er nicht sterben w\u00fcrde. Er \u00fcberlebte die Mutter seines Herrn, f\u00fcr die er sorgte, und er lebte l\u00e4nger als seine engsten Weggef\u00e4hrten, die anderen J\u00fcnger, die allesamt an einem gewaltsamen Martyrium starben. Er wurde als Apostel der Liebe bezeichnet, weil ihm die Bruderliebe in seinen Briefen so wichtig war und er beim letzten Abendmahl an der Brust Jesu lag. In seinem Evangelium \u00fcber das Fleisch gewordene, ewige Wort Gottes sprach der J\u00fcnger, den Jesus lieb hatte, von sich selbst in der dritten Person, weil er nie ein gro\u00dfes Aufheben um sich machte. Und doch war er der aufrichtigste und bedeutendste Leiter der Gemeinden in Kleinasien. Er war einer der letzten Augenzeugen, der das Wort des Lebens geh\u00f6rt, gesehen und betastet hatte. Seine pers\u00f6nlichen Berichte waren voller Kraft; einer Kraft des Heiligen Geistes, die von S\u00fcnden \u00fcberf\u00fchrte und Kranke heil machte. Trotz aller weltlichen Verbote h\u00f6rte er nicht auf, den Missionsauftrag seines himmlischen Meisters zu befolgen. Deshalb landete er bei wahrhaftigen Gewaltt\u00e4tern auf der Gefangeneninsel Patmos. Ungeachtet oder vielleicht gerade wegen all der widrigen Umst\u00e4nde ging der Prophet seiner Gewohnheit nach am Sabbat ins Gebet. Jochanan war im Begriff die gr\u00f6\u00dfte Offenbarung der Menschheitsgeschichte zu empfangen. Die Offenbarung des Johannes ist das letzte, schwierigste und umstrittenste Buch der Bibel. \u00dcber keine andere Prophetie gibt es so viele verschiedene Auslegungen und Theorien. Am besten wir lassen den Autor sprechen und beginnen mit seiner Einleitung:<\/span><\/span><\/span>\r\n\r\n<span style=\"color: #000000;\"><span style=\"font-family: Verdana, sans-serif;\"><span style=\"font-size: medium;\">\r\n<em><span style=\"color: #000080;\">Offenbarung Jesu Christi, die Gott ihm gab, um seinen Knechten zu zeigen was bald geschehen muss; und indem er seinen Engel sandte, hat er sie seinem Knecht Johannes kundgetan, der das Wort Gottes und das Zeugnis Jesu Christi bezeugt hat, alles, was er sah. Gl\u00fcckselig ist, der die Worte der Weissagung liest und die sie h\u00f6ren und bewahren, was darin geschrieben steht; denn die Zeit ist nahe.<\/span><\/em><\/span><\/span><\/span>\r\n\r\n<span style=\"color: #000000;\"><span style=\"font-family: Verdana, sans-serif;\"><span style=\"font-size: medium;\">\r\nDie Apokalypse (Griechisch: Apokalypsis=Enth\u00fcllung) ist nicht wie in manchen \u00dcberschriften behauptet die Offenbarung des Johannes, sondern <strong><span style=\"color: #000080;\">die Enth\u00fcllung von Jesus Christus!<\/span><\/strong><\/span><\/span><\/span>\r\n\r\n<span style=\"color: #000000;\"><span style=\"font-family: Verdana, sans-serif;\"><span style=\"font-size: medium;\">So entstanden Missverst\u00e4ndnisse bereits durch die Einf\u00fchrung der ersten Manuskripte. Die Offenbarung Jesu Christi wurde zun\u00e4chst von Gott an Jesus selbst gegeben, der sie dann durch seinen Engel Johannes \u00fcbermittelt hat.<\/span><\/span><\/span>\r\n\r\n<span style=\"color: #000000;\"><span style=\"font-family: Verdana, sans-serif;\"><span style=\"font-size: medium;\">Die ersten Christen, die die Worte h\u00f6ren und bewahren sollten, wurden von Petrus schon belehrt, dass keine Weissagung der Schrift aus eigener Deutung geschah, oder durch den Willen eines Menschen hervorgebracht wurde, sondern von Gott her redeten Menschen getrieben vom Heiligen Geist (2. Petrus 1 Verse 20 u. 21).<\/span><\/span><\/span>\r\n\r\n<span style=\"color: #000000;\"><span style=\"font-family: Verdana, sans-serif;\"><span style=\"font-size: medium;\">Johannes k\u00f6nnte hierzu nicht deutlicher sprechen als in Offenbarung Kapitel 1 Verse 10 und 11:<\/span><\/span><\/span>\r\n\r\n<span style=\"color: #000000;\"><span style=\"font-family: Verdana, sans-serif;\"><span style=\"font-size: medium;\">\r\n<em><span style=\"color: #000080;\">I<\/span><\/em><\/span><\/span><\/span><em><span style=\"color: #000080; font-family: Verdana, sans-serif; font-size: medium;\">ch war an dem Tag des Herrn im Geist, und ich h\u00f6rt hinter mir eine laute Stimme wie von einer Posaune, die sprach: Was du siehst schreibe in ein Buch und sende es den sieben Gemeinden&#8230;<\/span><\/em>\r\n\r\n<span style=\"color: #000000;\"><span style=\"font-family: Verdana, sans-serif;\"><span style=\"font-size: medium;\">\r\nJohannes ist f\u00fcr mich keinesfalls ein Psychopath der eigene Hirngespinste \u00fcber den Untergang der Welt verbreitete, denn die 22 Kapitel der Offenbarung f\u00fcgen sich nahtlos in den Kanon der 65 restlichen B\u00fccher der Bibel ein. Meine folgenden Erkl\u00e4rungen zur Apokalypse sollen den Leser ermuntern, sich selbst mit dem Ehrfurcht einfl\u00f6\u00dfenden Geschichtswerk auseinander zu setzen. Denn es ist <strong>seine Geschichte<\/strong> (History), die Erz\u00e4hlung vom Alpha und Omega, vom Lamm Gottes und L\u00f6we von Juda.<\/span><\/span><\/span><!-- \/wp:post-content -->","protected":false},"excerpt":{"rendered":"<p>Offenbarung Einf\u00fchrung Die Offenbarung Er war alt an Jahren, sogar sehr alt. Ein Ger\u00fccht hatte sich verbreitet, dass er nicht sterben w\u00fcrde. Er \u00fcberlebte die Mutter seines Herrn, f\u00fcr die er sorgte, und er lebte l\u00e4nger als seine engsten Weggef\u00e4hrten, die anderen J\u00fcnger, die allesamt an einem gewaltsamen Martyrium starben. Er wurde als Apostel der [&hellip;]<\/p>\n","protected":false},"author":2,"featured_media":0,"parent":0,"menu_order":6,"comment_status":"open","ping_status":"closed","template":"full-width-page-template.php","meta":{"footnotes":""},"class_list":["post-94","page","type-page","status-publish","hentry"],"_links":{"self":[{"href":"https:\/\/jonathanfischer.de\/index.php?rest_route=\/wp\/v2\/pages\/94","targetHints":{"allow":["GET"]}}],"collection":[{"href":"https:\/\/jonathanfischer.de\/index.php?rest_route=\/wp\/v2\/pages"}],"about":[{"href":"https:\/\/jonathanfischer.de\/index.php?rest_route=\/wp\/v2\/types\/page"}],"author":[{"embeddable":true,"href":"https:\/\/jonathanfischer.de\/index.php?rest_route=\/wp\/v2\/users\/2"}],"replies":[{"embeddable":true,"href":"https:\/\/jonathanfischer.de\/index.php?rest_route=%2Fwp%2Fv2%2Fcomments&post=94"}],"version-history":[{"count":5,"href":"https:\/\/jonathanfischer.de\/index.php?rest_route=\/wp\/v2\/pages\/94\/revisions"}],"predecessor-version":[{"id":1322,"href":"https:\/\/jonathanfischer.de\/index.php?rest_route=\/wp\/v2\/pages\/94\/revisions\/1322"}],"wp:attachment":[{"href":"https:\/\/jonathanfischer.de\/index.php?rest_route=%2Fwp%2Fv2%2Fmedia&parent=94"}],"curies":[{"name":"wp","href":"https:\/\/api.w.org\/{rel}","templated":true}]}}