{"id":92,"date":"2016-11-12T16:12:28","date_gmt":"2016-11-12T16:12:28","guid":{"rendered":"http:\/\/jonathanfischer.de\/?page_id=92"},"modified":"2020-12-20T21:48:35","modified_gmt":"2020-12-20T21:48:35","slug":"symbolik-der-stiftshuette-und-des-tempels","status":"publish","type":"page","link":"https:\/\/jonathanfischer.de\/?page_id=92","title":{"rendered":"Symbolik der Stiftsh\u00fctte und des Tempels"},"content":{"rendered":"<p>Am 18. September 2016 habe ich meine erste englische Predigt in Deutschland gehalten. Ich sprach vor einer kleinen philippinischen Versammlung in Esslingen \u00fcber mein Lieblingsthema &#8211; die Symbolik der Stiftsh\u00fctte und des Tempels.<\/p>\n<p>Viel Vergn\u00fcgen beim Anh\u00f6ren der MP3-Datei w\u00fcnscht Matthias Ruf<\/p>\n<audio class=\"wp-audio-shortcode\" id=\"audio-92-1\" preload=\"none\" style=\"width: 100%;\" controls=\"controls\"><source type=\"audio\/mpeg\" src=\"https:\/\/matthiasruf.files.wordpress.com\/2020\/12\/sermontabernaclewinchurch.mp3?_=1\" \/><a href=\"https:\/\/matthiasruf.files.wordpress.com\/2020\/12\/sermontabernaclewinchurch.mp3\">https:\/\/matthiasruf.files.wordpress.com\/2020\/12\/sermontabernaclewinchurch.mp3<\/a><\/audio>\n<p>&nbsp;<\/p>\n<p>Zur weiteren Vertiefung des Themas empfehle ich die Vortr\u00e4ge von Dr. Roger Liebi auf YouTube \u00fcber &#8222;Die Herrlichkeit des Messias in der Stiftsh\u00fctte&#8220; sowie &#8222;Der Messisas im Tempel&#8220;:<\/p>\n<p><iframe loading=\"lazy\" title=\"Die Herrlichkeit des Messias in der Stiftsh\u00fctte - Dr. theol. Roger Liebi\" width=\"629\" height=\"354\" src=\"https:\/\/www.youtube.com\/embed\/V5N1b4-7NnM?feature=oembed\" frameborder=\"0\" allow=\"accelerometer; autoplay; clipboard-write; encrypted-media; gyroscope; picture-in-picture; web-share\" referrerpolicy=\"strict-origin-when-cross-origin\" allowfullscreen><\/iframe><\/p>\n<p><iframe loading=\"lazy\" title=\"Roger Liebi - Der Messias im Tempel (Vortrag mit Folien und Bibelstellen)\" width=\"629\" height=\"354\" src=\"https:\/\/www.youtube.com\/embed\/au2bXU3-jPY?feature=oembed\" frameborder=\"0\" allow=\"accelerometer; autoplay; clipboard-write; encrypted-media; gyroscope; picture-in-picture; web-share\" referrerpolicy=\"strict-origin-when-cross-origin\" allowfullscreen><\/iframe><\/p>\n<p>&nbsp;<\/p>\n","protected":false},"excerpt":{"rendered":"<p>Am 18. September 2016 habe ich meine erste englische Predigt in Deutschland gehalten. Ich sprach vor einer kleinen philippinischen Versammlung in Esslingen \u00fcber mein Lieblingsthema &#8211; die Symbolik der Stiftsh\u00fctte und des Tempels. Viel Vergn\u00fcgen beim Anh\u00f6ren der MP3-Datei w\u00fcnscht Matthias Ruf https:\/\/matthiasruf.files.wordpress.com\/2020\/12\/sermontabernaclewinchurch.mp3 &nbsp; Zur weiteren Vertiefung des Themas empfehle ich die Vortr\u00e4ge von Dr. [&hellip;]<\/p>\n","protected":false},"author":2,"featured_media":0,"parent":82,"menu_order":4,"comment_status":"closed","ping_status":"closed","template":"full-width-page-template.php","meta":{"footnotes":""},"class_list":["post-92","page","type-page","status-publish","hentry"],"_links":{"self":[{"href":"https:\/\/jonathanfischer.de\/index.php?rest_route=\/wp\/v2\/pages\/92","targetHints":{"allow":["GET"]}}],"collection":[{"href":"https:\/\/jonathanfischer.de\/index.php?rest_route=\/wp\/v2\/pages"}],"about":[{"href":"https:\/\/jonathanfischer.de\/index.php?rest_route=\/wp\/v2\/types\/page"}],"author":[{"embeddable":true,"href":"https:\/\/jonathanfischer.de\/index.php?rest_route=\/wp\/v2\/users\/2"}],"replies":[{"embeddable":true,"href":"https:\/\/jonathanfischer.de\/index.php?rest_route=%2Fwp%2Fv2%2Fcomments&post=92"}],"version-history":[{"count":6,"href":"https:\/\/jonathanfischer.de\/index.php?rest_route=\/wp\/v2\/pages\/92\/revisions"}],"predecessor-version":[{"id":859,"href":"https:\/\/jonathanfischer.de\/index.php?rest_route=\/wp\/v2\/pages\/92\/revisions\/859"}],"up":[{"embeddable":true,"href":"https:\/\/jonathanfischer.de\/index.php?rest_route=\/wp\/v2\/pages\/82"}],"wp:attachment":[{"href":"https:\/\/jonathanfischer.de\/index.php?rest_route=%2Fwp%2Fv2%2Fmedia&parent=92"}],"curies":[{"name":"wp","href":"https:\/\/api.w.org\/{rel}","templated":true}]}}