{"id":919,"date":"2021-03-07T10:19:06","date_gmt":"2021-03-07T10:19:06","guid":{"rendered":"http:\/\/jonathanfischer.de\/?page_id=919"},"modified":"2022-07-09T12:24:23","modified_gmt":"2022-07-09T12:24:23","slug":"919-2","status":"publish","type":"page","link":"https:\/\/jonathanfischer.de\/?page_id=919","title":{"rendered":"Kostenlose Weisheit in der Not?"},"content":{"rendered":"<p>Es klingt wie ein M\u00e4rchen, ein Multimillion\u00e4r forscht auf eigene Kosten, um eine L\u00f6sung f\u00fcr die Corona-Pandemie zu finden. Der Professor Doktor ist nicht irgendwer, sondern Wissenschaftler, Erfinder, Unternehmer und zuletzt deutscher Mediziner. Nach dem milliardenschweren Verkauf ihrer erfolgreichen Firma h\u00e4tten sich andere Mitsiebziger als Ort der Rente eine Jacht oder Luxusanwesen gekauft. Nicht so der flei\u00dfige T\u00fcftler, der als Wohnsitz ein Forschungsinstitut mit zig Mitarbeitern w\u00e4hlt und in Selbstversuchen einen Impfstoff gegen Covid-19 entwickelt. Dem ehrenwerten Probanden geht es jedoch nicht ums Gesch\u00e4ft, sondern um die Volksgesundheit. Die kostenlose Formel f\u00fcr den Impfstoff wird nicht patentiert. Stattdessen wird diese mit der Anleitung zur Produktion kostenlos auf dem Blog <a href=\"https:\/\/www.winfried-stoecker.de\/blog\/die-beste-impfung-gegen-covid-19\">https:\/\/www.winfried-stoecker.de\/blog\/die-beste-impfung-gegen-covid-19<\/a> publiziert. Die Not der Stunde w\u00fcrde gebieten, das Impf-Antigen nach weiteren Versuchen, so schnell als m\u00f6glich auf den Markt zu bringen. Zumal die k\u00fchle Lagerung nicht so kompliziert und die Herstellung weniger zeitaufwendig und teuer ist. Selbst Impfgegner sind entz\u00fcckt, da in dem Ansatz nicht abgeschw\u00e4chte Viren oder Virus-RNS injiziert wird. Es gilt als sicher, dass das neue, kleine, unscheinbare Protein die DNA nicht ver\u00e4ndert oder viel im Organismus anrichtet. Das rekombinante Antigen kommt aus der Retorte und birgt kein Infektionsrisiko.<\/p>\n<p>Einen Absatz machend betone ich, kein nachpr\u00fcfender Experte f\u00fcr diese Behauptungen zu sein. Ein Virologe wie Christian Drosten oder das Paul-Ehrlich-Institut sind daf\u00fcr pr\u00e4destiniert. Daf\u00fcr spanne ich einmal mehr den Bogen zur Bibel. Es gibt in Kohelet Kapitel 9 eine Weisheit zur Rettung, die wertlos f\u00fcr die B\u00fcrger ist, weil sie nicht angenommen wird. In Vers 15 findet sich ein armer, weiser Mann, der die belagerte Stadt durch seinen scharfen Verstand retten k\u00f6nnte. Aber kein Mensch dachte oder erinnerte sich an diesen Mann.<\/p>\n<p>Das mag frustrierend auf den Schreiber K\u00f6nig Salomo gewirkt haben, der unbeabsichtigt das Wesen des kommenden Retters der Menschheit beschrieb. Gleichfalls wird Armut, Weisheit und Vergessenheit im Dienst des j\u00fcdischen Messias gefunden. Nun geht es nicht um die S\u00fcnde, welche zum Tod f\u00fchrt, sondern um ein t\u00f6dliches Virus. Uns sch\u00fctzende Politiker tun anscheinend alles in ihrer Macht Stehende, um diesen Feind zu bek\u00e4mpfen. Als Auswirkungen erfahren wir immer neue Regeln und Gesetze, sowie Pleiten, Pech und Pannen. Im Altertum verantworteten die Pharis\u00e4er und Sadduz\u00e4er im hohen Rat als Schriftgelehrte, was zu tun und lassen war.<\/p>\n<p>Auff\u00e4llig beim Schm\u00f6kern der Nachrichten sind die unglaublichen Anklagen, denen sich der Arzt Winfried St\u00f6cker von engverwandter Seite ausgesetzt sieht. Ohne fremde Genehmigung ist es nicht erlaubt, den Wirkstoff anzuwenden. Jesus wurde verboten, am Sabbat zu heilen. Ein Grund f\u00fcr seine Kreuzigung war, dass die Pharis\u00e4er nicht ihre Vorschriften au\u00dfer Kraft gesetzt bekommen wollten. Die notwendige Heilung von Kranken war vordergr\u00fcndig egal. Den gleichen Ansatz sehe ich in den Klagen, denen sich Prof. Dr. med. Winfried St\u00f6cker aktuell ausgesetzt sieht. K\u00f6nnte dies damit zusammenh\u00e4ngen, dass er sich nicht dem medialen Mainstream angepasst hat? Seine Ansichten \u00fcber eine Migrationspolitik, die zur Islamisierung Deutschlands f\u00fchrt, gepaart mit der Ablehnung der Gender-Ideologie, sorgten f\u00fcr gro\u00dfe Emp\u00f6rung und \u00f6ffentliche \u00c4chtung. Gleichartige Vorbehalte gegen Ausl\u00e4nder, die oft nichts von unseren Werten und Menschenrechten wissen wollen, f\u00fchren gerade bei der AfD dazu, vom Verfassungsschutz beobachtet zu werden. Das Schwingen mit der Antisemitismus-Keule soll die zu verbietende, gef\u00e4hrliche Nazipartei spalten.<\/p>\n<p>Zum Schluss sei die Frage erlaubt, ob es den Entscheidungstr\u00e4gern an den Strippen der Macht wirklich um das Wohl des Einzelnen geht? Im Bezug auf das von Winfried St\u00f6cker entwickelte Antigen des SARS-CoV-2 fallen weniger die im K\u00f6rper entwickelten Antik\u00f6rper ins Gewicht. Nein, viele Kommentatoren auf YouTube sehen im folgenden Spiegel-Bericht die Interessen der Pharmalobby im Vordergrund und die sonst entgehenden Milliardengewinne. Im Gegensatz zu Raffgierigen (CDU-Bundestagsabgeordneten?), die sich zum und am Leid anderer die Taschen f\u00fcllen, darf es einen andersdenkenden Mann, der selbstlos das Leben von Menschen rettet, nicht geben:<\/p>\n<p><iframe loading=\"lazy\" title=\"Der Corona-T\u00fcftler: Impfstoff aus dem Marmeladenglas | SPIEGEL TV\" width=\"629\" height=\"354\" src=\"https:\/\/www.youtube.com\/embed\/XNmWvem7-XI?feature=oembed\" frameborder=\"0\" allow=\"accelerometer; autoplay; clipboard-write; encrypted-media; gyroscope; picture-in-picture; web-share\" referrerpolicy=\"strict-origin-when-cross-origin\" allowfullscreen><\/iframe><\/p>\n<p>&#8212;<\/p>\n<p>Kommentar vom 13.03.2021<\/p>\n<p>Der SWR wei\u00df es besser!<\/p>\n<p>Gerade haben die Finanzhaie des SWR 69 Millionen unserer Rundfunkgelder bei der Greensill-Privatbank versenkt, aber die Helden des SWR wissen es trotz Pleite besser: Anders als bei den dummen Kommunen ist ihr unter 18 Monate laufendes Termingeld durch den Einlagensicherungsfonds abgesichert. Somit entst\u00fcnde beim SWR kein finanzieller Schaden. Also kein Problem, wenn immer die anderen zahlen m\u00fcssen.<\/p>\n<p>Kein Held darf laut \u00dcberschrift in SWR Wissen der L\u00fcbecker Forscher Winfried St\u00f6cker sein: <a href=\"https:\/\/www.swr.de\/wissen\/winfried-stoecker-antigen-impfstoff-100.html\">https:\/\/www.swr.de\/wissen\/winfried-stoecker-antigen-impfstoff-100.html<\/a><\/p>\n<p>Sein Kampf und Antigen gegen Covid 19 werden gekonnt von den SWR-Wissenschaftlern zerpfl\u00fcckt. Doch zun\u00e4chst sei zur Wiederholung gesagt, dass der 74-j\u00e4hrige Professor sein Wissen kostenlos auf seinem Blog zur Verf\u00fcgung stellt und viel Geld mit seiner neuen Firma zum Wohle der Allgemeinheit, wohlgemerkt aus eigener Tasche bezahlt.<\/p>\n<p>Nun zu den Kritikpunkten aus der Presse. Der Wissenschaftler hatte keine Genehmigung f\u00fcr den Test des nicht zugelassenen Wirkstoffs. Trotzdem spritzte er sich, seiner Familie und den Mitarbeitern das Antigen. Diese waren freilich damit einverstanden. Das tut allerdings nichts zur Sache. Bei der Beantragung von weiteren Tests hagelte es eine Anzeige des wie aus den Wolken gefallenen PEI = Paul-Ehrlich-Instituts. Um bei den Wolken zu bleiben f\u00e4llt mir ein Gleichnis ein:<\/p>\n<p>Ein Welt umsegelndes M\u00e4dchen erleidet in einem Sturm Schiffbruch. Das Boot ist gekentert und geht unter. Ein Hilferuf wird kurz vor dem Ertrinken abgesetzt. Pl\u00f6tzlich taucht ein in n\u00e4chster N\u00e4he befindliches fremdes U-Boot auf, das keine Genehmigung hat sich in den Gew\u00e4ssern aufzuhalten. Darum wird es mit Warnsch\u00fcssen vertrieben. Die heimische Marine eilt schon zur Rettung. Ein gutes oder schlechtes Ende der Geschichte d\u00fcrfen sich die Leser selbst ausmalen.<\/p>\n<p>Mir geht es darum, Professor Dr. med. Winfried St\u00f6cker zu verteidigen. Das gleiche Anliegen hatten die Produzenten des Spiegel TV Videobeitrags. \u00dcber die Gr\u00fcnde der Angriffe auf St\u00f6cker gibt es verschiedene Spekulationen. Seine Praktiken sind bestimmt ein Dorn in den Augen der Milliardengewinne erzielenden Pharmagiganten. Die SWR-Redakteure behaupten das Bild vom Wundermittel eines mutigen Impfstoffentwicklers, der von offizieller Seite ausgebremst wird w\u00e4re \u201esuggeriert\u201c. Viele Fragen w\u00fcrden aus wissenschaftlicher und journalistischer Sicht offen bleiben. Zweifel werden ges\u00e4t. Die Behauptungen des Mediziners w\u00e4ren unbelegt. Seine Laborergebnisse werden in Frage gestellt. Beim genauen Hinsehen wird bewusste Manipulation vom Interviewpartner und TV Sender suggeriert &#8211; aber Manipulation geht von Seite des SWR aus:<\/p>\n<p>Es blieben nur theoretische Aussagen \u00fcber einen einzigen Labortest der Charit\u00e9. Spiegel TV muss sich den Vorwurf gefallen lassen, sich durch die unkritische und dadurch tendenzi\u00f6se Berichterstattung mit den fragw\u00fcrdigen Praktiken St\u00f6ckers gemein gemacht zu haben.<\/p>\n<p>Seltsam, der schreibende SWR-Philosoph nimmt sich heraus zu urteilen was richtig und falsch (Gut und B\u00f6se?) ist. Trotz jahrelanger Erfahrung mit gleichartigen Medikamenten darf der \u00fcberaus erfolgreiche Unternehmer und Professor keine Aussagen \u00fcber seinen Impfstoff treffen. Jedenfalls nicht, wenn dieser nicht an Tieren erprobt wurde und drei klinische Testphasen erfolgreich durchlaufen hat. Unserer Gesundheit steht auf dem Spiel. Das sieht die Regierung von D\u00e4nemark aktuell genauso, indem sie das bereits zugelassenen Serum von AstraZeneca nach dem Tod einer Frau f\u00fcr zwei Wochen stoppt.<\/p>\n<p>Selbst wenn St\u00f6ckers \u201eunsicherer\u201c Protein-Impfstoff funktionieren sollte, gilt es seinen Erfindungsreichtum abzusprechen, denn es handelt sich nicht um eine neue Idee. Die den korrekten Weg durchlaufende Pharmafirma Novavax ist ihm ein Schritt voraus. 15000 Menschen bekamen zur Findung der Wahrheit &#8211; ohne es genau zu wissen &#8211; einen Placebo verabreicht. Zum Schluss des SWR Wissen Beitrags wird das Todesurteil \u00fcber Dr. St\u00f6ckers strafbare Heilungsversuche ausgesprochen, falls ein Schriftgelehrter bzw. Gericht beweist, dass es sich iSd. \u00a7 4 Abs. 1 AMG um ein Fertigarzneimittel handelt.<\/p>\n<p>Lehren aus der Menschheitsgeschichte ziehend, geht das Welt umsegelnde M\u00e4dchen unter, da sich das Marineschiff und U-Boot gegenseitig versenken. Der Goethe Verehrer und Ostereier Liebhaber Winfried St\u00f6cker behauptet von sich selbst nicht, DER HELD zu sein, der DIE MENSCHHEIT rettet. Gem\u00e4\u00df der Bibel in 1. Timotheus 2 Verse 5 u. 6 kommt auch nur einer daf\u00fcr in Frage:<\/p>\n<p>Denn es ist ein Gott und ein Mittler zwischen Gott und den Menschen, n\u00e4mlich DER MENSCH CHRISTUS JESUS, der sich selbst gegeben hat als L\u00f6segeld f\u00fcr alle, als sein Zeugnis zur rechten Zeit.<\/p>\n","protected":false},"excerpt":{"rendered":"<p>Es klingt wie ein M\u00e4rchen, ein Multimillion\u00e4r forscht auf eigene Kosten, um eine L\u00f6sung f\u00fcr die Corona-Pandemie zu finden. Der Professor Doktor ist nicht irgendwer, sondern Wissenschaftler, Erfinder, Unternehmer und zuletzt deutscher Mediziner. Nach dem milliardenschweren Verkauf ihrer erfolgreichen Firma h\u00e4tten sich andere Mitsiebziger als Ort der Rente eine Jacht oder Luxusanwesen gekauft. Nicht so [&hellip;]<\/p>\n","protected":false},"author":2,"featured_media":0,"parent":37,"menu_order":60,"comment_status":"open","ping_status":"closed","template":"","meta":{"footnotes":""},"class_list":["post-919","page","type-page","status-publish","hentry"],"_links":{"self":[{"href":"https:\/\/jonathanfischer.de\/index.php?rest_route=\/wp\/v2\/pages\/919","targetHints":{"allow":["GET"]}}],"collection":[{"href":"https:\/\/jonathanfischer.de\/index.php?rest_route=\/wp\/v2\/pages"}],"about":[{"href":"https:\/\/jonathanfischer.de\/index.php?rest_route=\/wp\/v2\/types\/page"}],"author":[{"embeddable":true,"href":"https:\/\/jonathanfischer.de\/index.php?rest_route=\/wp\/v2\/users\/2"}],"replies":[{"embeddable":true,"href":"https:\/\/jonathanfischer.de\/index.php?rest_route=%2Fwp%2Fv2%2Fcomments&post=919"}],"version-history":[{"count":11,"href":"https:\/\/jonathanfischer.de\/index.php?rest_route=\/wp\/v2\/pages\/919\/revisions"}],"predecessor-version":[{"id":953,"href":"https:\/\/jonathanfischer.de\/index.php?rest_route=\/wp\/v2\/pages\/919\/revisions\/953"}],"up":[{"embeddable":true,"href":"https:\/\/jonathanfischer.de\/index.php?rest_route=\/wp\/v2\/pages\/37"}],"wp:attachment":[{"href":"https:\/\/jonathanfischer.de\/index.php?rest_route=%2Fwp%2Fv2%2Fmedia&parent=919"}],"curies":[{"name":"wp","href":"https:\/\/api.w.org\/{rel}","templated":true}]}}