{"id":860,"date":"2020-12-20T21:51:36","date_gmt":"2020-12-20T21:51:36","guid":{"rendered":"http:\/\/jonathanfischer.de\/?page_id=860"},"modified":"2022-09-12T20:32:44","modified_gmt":"2022-09-12T20:32:44","slug":"predigten","status":"publish","type":"page","link":"https:\/\/jonathanfischer.de\/?page_id=860","title":{"rendered":"Predigten Mp3"},"content":{"rendered":"<figure class=\"wp-block-audio\"><audio src=\"https:\/\/matthiasruf.files.wordpress.com\/2022\/05\/johannesevangelium-hoerbuch.mp3\" controls=\"controls\"><\/audio><figcaption>Das Johannnesevangelium H\u00f6rbuch<\/figcaption><\/figure>\r\n<!-- \/wp:post-content -->\r\n\r\n<!-- wp:audio {\"id\":4267} -->\r\n<figure class=\"wp-block-audio\"><audio src=\"https:\/\/matthiasruf.files.wordpress.com\/2022\/08\/johannesbriefe.mp3\" controls=\"controls\"><\/audio><figcaption class=\"wp-element-caption\">Die drei Briefe des Johannes H\u00f6rbuch<\/figcaption><\/figure>\r\n<!-- \/wp:audio -->\r\n\r\n<!-- wp:audio {\"id\":4122} -->\r\n<figure class=\"wp-block-audio\"><audio src=\"https:\/\/matthiasruf.files.wordpress.com\/2022\/02\/24-ausgewaehlte-psalmen.mp3\" controls=\"controls\"><\/audio><figcaption>24 ausgew\u00e4hlte Psalmen<\/figcaption><\/figure>\r\n<!-- \/wp:audio -->\r\n\r\n<!-- wp:audio {\"id\":4303} -->\r\n<figure class=\"wp-block-audio\"><audio controls src=\"https:\/\/matthiasruf.files.wordpress.com\/2022\/09\/du-sollst-nicht-richten.mp3\"><\/audio><figcaption class=\"wp-element-caption\">Du sollst nicht richten?<\/figcaption><\/figure>\r\n<!-- \/wp:audio -->\r\n\r\n<!-- wp:audio {\"id\":3936} -->\r\n<figure class=\"wp-block-audio\"><audio src=\"https:\/\/matthiasruf.files.wordpress.com\/2021\/12\/reformationstag-und-halloween.mp3\" controls=\"controls\"><\/audio><figcaption>Reformationstag und Halloween<\/figcaption><\/figure>\r\n<!-- \/wp:audio -->\r\n\r\n<!-- wp:audio {\"id\":3833} -->\r\n<figure class=\"wp-block-audio\"><audio src=\"https:\/\/matthiasruf.files.wordpress.com\/2021\/10\/drangsal-in-not.mp3\" controls=\"controls\"><\/audio><figcaption>Drangsal in Not<\/figcaption><\/figure>\r\n<!-- \/wp:audio -->\r\n\r\n<!-- wp:audio {\"id\":3349} -->\r\n<figure class=\"wp-block-audio\"><audio src=\"https:\/\/matthiasruf.files.wordpress.com\/2021\/01\/auf-dem-weg-nach-emmaus.mp3\" controls=\"controls\"><\/audio><figcaption>Auf dem Weg nach Emmaus<\/figcaption><\/figure>\r\n<!-- \/wp:audio -->\r\n\r\n<!-- wp:audio {\"id\":3284} -->\r\n<figure class=\"wp-block-audio\"><audio src=\"https:\/\/matthiasruf.files.wordpress.com\/2021\/01\/prophezeites-wort.mp3\" controls=\"controls\"><\/audio><figcaption>Prophezeites Wort<\/figcaption><\/figure>\r\n<!-- \/wp:audio -->\r\n\r\n<!-- wp:audio {\"id\":3218} -->\r\n<figure class=\"wp-block-audio\"><audio src=\"https:\/\/matthiasruf.files.wordpress.com\/2020\/12\/das-vierte-evangelium.mp3\" controls=\"controls\"><\/audio><figcaption>Das vierte Evangelium<\/figcaption><\/figure>\r\n<!-- \/wp:audio -->\r\n\r\n<!-- wp:audio {\"id\":3024} -->\r\n<figure class=\"wp-block-audio\"><audio src=\"https:\/\/matthiasruf.files.wordpress.com\/2020\/12\/advent_advent_zweites_kommen.mp3\" controls=\"controls\"><\/audio><figcaption>Advent, Advent<\/figcaption><\/figure>\r\n<!-- \/wp:audio -->\r\n\r\n<!-- wp:audio {\"id\":3222} -->\r\n<figure class=\"wp-block-audio\"><audio src=\"https:\/\/matthiasruf.files.wordpress.com\/2021\/01\/geheimnisvolle-huette.mp3\" controls=\"controls\"><\/audio><figcaption>Die geheimnisvolle H\u00fctte<\/figcaption><\/figure>\r\n<!-- \/wp:audio -->\r\n\r\n<!-- wp:audio {\"id\":3212} -->\r\n<figure class=\"wp-block-audio\"><audio src=\"https:\/\/matthiasruf.files.wordpress.com\/2020\/12\/dreieinigkeit.mp3\" controls=\"controls\"><\/audio><figcaption>Dreieinigkeit<\/figcaption><\/figure>\r\n<!-- \/wp:audio -->\r\n\r\n<!-- wp:audio {\"id\":2504} -->\r\n<figure class=\"wp-block-audio\"><audio src=\"https:\/\/matthiasruf.files.wordpress.com\/2019\/12\/zahleninderbibel.mp3\" controls=\"controls\"><\/audio><figcaption>Zahlen in der Bibel<\/figcaption><\/figure>\r\n<!-- \/wp:audio -->\r\n\r\n<!-- wp:audio {\"id\":3354} -->\r\n<figure class=\"wp-block-audio\"><audio src=\"https:\/\/matthiasruf.files.wordpress.com\/2021\/01\/offenbarung-einfuehrung.mp3\" controls=\"controls\"><\/audio><figcaption>Offenbarung Einf\u00fchrung<\/figcaption><\/figure>\r\n<!-- \/wp:audio -->\r\n\r\n<!-- wp:audio {\"id\":4045} -->\r\n<figure class=\"wp-block-audio\"><audio src=\"https:\/\/matthiasruf.files.wordpress.com\/2022\/02\/offenbarung-1.mp3\" controls=\"controls\"><\/audio><figcaption>Offenbarung 1<\/figcaption><\/figure>\r\n<!-- \/wp:audio -->\r\n\r\n<!-- wp:audio {\"id\":4055} -->\r\n<figure class=\"wp-block-audio\"><audio src=\"https:\/\/matthiasruf.files.wordpress.com\/2022\/02\/offenbarung-2.mp3\" controls=\"controls\"><\/audio><figcaption>Offenbarung 2<\/figcaption><\/figure>\r\n<!-- \/wp:audio -->\r\n\r\n<!-- wp:audio {\"id\":4057} -->\r\n<figure class=\"wp-block-audio\"><audio src=\"https:\/\/matthiasruf.files.wordpress.com\/2022\/02\/offenbarung-3.mp3\" controls=\"controls\"><\/audio><figcaption>Offenbarung 3<\/figcaption><\/figure>\r\n<!-- \/wp:audio -->\r\n\r\n<!-- wp:audio {\"id\":4059} -->\r\n<figure class=\"wp-block-audio\"><audio src=\"https:\/\/matthiasruf.files.wordpress.com\/2022\/02\/offenbarung-4.mp3\" controls=\"controls\"><\/audio><figcaption>Offenbarung 4<\/figcaption><\/figure>\r\n<!-- \/wp:audio -->\r\n\r\n<!-- wp:audio {\"id\":4072} -->\r\n<figure class=\"wp-block-audio\"><audio src=\"https:\/\/matthiasruf.files.wordpress.com\/2022\/02\/offenbarung-5.mp3\" controls=\"controls\"><\/audio><figcaption>Offenbarung 5<\/figcaption><\/figure>\r\n<!-- \/wp:audio -->\r\n\r\n<!-- wp:audio {\"id\":4091} -->\r\n<figure class=\"wp-block-audio\"><audio src=\"https:\/\/matthiasruf.files.wordpress.com\/2022\/02\/offenbarung-6-2.mp3\" controls=\"controls\"><\/audio><figcaption>Offenbarung 6<\/figcaption><\/figure>\r\n<!-- \/wp:audio -->\r\n\r\n<!-- wp:audio {\"id\":4076} -->\r\n<figure class=\"wp-block-audio\"><audio src=\"https:\/\/matthiasruf.files.wordpress.com\/2022\/02\/offenbarung-7.mp3\" controls=\"controls\"><\/audio><figcaption>Offenbarung 7<\/figcaption><\/figure>\r\n<!-- \/wp:audio -->\r\n\r\n<!-- wp:audio {\"id\":4097} -->\r\n<figure class=\"wp-block-audio\"><audio src=\"https:\/\/matthiasruf.files.wordpress.com\/2022\/02\/offenbarung-8.mp3\" controls=\"controls\"><\/audio><figcaption>Offenbarung 8<\/figcaption><\/figure>\r\n<!-- \/wp:audio -->\r\n\r\n<!-- wp:audio {\"id\":4099} -->\r\n<figure class=\"wp-block-audio\"><audio src=\"https:\/\/matthiasruf.files.wordpress.com\/2022\/02\/offenbarung-9.mp3\" controls=\"controls\"><\/audio><figcaption>Offenbarung 9<\/figcaption><\/figure>\r\n<!-- \/wp:audio -->\r\n\r\n<!-- wp:audio {\"id\":4111} -->\r\n<figure class=\"wp-block-audio\"><audio src=\"https:\/\/matthiasruf.files.wordpress.com\/2022\/02\/offenbarung-10.mp3\" controls=\"controls\"><\/audio><figcaption>Offenbarung 10<\/figcaption><\/figure>\r\n<!-- \/wp:audio -->\r\n\r\n<!-- wp:audio {\"id\":4113} -->\r\n<figure class=\"wp-block-audio\"><audio src=\"https:\/\/matthiasruf.files.wordpress.com\/2022\/02\/offenbarung-11.mp3\" controls=\"controls\"><\/audio><figcaption>Offenbarung 11<\/figcaption><\/figure>\r\n<!-- \/wp:audio -->\r\n\r\n<!-- wp:audio {\"id\":3299} -->\r\n<figure class=\"wp-block-audio\"><audio src=\"https:\/\/matthiasruf.files.wordpress.com\/2021\/01\/offenbarung-12.mp3\" controls=\"controls\"><\/audio><figcaption>Offenbarung 12<\/figcaption><\/figure>\r\n<!-- \/wp:audio -->\r\n\r\n<!-- wp:audio {\"id\":3309} -->\r\n<figure class=\"wp-block-audio\"><audio src=\"https:\/\/matthiasruf.files.wordpress.com\/2021\/01\/offenbarung-13.mp3\" controls=\"controls\"><\/audio><figcaption>Offenbarung 13<\/figcaption><\/figure>\r\n<!-- \/wp:audio -->\r\n\r\n<!-- wp:audio {\"id\":3319} -->\r\n<figure class=\"wp-block-audio\"><audio src=\"https:\/\/matthiasruf.files.wordpress.com\/2021\/01\/offenbarung-14.mp3\" controls=\"controls\"><\/audio><figcaption>Offenbarung 14<\/figcaption><\/figure>\r\n<!-- \/wp:audio -->\r\n\r\n<!-- wp:audio {\"id\":4019} -->\r\n<figure class=\"wp-block-audio\"><audio src=\"https:\/\/matthiasruf.files.wordpress.com\/2022\/02\/offenbarung-15.mp3\" controls=\"controls\"><\/audio><figcaption>Offenbarung 15<\/figcaption><\/figure>\r\n<!-- \/wp:audio -->\r\n\r\n<!-- wp:audio {\"id\":3337} -->\r\n<figure class=\"wp-block-audio\"><audio src=\"https:\/\/matthiasruf.files.wordpress.com\/2021\/01\/offenbarung-16.mp3\" controls=\"controls\"><\/audio><figcaption>Offenbarung 16<\/figcaption><\/figure>\r\n<!-- \/wp:audio -->\r\n\r\n<!-- wp:audio {\"id\":3325} -->\r\n<figure class=\"wp-block-audio\"><audio src=\"https:\/\/matthiasruf.files.wordpress.com\/2021\/01\/offenbarung-17.mp3\" controls=\"controls\"><\/audio><figcaption>Offenbarung 17<\/figcaption><\/figure>\r\n<!-- \/wp:audio -->\r\n\r\n<!-- wp:audio {\"id\":3724} -->\r\n<figure class=\"wp-block-audio\"><audio src=\"https:\/\/matthiasruf.files.wordpress.com\/2021\/06\/offenbarung18.mp3\" controls=\"controls\"><\/audio><figcaption>Offenbarung 18<\/figcaption><\/figure>\r\n<!-- \/wp:audio -->\r\n\r\n<!-- wp:audio {\"id\":4009} -->\r\n<figure class=\"wp-block-audio\"><audio src=\"https:\/\/matthiasruf.files.wordpress.com\/2022\/02\/offenbarung-19.mp3\" controls=\"controls\"><\/audio><figcaption>Offenbarung 19<\/figcaption><\/figure>\r\n<!-- \/wp:audio -->","protected":false},"excerpt":{"rendered":"<p>Das Johannnesevangelium H\u00f6rbuch Die drei Briefe des Johannes H\u00f6rbuch 24 ausgew\u00e4hlte Psalmen Du sollst nicht richten? Reformationstag und Halloween Drangsal in Not Auf dem Weg nach Emmaus Prophezeites Wort Das vierte Evangelium Advent, Advent Die geheimnisvolle H\u00fctte Dreieinigkeit Zahlen in der Bibel Offenbarung Einf\u00fchrung Offenbarung 1 Offenbarung 2 Offenbarung 3 Offenbarung 4 Offenbarung 5 Offenbarung [&hellip;]<\/p>\n","protected":false},"author":2,"featured_media":0,"parent":0,"menu_order":0,"comment_status":"closed","ping_status":"closed","template":"","meta":{"footnotes":""},"class_list":["post-860","page","type-page","status-publish","hentry"],"_links":{"self":[{"href":"https:\/\/jonathanfischer.de\/index.php?rest_route=\/wp\/v2\/pages\/860","targetHints":{"allow":["GET"]}}],"collection":[{"href":"https:\/\/jonathanfischer.de\/index.php?rest_route=\/wp\/v2\/pages"}],"about":[{"href":"https:\/\/jonathanfischer.de\/index.php?rest_route=\/wp\/v2\/types\/page"}],"author":[{"embeddable":true,"href":"https:\/\/jonathanfischer.de\/index.php?rest_route=\/wp\/v2\/users\/2"}],"replies":[{"embeddable":true,"href":"https:\/\/jonathanfischer.de\/index.php?rest_route=%2Fwp%2Fv2%2Fcomments&post=860"}],"version-history":[{"count":61,"href":"https:\/\/jonathanfischer.de\/index.php?rest_route=\/wp\/v2\/pages\/860\/revisions"}],"predecessor-version":[{"id":1526,"href":"https:\/\/jonathanfischer.de\/index.php?rest_route=\/wp\/v2\/pages\/860\/revisions\/1526"}],"wp:attachment":[{"href":"https:\/\/jonathanfischer.de\/index.php?rest_route=%2Fwp%2Fv2%2Fmedia&parent=860"}],"curies":[{"name":"wp","href":"https:\/\/api.w.org\/{rel}","templated":true}]}}