{"id":82,"date":"2012-04-14T12:14:18","date_gmt":"2012-04-14T12:14:18","guid":{"rendered":"http:\/\/jonathanfischer.de\/?page_id=82"},"modified":"2021-10-07T16:00:25","modified_gmt":"2021-10-07T16:00:25","slug":"bildung","status":"publish","type":"page","link":"https:\/\/jonathanfischer.de\/?page_id=82","title":{"rendered":"Bildung"},"content":{"rendered":"<p>In unserem Zeitalter der Informationsgesellschaft verdoppelt sich das Wissen angeblich alle 5-10 Jahre. Mittlerweile muss man nicht mehr in die Bibliothek gehen und haufenweise B\u00fccher w\u00e4lzen, um eine schwierige Frage beantwortet zu bekommen oder ein Problem zu l\u00f6sen. Der Anschluss ans WeltWeiteWeb macht fast alles von zuhause aus m\u00f6glich, und moderne Mobilfunktechnologie erm\u00f6glicht von fast jedem Platz der Erde den Zugriff auf eine unglaublich gro\u00dfe Menge an Daten. Dabei ist ein gewisses Ma\u00df an Vorsicht geboten, denn nicht alles was z.B. in Wikipedia steht muss unbedingt der Wahrheit entsprechen.<br \/>\nZudem sorgen Zeitung, Radio und Fernsehen f\u00fcr enorme Reiz\u00fcberflutungen, die uns f\u00fcr bestimmte Dinge blind und taub machen, gerade wenn wir diese klassischen Medien nicht weise einsetzen.<br \/>\nBereits im Alten Rom erkannten die Senatoren, dass ein dummes Volk sich leicht regieren l\u00e4sst. Unsere Europa treue, Geld vermehrende Bundesdienerin Angela Merkel hat im Wahlkampf den Wohlstand f\u00fcr alle ausgerufen, was heute und morgen hei\u00dfen soll:<br \/>\nBildung f\u00fcr alle!<\/p>\n<p>Nun teile ich nicht unbedingt die \u00dcberzeugung, dass wir die Kraft zur Bildungsrepublik Deutschland haben, trotzdem bringe ich in Zukunft weiter mein Talent ein, um f\u00fcr mehr Weisheit und Erkenntnis bei Verst\u00e4ndigen zu sorgen.<\/p>\n<p>Darum habe ich an meinem 44. Geburtstag die Themenrubrik\u00a0<em>Bildung<\/em>\u00a0ins Leben gerufen.<\/p>\n<p>Einen besonderen Augenmerk werde ich zun\u00e4chst auf die Stiftsh\u00fctte werfen, denn sie ist ein Abbild und eine Vorschattung der himmlischen Dinge. So lehrt der Bauplan des irdischen Tempels Gott besser zu verstehen.<\/p>\n<p>Meine Erl\u00e4uterungen d\u00fcrften sich also weiterhin um das Buch der B\u00fccher \u2013 die Bibel &#8211; drehen, in der Hoffnung und der Zuversicht, dass sich diese Jahrtausende alten Worte \u00fcber unser Informationszeitalter erf\u00fcllen:<\/p>\n<p><em>\u201eUnd du Daniel verschlie\u00dfe die Worte und versiegle das Buch bis zur Zeit des Endes. Viele werden suchend umherstreifen, und die Erkenntnis wird sich mehren.\u201c<\/em><\/p>\n<p>Wie es nicht sein soll, verk\u00fcndigte der Prophet Hosea in Israel vor 27 Jahrhunderten:<\/p>\n<p><em><br \/>\n\u201eMein Volk geht zugrunde aus Mangel an Erkenntnis. Weil ihr die Erkenntnis verworfen habt, will auch ich euch verwerfen, dass ihr nicht mehr Priester seid. Ihr habt das Gesetz eures Gottes vergessen, darum will auch ich eure Kinder vergessen.\u201c<\/em><\/p>\n<p>&nbsp;<\/p>\n","protected":false},"excerpt":{"rendered":"<p>In unserem Zeitalter der Informationsgesellschaft verdoppelt sich das Wissen angeblich alle 5-10 Jahre. Mittlerweile muss man nicht mehr in die Bibliothek gehen und haufenweise B\u00fccher w\u00e4lzen, um eine schwierige Frage beantwortet zu bekommen oder ein Problem zu l\u00f6sen. Der Anschluss ans WeltWeiteWeb macht fast alles von zuhause aus m\u00f6glich, und moderne Mobilfunktechnologie erm\u00f6glicht von fast [&hellip;]<\/p>\n","protected":false},"author":2,"featured_media":0,"parent":0,"menu_order":4,"comment_status":"open","ping_status":"closed","template":"","meta":{"footnotes":""},"class_list":["post-82","page","type-page","status-publish","hentry"],"_links":{"self":[{"href":"https:\/\/jonathanfischer.de\/index.php?rest_route=\/wp\/v2\/pages\/82","targetHints":{"allow":["GET"]}}],"collection":[{"href":"https:\/\/jonathanfischer.de\/index.php?rest_route=\/wp\/v2\/pages"}],"about":[{"href":"https:\/\/jonathanfischer.de\/index.php?rest_route=\/wp\/v2\/types\/page"}],"author":[{"embeddable":true,"href":"https:\/\/jonathanfischer.de\/index.php?rest_route=\/wp\/v2\/users\/2"}],"replies":[{"embeddable":true,"href":"https:\/\/jonathanfischer.de\/index.php?rest_route=%2Fwp%2Fv2%2Fcomments&post=82"}],"version-history":[{"count":1,"href":"https:\/\/jonathanfischer.de\/index.php?rest_route=\/wp\/v2\/pages\/82\/revisions"}],"predecessor-version":[{"id":83,"href":"https:\/\/jonathanfischer.de\/index.php?rest_route=\/wp\/v2\/pages\/82\/revisions\/83"}],"wp:attachment":[{"href":"https:\/\/jonathanfischer.de\/index.php?rest_route=%2Fwp%2Fv2%2Fmedia&parent=82"}],"curies":[{"name":"wp","href":"https:\/\/api.w.org\/{rel}","templated":true}]}}