{"id":804,"date":"2020-10-11T17:02:46","date_gmt":"2020-10-11T17:02:46","guid":{"rendered":"http:\/\/jonathanfischer.de\/?page_id=804"},"modified":"2024-05-16T20:39:29","modified_gmt":"2024-05-16T20:39:29","slug":"verlorene-welt","status":"publish","type":"page","link":"https:\/\/jonathanfischer.de\/?page_id=804","title":{"rendered":"Verlorene Welt"},"content":{"rendered":"\r\n<p>Die Welt ist durchaus abscheulich und korrupt. Wir leben in einer verlorenen Welt. Wir sind das Salz der Erde und das Licht der Welt. So lautete gerade die&nbsp;<a href=\"https:\/\/www.youtube.com\/watch?v=o-EyyiWBRfg&amp;feature=youtu.be\">Park.Haus-Predigt<\/a>&nbsp;von dem Leiter der&nbsp;<a href=\"https:\/\/www.verfolgte-christen.org\/startseite\/\">Hilfsaktion M\u00e4rtyrerkirche<\/a>&nbsp;<a href=\"https:\/\/www.verfolgte-christen.org\/index.php?id=236\">Manfred M\u00fcller<\/a>&nbsp;im w\u00fcrttembergischen&nbsp;<a href=\"https:\/\/www.park-haus.de\/\">Christusbund Scharnhauser Park<\/a>. Weltweit werden hunderte Millionen Christen verfolgt. Jesus als Herrn bekennende Gl\u00e4ubige sterben heute noch den M\u00e4rtyrertod.<\/p>\r\n\r\n\r\n\r\n<p>Die zitierte Predigtstelle aus Matth\u00e4us 5, 13 ist: \u201eIhr seid das Salz der Erde, wenn aber das Salz der Erde kraftlos geworden ist, womit soll es gesalzen werden? Es taugt zu nichts mehr, als dass es hinausgeworfen und von den Menschen zertreten werde!\u201c<\/p>\r\n\r\n\r\n\r\n<p>Ein paar Minuten zuvor \u00fcberschlugen sich die Kirchen-Schlagzeilen in meinen Google News. Grauenhafte Ber\u00fchmtheit erlangt gerade die ein paar Kilometer n\u00f6rdlich von New Orleans gelegenen Saints Peter and Paul Church von Pearl River. Zwei Frauen und ein Mann haben sich am 30. September 2020 zum Ziel gemacht, den Altar der katholischen Kirche zu sch\u00e4nden. Dabei rechneten die Pornodarsteller nicht damit, dass sie sich sp\u00e4tnachts nicht nur selbst filmten. Ein verwunderter Zeuge wollte wissen, wieso noch das Licht in der Kirche leuchtete. Der katholische Priester im liturgischen Gewand am Altar l\u00f6st f\u00fcr gew\u00f6hnlich kein Entsetzen aus. In diesem Akt vergn\u00fcgte er sich jedoch halbnackt mit zwei Dominas. Zur Beweisf\u00fchrung wurden die sexuellen Handlungen durch die Kirchenfenster gefilmt und mit selbigem Smartphone die Polizei herbeigerufen. Erregung \u00f6ffentlichen \u00c4rgernisses nennt sich die triebhafte Straftat, bei der kein k\u00f6rperlicher Schaden zugef\u00fcgt wurde. Es sei denn, zwei Sadomaso-Korsett-Tr\u00e4gerinnen h\u00e4tten Hochw\u00fcrden in ihren hohen Lackstiefeln mit F\u00fc\u00dfen getreten oder mit den mitgebrachten Spielzeugen sonst wie Schmerzen zugef\u00fcgt. Der Erzbischof Gregory Aymond ordnete nach den d\u00e4monischen Handlungen die Verbrennung des Altars und Verbannung des Kaplans Travis Clark an. Hexen haben das Feuer heutzutage weniger zu f\u00fcrchten. Mindy Dixon und Melissa Cheng drohen Geldstrafen und bis zu drei Jahre Haft.<\/p>\r\n\r\n\r\n\r\n<p>Um auf den Kommentar von&nbsp;<a href=\"https:\/\/matthiasruf.blog\/okkultismus\/kindesmissbrauch-und-okkultismus\/\">Kindesmissbrauch und Okkultismus<\/a>&nbsp;zur\u00fcckzukommen. Parallelen sind bei den schauerlichen Vorg\u00e4ngen in Australien durch einen anderen Geistlichen, dem abnormale sexuelle Vorlieben vorgeworfen werden, erkennbar. Im Jahr 2019 bekam Georg Kardinal Pell sechs Jahre Haft und einen Eintrag in das Register f\u00fcr Sexualstraft\u00e4ter. Anstelle weiter im Kerker in Down Under zu sitzen, fliegt der von missbrauchten Ministranten verklagte H\u00fcter katholischer Kongregationen auf den Vatikanischen H\u00fcgel. Am sicheren Hort des Heiligen Stuhls trifft der unabk\u00f6mmliche Pr\u00e4fekt des Wirtschaftssekretariats nach seinem Freispruch und Krankheitstest aktuell wieder auf Franziskus, den Jesuiten-Papst.<\/p>\r\n\r\n\r\n\r\n<p>Sind Ritualmorde durch satanische Kreise M\u00e4rchen bzw. Fabeln, oder nicht? Zwei Lebenszeugnisse von k\u00e4mpferischen, unbeugsamen Frauen berichten von einer anderen Wirklichkeit. Zur vertiefenden Meinungsbildung gibt es \u00fcber das Candy Girl Fiona Barnett eine zweiteilige, englischsprachige Dokumentation:<\/p>\r\n\r\n\r\n\r\n<figure class=\"wp-block-embed is-type-video is-provider-youtube wp-block-embed-youtube wp-embed-aspect-4-3 wp-has-aspect-ratio\"><div class=\"wp-block-embed__wrapper\">\r\n<iframe loading=\"lazy\" title=\"Fiona Barnett Candy Girl Documentary Part 1 of 2 \/ Satanic Ritual Abuse\" width=\"629\" height=\"472\" src=\"https:\/\/www.youtube.com\/embed\/1Q3yH9EIPfs?feature=oembed\" frameborder=\"0\" allow=\"accelerometer; autoplay; clipboard-write; encrypted-media; gyroscope; picture-in-picture; web-share\" referrerpolicy=\"strict-origin-when-cross-origin\" allowfullscreen><\/iframe>\r\n<\/div><\/figure>\r\n\r\n\r\n\r\n<figure class=\"wp-block-embed is-type-video is-provider-youtube wp-block-embed-youtube wp-embed-aspect-4-3 wp-has-aspect-ratio\"><div class=\"wp-block-embed__wrapper\">\r\n<iframe loading=\"lazy\" title=\"Fiona Barnett Candy Girl Documentary Part 2 of 2 \/ Satanic Ritual Abuse\" width=\"629\" height=\"472\" src=\"https:\/\/www.youtube.com\/embed\/soZpqrCji5c?feature=oembed\" frameborder=\"0\" allow=\"accelerometer; autoplay; clipboard-write; encrypted-media; gyroscope; picture-in-picture; web-share\" referrerpolicy=\"strict-origin-when-cross-origin\" allowfullscreen><\/iframe>\r\n<\/div><\/figure>\r\n\r\n\r\n\r\n<p>Folgender Bericht aus dem Schweizer Fernsehen \u00fcber Christina Kr\u00fcsi beinhaltet ihre furchtbare Erinnerungen mit Satanisten auf dem Urwald-Friedhof in Bolivien (Minute 36):<\/p>\r\n\r\n\r\n\r\n<p><em>Ein Mann sagte, du bist auserw\u00e4hlt, schau gut hin. Auf einem Baumstrunk lag ein regloses Kind. Im Kerzenschein blitzte ein Messer auf. Dann bildeten die M\u00e4nner einen Kreis um das Kind. Ich h\u00f6rte ein Murmeln und ein Fl\u00fcstern. Ein Mann gab mir eine Schale. Trink befahl er. Ich musste einen Brechreiz unterdr\u00fccken als ich merkte, dass es Blut war. Ihr als Auserw\u00e4hlte habt das echte Abendmahl getrunken. Niemand darf es wissen. Sonst geht es euch wie diesem Kind, und andere werden euer Blut trinken.<\/em><\/p>\r\n\r\n\r\n\r\n<figure class=\"wp-block-embed is-type-video is-provider-youtube wp-block-embed-youtube wp-embed-aspect-16-9 wp-has-aspect-ratio\"><div class=\"wp-block-embed__wrapper\">\r\n<iframe loading=\"lazy\" title=\"Christina Kr\u00fcsi \u2013 Missbraucht im Namen Gottes | Doku | SRF Dok\" width=\"629\" height=\"354\" src=\"https:\/\/www.youtube.com\/embed\/IAvfRy7j4jI?feature=oembed\" frameborder=\"0\" allow=\"accelerometer; autoplay; clipboard-write; encrypted-media; gyroscope; picture-in-picture; web-share\" referrerpolicy=\"strict-origin-when-cross-origin\" allowfullscreen><\/iframe>\r\n<\/div><\/figure>\r\n\r\n\r\n\r\n<p>\u2014<\/p>\r\n\r\n\r\n\r\n<p>Vorausgegangener Kommentar von Elisabeth Sch\u00e4tzle:<\/p>\r\n\r\n\r\n\r\n<p>Als Belege f\u00fcr Okkultismus und Kindesmissbrauch m\u00f6chte ich die Lebenszeugnisse zweier k\u00e4mpferischen, unbeugsamen Frauen anf\u00fchren. Christina Kr\u00fcsi beschreibt gut nachvollziehbar in dem Buch \u201eDas Paradies war meine H\u00f6lle\u201c welche gro\u00dfe Schmerzen Kinderseelen durch sexuellen Missbrauch angetan werden. Selbst f\u00fcrsorgende, christliche Eltern wollten nicht begreifen, dass engste Freunde der Missionare zu solchen scheu\u00dflichen Taten f\u00e4hig sind. Um ihrem Arbeitgeber und Missionswerk nicht Schaden zuzuf\u00fcgen, ist der Wunsch verst\u00e4ndlich, nicht alles an die \u00d6ffentlichkeit zu tragen. \u00c4u\u00dferst bemerkenswert an dem Fall ist die starke Pers\u00f6nlichkeit von Christina Kr\u00fcsi und die Anzeichen eines verabredeten Treffens von Satanisten an Halloween im bolivianischen Urwald. Auffallend ist zudem das k\u00fcnstlerisches Talent der Schweizerin, da durch das Malen von Bildern, ein heilsames Verarbeiten der Kindesmisshandlungen geschah.<\/p>\r\n\r\n\r\n\r\n<p>Im Beispiel von Fiona Barnett aus Australien finden sich ebenso therapeutische Zeichnungen \u00fcber die Vergangenheit wieder. Eine weitere malende Kinderseele l\u00e4sst sich von ihren Peinigern nicht beugen und zeigt die b\u00f6sen Praktiken von Teufelskreisen auf. In ihrer Webseite erl\u00e4utert das vielfache Vergewaltigungsopfer, wie das MK-Ultra Programm von Michael Aquino angewendet wurde, um sie willenlos zu machen. Es wurde damit herum experimentiert, ihre Pers\u00f6nlichkeit zu spalten. Typisch bei der Verarbeitung von rituellem, sexuellem Missbrauch ist, dass die Opfer das Erlebte einer anderen Person in ihrer Psyche zuordnen, damit unfassbare Erinnerungen verdr\u00e4ngt werden. T\u00e4ter versuchen diese unwirkliche, willenlose Person mit anderem Namen anzusprechen. Somit wird das gef\u00fcgige Kind weiter ausgebeutet. Nach Auswirkungen von paranoider Schizophrenie klingt, wenn das entf\u00fchrte Candy Girl prominente Namen nennt, die den Atem zum stocken bringen. Unvorstellbar sind Pr\u00e4sident oder religi\u00f6ser F\u00fchrer als Kindervergewaltiger. Zudem h\u00e4tte der Vater einer Hollywoodschauspielerin sie erfolglos versucht umzuprogrammieren, dann wegen ihrer Missbrauchsvorw\u00fcrfen von Australien fliehen m\u00fcssen und sei letztendlich von seinem Satanskult umgebracht worden. Unertr\u00e4glich sind die detaillierten Schilderungen von blutigen Kinderopfern, der sich zum Christentum bekennenden Fiona Barnett. Macht besessene, heuchlerische, Blut trinkende W\u00fcrdentr\u00e4ger h\u00e4tten ihre zum Gottesdienst geweihten R\u00e4umen f\u00fcr geheime, teuflische Rituale zur Verf\u00fcgung gestellt. Sollten Horrorfilme Wirklichkeit geworden sein?<\/p>\r\n\r\n\r\n\r\n<p>M\u00f6ge die Welt nicht tats\u00e4chlich so abscheulich und korrupt sein.<\/p>\r\n\r\n\r\n\r\n<p><\/p>\r\n\r\n\r\n\r\n<hr class=\"wp-block-separator\" \/>\r\n\r\n\r\n\r\n<p><\/p>\r\n\r\n","protected":false},"excerpt":{"rendered":"<p>Die Welt ist durchaus abscheulich und korrupt. Wir leben in einer verlorenen Welt. Wir sind das Salz der Erde und das Licht der Welt. So lautete gerade die&nbsp;Park.Haus-Predigt&nbsp;von dem Leiter der&nbsp;Hilfsaktion M\u00e4rtyrerkirche&nbsp;Manfred M\u00fcller&nbsp;im w\u00fcrttembergischen&nbsp;Christusbund Scharnhauser Park. Weltweit werden hunderte Millionen Christen verfolgt. Jesus als Herrn bekennende Gl\u00e4ubige sterben heute noch den M\u00e4rtyrertod. Die zitierte Predigtstelle [&hellip;]<\/p>\n","protected":false},"author":2,"featured_media":0,"parent":37,"menu_order":64,"comment_status":"open","ping_status":"closed","template":"","meta":{"footnotes":""},"class_list":["post-804","page","type-page","status-publish","hentry"],"_links":{"self":[{"href":"https:\/\/jonathanfischer.de\/index.php?rest_route=\/wp\/v2\/pages\/804","targetHints":{"allow":["GET"]}}],"collection":[{"href":"https:\/\/jonathanfischer.de\/index.php?rest_route=\/wp\/v2\/pages"}],"about":[{"href":"https:\/\/jonathanfischer.de\/index.php?rest_route=\/wp\/v2\/types\/page"}],"author":[{"embeddable":true,"href":"https:\/\/jonathanfischer.de\/index.php?rest_route=\/wp\/v2\/users\/2"}],"replies":[{"embeddable":true,"href":"https:\/\/jonathanfischer.de\/index.php?rest_route=%2Fwp%2Fv2%2Fcomments&post=804"}],"version-history":[{"count":4,"href":"https:\/\/jonathanfischer.de\/index.php?rest_route=\/wp\/v2\/pages\/804\/revisions"}],"predecessor-version":[{"id":807,"href":"https:\/\/jonathanfischer.de\/index.php?rest_route=\/wp\/v2\/pages\/804\/revisions\/807"}],"up":[{"embeddable":true,"href":"https:\/\/jonathanfischer.de\/index.php?rest_route=\/wp\/v2\/pages\/37"}],"wp:attachment":[{"href":"https:\/\/jonathanfischer.de\/index.php?rest_route=%2Fwp%2Fv2%2Fmedia&parent=804"}],"curies":[{"name":"wp","href":"https:\/\/api.w.org\/{rel}","templated":true}]}}