{"id":783,"date":"2020-10-01T12:36:34","date_gmt":"2020-10-01T12:36:34","guid":{"rendered":"http:\/\/jonathanfischer.de\/?page_id=783"},"modified":"2021-01-10T12:54:09","modified_gmt":"2021-01-10T12:54:09","slug":"prophezeites-wort","status":"publish","type":"page","link":"https:\/\/jonathanfischer.de\/?page_id=783","title":{"rendered":"Prophezeites Wort"},"content":{"rendered":"<p>Im Anfang war das Wort, und das Wort war bei Gott, und das Wort war Gott. Dieses war im Anfang bei Gott.\u00a0Alles ward durch dasselbe, und ohne dasselbe ward auch nicht eines, das geworden ist. In ihm war Leben, und das Leben war das Licht der Menschen. Und das Licht scheint in der Finsternis, und die Finsternis hat es nicht erfasst.<\/p>\n<p>Im Anfang schuf Gott die Himmel und die Erde.<\/p>\n<p>Der Herr besa\u00df mich im Anfang seines Weges, vor seinen Werken von jeher. Ich war eingesetzt von Ewigkeit her, von Anbeginn, vor den Uranf\u00e4ngen der Erde.\u00a0Ich war geboren, als die Tiefen noch nicht waren, als noch keine Quellen waren, reich an Wasser.\u00a0Ehe die Berge eingesenkt wurden, vor den H\u00fcgeln war ich geboren,\u00a0als er die Erde und die Fluren noch nicht gemacht hatte, und den Beginn der Schollen des Erdkreises.\u00a0Als er die Himmel feststellte, war ich da, als er einen Kreis abma\u00df \u00fcber der Fl\u00e4che der Tiefe, als er die Wolken droben befestigte, als er Festigkeit gab den Quellen der Tiefe, als er dem Meere seine Schranken setzte, dass die Wasser seinen Befehl nicht \u00fcberschritten, als er die Grundfesten der Erde feststellte: da war ich Scho\u00dfkind bei ihm, und war Tag f\u00fcr Tag seine Wonne, vor ihm mich erg\u00f6tzend allezeit,\u00a0mich erg\u00f6tzend auf dem bewohnten Teile seiner Erde, und meine Wonne war bei den Menschenkindern.<\/p>\n<p>Wer ist hinaufgestiegen in den Himmel und herniedergefahren? Wer hat den Wind in seine F\u00e4uste gesammelt? Wer die Wasser in ein Tuch gebunden? Wer hat aufgerichtet alle Enden der Erde? Was ist sein Name, und was der Name seines Sohnes, wenn du es wei\u00dft?<\/p>\n<p>Horche, mein Volk, auf mein Gesetz! Neiget euer Ohr zu den Worten meines Mundes!\u00a0Ich will meinen Mund auftun zu einem Spruche, will R\u00e4tsel hervorstr\u00f6men lassen aus der Vorzeit.<\/p>\n<p>Was ist der Mensch, dass du seiner gedenkst, und das Menschenkind, dass du dich seiner annimmst? Du hast ihn ein wenig geringer gemacht als die Engel, mit Herrlichkeit und Pracht hast du ihn gekr\u00f6nt. Du hast ihn zum Herrscher gemacht \u00fcber die Werke deiner H\u00e4nde, alles hast du unter seine F\u00fc\u00dfe gestellt.<\/p>\n<p>Habe doch ich meinen K\u00f6nig gesalbt auf Zion, meinem heiligen Berge!\u00a0Vom Beschluss will ich erz\u00e4hlen: Der Herr hat zu mir gesprochen: Du bist mein Sohn, heute habe ich dich gezeugt. Fordere von mir, und ich will dir zum Erbteil geben die Nationen, und zum Besitztum die Enden der Erde.<\/p>\n<p>Und ich werde Feindschaft setzen zwischen dir und dem Weibe und zwischen deinem Samen und ihrem Samen. Er wird dir den Kopf zermalmen, und du, du wirst ihm die Ferse zermalmen.<\/p>\n<p>Und der Herr erschien dem Abram und sprach: Deinem Samen will ich dieses Land geben. Und er baute daselbst dem Herrn, der ihm erschienen war, einen Altar.<\/p>\n<p>Und der Herr sprach: F\u00fcrwahr, Sara, dein Weib, wird dir einen Sohn geb\u00e4ren, und du sollst ihm den Namen Isaak geben. Ich werde meinen Bund mit ihm einrichten zu einem ewigen Bunde f\u00fcr seinen Samen nach ihm.<\/p>\n<p>Halte dich auf in diesem Lande, und ich werde mit dir sein und dich segnen, denn dir und deinem Samen werde ich alle diese L\u00e4nder geben, und ich werde den Eid aufrecht halten, den ich deinem Vater Abraham geschworen habe.\u00a0Und ich werde deinen Samen mehren wie die Sterne des Himmels und deinem Samen alle diese L\u00e4nder geben. Und in deinem Samen werden sich segnen alle Nationen der Erde, darum dass Abraham meiner Stimme gehorcht und beobachtet hat meine Vorschriften, meine Gebote, meine Satzungen und meine Gesetze.<\/p>\n<p>Ich sehe ihn, aber nicht jetzt, ich schaue ihn, aber nicht nahe. Es tritt hervor ein Stern aus Jakob, und ein Zepter erhebt sich aus Israel und zerschl\u00e4gt die Seiten Moabs und zerschmettert alle S\u00f6hne des Get\u00fcmmels.<\/p>\n<p>Und du, Bethlehem, Ephrata, zu klein, um unter den Tausenden von Juda zu sein, aus dir wird mir hervorkommen, der Herrscher \u00fcber Israel sein soll. Und seine Ausg\u00e4nge sind von der Urzeit, von den Tagen der Ewigkeit her.<\/p>\n<p>Der Herr hat dem David geschworen in Wahrheit, er wird nicht davon abweichen: Von der Frucht deines Leibes will ich auf deinen Thron setzen.<\/p>\n<p>Siehe, Tage kommen, spricht der Herr, da ich dem David einen gerechten Spro\u00df erwecken werde. Er wird als K\u00f6nig regieren und verst\u00e4ndig handeln, und Recht und Gerechtigkeit \u00fcben im Lande. In seinen Tagen wird Juda gerettet werden und Israel in Sicherheit wohnen, und dies wird sein Name sein mit dem man ihn nennen wird: Der Herr ist unsere Gerechtigkeit.<\/p>\n<p>Und ich werde einen Hirten \u00fcber sie erwecken, und er wird sie weiden \u2013 meinen Knecht David. Der wird sie weiden, und der wird ihr Hirt sein. Und ich, der Herr, werde ihr Gott sein, und mein Knecht David wird F\u00fcrst sein in ihrer Mitte. Ich, der Herr, habe geredet.<\/p>\n<p>Und sprich zu ihm und sage: So spricht der Herr der Heerscharen und sagt: Siehe, ein Mann, sein Name ist Spro\u00df. Er wird von seiner Stelle aufsprossen und den Tempel des Herrn bauen. Ja, er wird den Tempel des Herrn bauen. Er wird Herrlichkeit tragen. Er wird auf seinem Thron sitzen und herrschen. Er wird Priester sein auf seinem Thron, und der Rat des Friedens wird zwischen ihnen beiden sein.<\/p>\n<p>Einen Bund habe ich mit meinem Auserw\u00e4hlten gemacht, habe David, meinem Knechte, geschworen: Bis in Ewigkeit will ich feststellen deinen Samen, und auf alle Geschlechter hin bauen deinen Thron.<\/p>\n<p>Darum wird der Herr selbst euch ein Zeichen geben: Siehe, die Jungfrau wird schwanger werden und einen Sohn geb\u00e4ren, und wird seinen Namen Immanuel hei\u00dfen.<\/p>\n<p>Denn ein Kind ist uns geboren, ein Sohn uns gegeben, und die Herrschaft ruht auf seiner Schulter, und man nennt seinen Namen: Wunderbarer Ratgeber, starker Gott, Vater der Ewigkeit, Friedef\u00fcrst.<\/p>\n<p>Nicht weichen wird das Zepter von Juda, noch der Herrscherstab zwischen seinen F\u00fc\u00dfen hinweg, bis Schilo kommt, und ihm werden die V\u00f6lker gehorchen.<\/p>\n<p>Einen Propheten aus deiner Mitte, aus deinen Br\u00fcdern, gleich mir, wird der Herr, dein Gott, dir erwecken, auf ihn sollt ihr h\u00f6ren.<\/p>\n<p>Als Israel jung war, da liebte ich es, und aus \u00c4gypten habe ich meinen Sohn gerufen.<\/p>\n<p>Sieh, das ist mein Knecht, auf den ich mich verlassen kann, mein Auserw\u00e4hlter, an welchem meine Seele Wohlgefallen hat. Ich habe meinen Geist auf ihn gelegt, er wird das Recht zu den Nationen hinaustragen. Er wird nicht schreien und kein Aufheben machen, noch seine Stimme auf den Gassen h\u00f6ren lassen. Das geknickte Rohr wird er nicht zerbrechen, und den glimmenden Docht wird er nicht ausl\u00f6schen. In Wahrheit bringt er das Recht hinaus.<\/p>\n<p>Frohlocke laut, Tochter Zion, jauchze, Tochter Jerusalem! Siehe, dein K\u00f6nig wird zu dir kommen: Gerecht und ein Retter ist er, dem\u00fctig, und auf einem Esel reitend, und zwar auf einem F\u00fcllen, einem Jungen der Eselin.<\/p>\n<p>Siehe, ich sende meinen Boten, dass er den Weg bereite vor mir her. Und pl\u00f6tzlich wird zu seinem Tempel kommen der Herr, den ihr suchet, und der Engel des Bundes, den ihr begehret: Siehe, er kommt, spricht der Herr der Heerscharen.<\/p>\n<p>Da sprach ich: Siehe ich komme. In der Rolle des Buches steht von mir geschrieben. Dein Wohlgefallen zu tun, mein Gott, ist meine Lust. Dein Gesetz ist im Innern meines Herzens.<\/p>\n<p>Und ein Reis wird hervorgehen aus dem Stumpfe Isais, und ein Sch\u00f6ssling aus seinen Wurzeln wird Frucht bringen.<sup>\u00a0<\/sup>Und auf ihm wird ruhen der Geist des Herrn, der Geist der Weisheit und des Verstandes, der Geist des Rates und der Kraft, der Geist der Erkenntnis und Furcht des Herrn.<\/p>\n<p>Der Geist Gottes, des Herrn, ist auf mir, weil der Herr mich gesalbt hat, um den Sanftm\u00fctigen frohe Botschaft zu bringen, weil er mich gesandt hat, um zu verbinden, die zerbrochenen Herzens sind, Freiheit auszurufen den Gefangenen, und \u00d6ffnung des Kerkers den Gebundenen,<sup>\u00a0<\/sup>um auszurufen das Jahr der Annehmung des Herrn und den Tag der Rache unseres Gottes und zu tr\u00f6sten alle Trauernden, den Trauernden Zions aufzusetzen und ihnen zu geben Kopfschmuck statt Asche, Freuden\u00f6l statt Trauer, ein Ruhmesgewand statt eines verzagten Geistes, damit sie genannt werden Terebinthen der Gerechtigkeit, eine Pflanzung des Herrn, zu seiner Verherrlichung.<\/p>\n<p>Saget den verzagten Herzen: Seid tapfer und f\u00fcrchtet euch nicht! Sehet, da ist euer Gott! Die Rache kommt, die Vergeltung Gottes. Er selbst kommt und wird euch retten! Alsdann werden der Blinden Augen aufgetan und der Tauben Ohren ge\u00f6ffnet werden, alsdann wird der Lahme h\u00fcpfen wie ein Hirsch und der Stummen Zunge lobsingen, denn es werden Wasser in der W\u00fcste entspringen und Str\u00f6me in der Ein\u00f6de.<\/p>\n<p>Stimme eines Rufenden, in der W\u00fcste bahnt den Weg des Herrn. Ebnet in der Steppe eine Stra\u00dfe f\u00fcr unseren Gott. Jedes Tal soll erh\u00f6ht und jeder Berg und H\u00fcgel erniedrigt werden. Und das H\u00f6ckerige soll zur Ebene werden und das H\u00fcgelige zur Niederung. Und die Herrlichkeit des Herrn wird sich offenbaren, und alles Fleisch miteinander wird es sehen, denn der Mund des Herrn hat geredet.<\/p>\n<p>Siehe, ich sende euch Elia, den Propheten, ehe der Tag des Herrn kommt, der gro\u00dfe und furchtbare Tag. Und er wird das Herz der V\u00e4ter zu den Kindern, und das Herz der Kinder zu ihren V\u00e4tern wenden, auf dass ich nicht komme und das Land mit einem Bann schlage.<\/p>\n<p>Und ich h\u00f6rte die Stimme des Herrn, welcher sprach: Wen soll ich senden, und wer wird f\u00fcr uns gehen? Da sprach ich: Hier bin ich, sende mich. Und er sprach: Geh hin und sprich zu dem Volke: H\u00f6rend h\u00f6ret, und verstehet nicht, und sehend sehet und erkennet nicht! Mache das Herz dieses Volkes fett, und mache seine Ohren schwer, und verklebe seine Augen, damit es mit seinen Augen nicht sehe und mit seinen Ohren nicht h\u00f6re und sein Herz nicht verstehe, und es nicht umkehre und geheilt werde.<\/p>\n<p>Doch nicht bleibt Finsternis dem Lande, das Bedr\u00e4ngnis hat. Wie die fr\u00fchere Zeit dem Land Sebulon und Naftali Schmach gebracht hat, so bringt die sp\u00e4tere zu Ehren den Weg am Meer, das Land jenseits des Jordan, den Kreis der Nationen. Das Volk, das im Finstern wandelt, hat ein gro\u00dfes Licht gesehen \u2013 die im Lande des Todesschattens wohnen, Licht hat \u00fcber sie geleuchtet.<\/p>\n<p>Und es wird geschehen an jenem Tage, der Wurzelspross Isais, der dasteht als Feldzeichen der V\u00f6lker, nach ihm werden die Nationen fragen, und seine Ruhest\u00e4tte wird Herrlichkeit sein. Und es wird geschehen an jenem Tage, da wird der Herr noch zum zweiten Male seine Hand ausstrecken, um den \u00dcberrest seines Volkes, der \u00fcbrigbleiben wird, loszukaufen aus Assyrien und \u00c4gypten, aus Patros und \u00c4thiopien, aus Elam, aus Schinar und Hamat und aus den Inseln des Meeres. Und er wird den Nationen ein Feldzeichen aufrichten und die Vertriebenen Israels zusammenbringen, und die Zerstreuten Judas wird er sammeln von den vier Enden der Erde.<\/p>\n<p>Schwert, erwache wider meinen Hirten und wider den Mann, der mein Genosse ist! Spricht der Herr der Heerscharen. Schlage den Hirten, und die Herde wird sich zerstreuen. Und ich werde meine Hand den Kleinen zuwenden.<\/p>\n<p>Wie Wasser bin ich hingesch\u00fcttet, und alle meine Gebeine haben sich zertrennt; wie Wachs ist geworden mein Herz, es ist zerschmolzen inmitten meiner Eingeweide. Meine Kraft ist vertrocknet wie eine Scherbe, und meine Zunge klebt an meinem Gaumen. In den Staub des Todes legst du mich. Denn Hunde haben mich umgeben, eine Rotte von \u00dcbelt\u00e4tern hat mich umzingelt. Sie haben meine H\u00e4nde und meine F\u00fc\u00dfe durchgraben. Alle meine Gebeine k\u00f6nnte ich z\u00e4hlen. Sie schauen und sehen mich an. Sie teilen meine Kleider unter sich, und \u00fcber mein Gewand werfen sie das Los.<\/p>\n<p>Und ich werde \u00fcber das Haus Davids und \u00fcber die Bewohner von Jerusalem den Geist der Gnade und des Flehens ausgie\u00dfen. Und sie werden auf mich blicken, den sie durchbohrt haben, und werden \u00fcber ihn wehklagen gleich der Wehklage \u00fcber den Eingeborenen, und bitterlich \u00fcber ihn leidtragen, wie man bitterlich \u00fcber den Erstgeborenen leidtr\u00e4gt.<\/p>\n<p>Wer hat unserer Verk\u00fcndigung geglaubt, und wem ist der Arm des Herrn offenbar geworden?<sup>\u00a0<\/sup>Und er ist wie ein Reis vor ihm aufgeschossen, und wie ein Wurzelspross aus d\u00fcrrem Erdreich. Er hatte keine Gestalt und keine Pracht, und als wir ihn sahen, da hatte er kein Ansehen, dass wir seiner begehrt h\u00e4tten. Er war verachtet und verlassen von den Menschen, ein Mann der Schmerzen und mit Leiden vertraut, und wie einer, vor dem man das Angesicht verbirgt. Er war verachtet, und wir haben ihn f\u00fcr nichts geachtet.<sup>\u00a0<\/sup>F\u00fcrwahr, er hat unsere Leiden getragen, und unsere Schmerzen hat er auf sich geladen. Und wir, wir hielten ihn f\u00fcr bestraft, von Gott geschlagen und niedergebeugt. Doch um unserer \u00dcbertretungen willen war er verwundet, um unserer Missetaten willen zerschlagen. Die Strafe zu unserem Frieden lag auf ihm, und durch seine Striemen ist uns Heilung geworden.<sup>\u00a0<\/sup>Wir alle irrten umher wie Schafe, wir wandten uns ein jeder auf seinen Weg, und der Herr hat ihn treffen lassen unser aller Ungerechtigkeit. Er wurde misshandelt, aber er beugte sich und tat seinen Mund nicht auf, gleich dem Lamme, welches zur Schlachtung gef\u00fchrt wird, und wie ein Schaf, das stumm ist vor seinen Scherern, und er tat seinen Mund nicht auf. Er ist hinweggenommen worden aus der Angst und aus dem Gericht. Und wer wird sein Geschlecht aussprechen? Denn er wurde abgeschnitten aus dem Lande der Lebendigen: wegen der \u00dcbertretung meines Volkes hat ihn Strafe getroffen. Und man hat sein Grab bei Gesetzlosen bestimmt, aber bei einem Reichen ist er gewesen in seinem Tode, weil er kein Unrecht begangen hat und kein Trug in seinem Munde gewesen ist. Doch dem Herrn gefiel es, ihn zu zerschlagen, er hat ihn leiden lassen. Wenn seine Seele das Schuldopfer gestellt haben wird, so wird er Samen sehen, er wird seine Tage verl\u00e4ngern, und das Wohlgefallen des Herrn wird in seiner Hand gedeihen. Von der M\u00fchsal seiner Seele wird er Frucht sehen und sich s\u00e4ttigen. Durch seine Erkenntnis wird mein gerechter Knecht die Vielen zur Gerechtigkeit weisen, und ihre Missetaten wird er auf sich laden. Darum werde ich ihm die Gro\u00dfen zuteil geben, und mit Gewaltigen wird er die Beute teilen. Daf\u00fcr, dass er seine Seele ausgesch\u00fcttet hat in den Tod und den \u00dcbertretern beigez\u00e4hlt worden ist. Er aber hat die S\u00fcnde vieler getragen und f\u00fcr die \u00dcbertreter F\u00fcrbitte getan.<\/p>\n<p>Ich bot meinen R\u00fccken den Schlagenden und meine Wangen den Raufenden, mein Angesicht verbarg ich nicht vor Schmach und Speichel.<\/p>\n<p>Und ich, ich bin ihnen zum Hohn geworden, wenn sie mich sehen, sch\u00fctteln sie ihren Kopf.<\/p>\n<p>Denn deinetwegen trage ich Hohn, hat Schande bedeckt mein Antlitz.\u00a0Entfremdet bin ich meinen Br\u00fcdern, und ein Fremdling geworden den S\u00f6hnen meiner Mutter.\u00a0Denn der Eifer um dein Haus hat mich verzehrt, und die Schm\u00e4hungen derer, die dich schm\u00e4hen, sind auf mich gefallen.<\/p>\n<p>Lass sich nicht \u00fcber mich freuen, die ohne Grund mir feind sind, noch mit Augen spotten, die ohne Ursache mich hassen!<\/p>\n<p>Mehr als die Haare meines Hauptes sind derer, die ohne Ursache mich hassen. M\u00e4chtig sind meine Vertilger, die ohne Grund mir feind sind. Was ich nicht geraubt habe, muss ich alsdann erstatten.<\/p>\n<p>Ich aber muss sein wie ein Tauber und nicht h\u00f6ren, und wie ein Stummer, der seinen Mund nicht auftut,\u00a0und muss sein wie einer, der nicht h\u00f6rt und der keine Widerrede in seinem Munde hat.<\/p>\n<p>Denn der Mund des Gesetzlosen und der Mund des Truges haben sich wider mich ge\u00f6ffnet, mit L\u00fcgenzunge haben sie zu mir geredet. Und mit Worten des Hasses haben sie mich umgeben und haben wider mich gestritten ohne Ursache.<\/p>\n<p>Denn ich habe die Verleumdung vieler geh\u00f6rt, Schrecken ringsum, indem sie zusammen wider mich ratschlagten, sannen sie darauf, mir das Leben zu nehmen.<\/p>\n<p>Gib mich nicht preis der Gier meiner Bedr\u00e4nger! Denn falsche Zeugen sind wider mich aufgestanden und tun mir Unrecht ohne Scheu.<\/p>\n<p>Der Hohn hat mein Herz gebrochen, und ich bin ganz elend. Und ich habe auf Mitleiden gewartet, und da war keines, und auf Tr\u00f6ster, und ich habe keine gefunden.\u00a0Und sie gaben in meine Speise Galle, und in meinem Durst tr\u00e4nkten sie mich mit Essig.<\/p>\n<p>In deine H\u00e4nde befehle ich meinen Geist. Du hast mich erl\u00f6st, Herr, du treuer Gott.<\/p>\n<p>Er bewahrt alle seine Gebeine, nicht eines von ihnen wird zerbrochen.<\/p>\n<p>Darum freut sich mein Herz, und frohlockt meine Seele. Auch mein Fleisch wird in Sicherheit ruhen. Denn meine Seele wirst du dem Scheol nicht lassen, wirst nicht zugeben, dass dein Frommer die Verwesung sehe.<\/p>\n<p>Er wird mir zurufen: Mein Vater bist du, mein Gott, und der Fels meiner Rettung!\u00a0So will auch ich ihn zum Erstgeborenen machen, zum H\u00f6chsten der K\u00f6nige der Erde. Ewig will ich ihm meine G\u00fcte bewahren, und mein Bund soll ihm fest bleiben.\u00a0Und ich will seinen Samen einsetzen f\u00fcr immer, und seinen Thron wie die Tage der Himmel.<\/p>\n<p>Dein Thron, o Gott, ist immer und ewiglich, ein Zepter der Aufrichtigkeit ist das Zepter deines Reiches. Gerechtigkeit hast du geliebt und Gesetzlosigkeit gehasst, darum hat Gott, dein Gott, dich gesalbt mit Freuden\u00f6l, mehr als deine Genossen.<\/p>\n<p>Du bist aufgefahren in die H\u00f6he, du hast die Gefangenschaft gefangen gef\u00fchrt, du hast Gaben empfangen im Menschen, und selbst f\u00fcr Widerspenstige, damit Gott der Herr daselbst wohne.<\/p>\n<p>Der Stein, den die Bauleute verworfen haben, ist zum Eckstein geworden.\u00a0Vom Herrn ist dies geschehen. Wunderbar ist es in unseren Augen.<\/p>\n<p>Der Herr sprach zu meinem Herrn: Setze dich zu meiner Rechten, bis ich deine Feinde lege zum Schemel deiner F\u00fc\u00dfe!\u00a0<sup>\u00a0<\/sup>Den Stab deiner Macht wird der Herr aus Zion senden: Herrsche inmitten deiner Feinde!<\/p>\n<p>So wisse denn und verstehe: Vom Ausgehen des Wortes, Jerusalem wiederherzustellen und zu bauen, bis auf den Messias, den F\u00fcrsten, sind sieben Wochen und 62 Wochen. Stra\u00dfen und Gr\u00e4ben werden wiederhergestellt und gebaut werden, und zwar in Drangsal der Zeiten. Und nach den 62 Wochen wird der Messias weggetan werden und nichts haben. Und das Volk des kommenden F\u00fcrsten wird die Stadt und das Heiligtum zerst\u00f6ren, und das Ende davon wird durch die \u00fcberstr\u00f6mende Flut sein, und bis ans Ende: Krieg, Festbeschlossenes von Verw\u00fcstungen. Und er wird einen festen Bund mit den Vielen schlie\u00dfen f\u00fcr eine Woche, und zur H\u00e4lfte der Woche wird er die Schlachtopfer und Speisopfer aufh\u00f6ren lassen. Und wegen der Beschirmung der Greuel wird ein Verw\u00fcster kommen, und zwar bis Vernichtung und Festbeschlossenes \u00fcber das Verw\u00fcstete.<\/p>\n<p>Ich schaute in Gesichten der Nacht, und siehe, mit den Wolken des Himmels kam einer wie der Sohn des Menschen. Und er kam zu dem Alten an Tagen und wurde vor denselben gebracht. Und ihm wurde Herrschaft und Herrlichkeit und K\u00f6nigtum gegeben, und alle V\u00f6lker, Nationen und Sprachen dienten ihm. Seine Herrschaft ist eine ewige Herrschaft, die nicht vergeht, und sein K\u00f6nigtum ein solches, das nie zerst\u00f6rt wird.<\/p>\n<p>Du hast vormals die Erde gegr\u00fcndet, und die Himmel sind deiner H\u00e4nde Werk. Sie werden untergehen \u2013 du aber bleibst. Und sie alle werden veralten wie ein Kleid, wie ein Gewand wirst du sie verwandeln \u2013 und sie werden verwandelt werden. Du aber bist derselbe, und deine Jahre enden nicht. Die Kinder deiner Knechte werden wohnen, und ihr Same wird vor dir bestehen.<\/p>\n","protected":false},"excerpt":{"rendered":"<p>Im Anfang war das Wort, und das Wort war bei Gott, und das Wort war Gott. Dieses war im Anfang bei Gott.\u00a0Alles ward durch dasselbe, und ohne dasselbe ward auch nicht eines, das geworden ist. In ihm war Leben, und das Leben war das Licht der Menschen. Und das Licht scheint in der Finsternis, und [&hellip;]<\/p>\n","protected":false},"author":2,"featured_media":0,"parent":82,"menu_order":8,"comment_status":"closed","ping_status":"closed","template":"","meta":{"footnotes":""},"class_list":["post-783","page","type-page","status-publish","hentry"],"_links":{"self":[{"href":"https:\/\/jonathanfischer.de\/index.php?rest_route=\/wp\/v2\/pages\/783","targetHints":{"allow":["GET"]}}],"collection":[{"href":"https:\/\/jonathanfischer.de\/index.php?rest_route=\/wp\/v2\/pages"}],"about":[{"href":"https:\/\/jonathanfischer.de\/index.php?rest_route=\/wp\/v2\/types\/page"}],"author":[{"embeddable":true,"href":"https:\/\/jonathanfischer.de\/index.php?rest_route=\/wp\/v2\/users\/2"}],"replies":[{"embeddable":true,"href":"https:\/\/jonathanfischer.de\/index.php?rest_route=%2Fwp%2Fv2%2Fcomments&post=783"}],"version-history":[{"count":12,"href":"https:\/\/jonathanfischer.de\/index.php?rest_route=\/wp\/v2\/pages\/783\/revisions"}],"predecessor-version":[{"id":898,"href":"https:\/\/jonathanfischer.de\/index.php?rest_route=\/wp\/v2\/pages\/783\/revisions\/898"}],"up":[{"embeddable":true,"href":"https:\/\/jonathanfischer.de\/index.php?rest_route=\/wp\/v2\/pages\/82"}],"wp:attachment":[{"href":"https:\/\/jonathanfischer.de\/index.php?rest_route=%2Fwp%2Fv2%2Fmedia&parent=783"}],"curies":[{"name":"wp","href":"https:\/\/api.w.org\/{rel}","templated":true}]}}