{"id":46,"date":"2008-04-07T14:04:19","date_gmt":"2008-04-07T14:04:19","guid":{"rendered":"http:\/\/jonathanfischer.de\/?page_id=46"},"modified":"2021-03-20T19:47:46","modified_gmt":"2021-03-20T19:47:46","slug":"die-story","status":"publish","type":"page","link":"https:\/\/jonathanfischer.de\/?page_id=46","title":{"rendered":"Die Story &#8211; Mp3\/ePUB"},"content":{"rendered":"<p>Die Story in Deutsch und Englisch als kostenloses Mp3-H\u00f6rbuch + ePUB\u00a0 auf: <a href=\"http:\/\/jonathanfischer.eu\/seite2.html\">www.jonathanfischer.eu<\/a><\/p>\n<p><img loading=\"lazy\" decoding=\"async\" class=\"alignnone size-medium wp-image-273\" src=\"https:\/\/jonathanfischer.de\/wp-content\/uploads\/2019\/02\/mj22-300x76.jpg\" alt=\"\" width=\"300\" height=\"76\" srcset=\"https:\/\/jonathanfischer.de\/wp-content\/uploads\/2019\/02\/mj22-300x76.jpg 300w, https:\/\/jonathanfischer.de\/wp-content\/uploads\/2019\/02\/mj22-768x194.jpg 768w, https:\/\/jonathanfischer.de\/wp-content\/uploads\/2019\/02\/mj22.jpg 870w\" sizes=\"auto, (max-width: 300px) 100vw, 300px\" \/><\/p>\n<p><strong>Gebrauchsanweisung:<\/strong><\/p>\n<p>Diese Lebensfiktion soll den Leser am\u00fcsieren. Bitte nehmen sie nicht jedes Wort zu ernst. \u201eEinstein\u201c und sein Freund und Helfer lieben es witzige, zweideutige und hintergr\u00fcndige Informationen weiterzugeben. Die Aussage: \u201eSie begaben sich stets um vier Uhr oder um vier Uhr vierzehn zu einem vierst\u00fcndigen Chat, um den im A vier Format in einer Auflage von vierzig St\u00fcck erscheinenden Roman, in vier Wochen zu verfassen, um am vierzehnten vierten, dem vierzigsten Geburtstag von Jonathan Fischer, vor vierzig G\u00e4sten eine Pr\u00e4sentation zu halten\u201c, klingt mehr wie ein m\u00e4rchenhaftes Gedicht, als eine wahre Begebenheit. Es ist beabsichtigt, dass sich der Leser immer wieder fragt, ob sich das Leben von Jonathan Fischer wirklich so abgespielt haben kann. Den Helden gibt es in Wirklichkeit sicherlich nicht, aber die Orte der Handlung sind meist authentisch. Die Namen der Personen sind absichtlich in einer lustigen Art und Weise gew\u00e4hlt. Durch das st\u00e4ndige Verweben und Vertauschen von Gedanken und Erfahrungen, die die phantasievollen Schriftsteller gesammelt haben, sollte ein interessantes, spannendes, lustiges, lebendiges und lehrreiches Buch entstehen. Viel Spa\u00df bei der Lekt\u00fcre w\u00fcnschen die schw\u00e4bischen Gscheidle.<\/p>\n<p><strong>Empfehlung zur richtigen Anwendung und Dosierung:<\/strong><\/p>\n<p>Walter Stein und sein Freund und Helfer der Fiktion sind recht komische Typen, die in ihrem Leben oft missverstanden wurden. Sie bekamen zurecht \u00c4rger, wenn sie Wahrheiten mit Unwahrheiten miteinander vermischt haben. Die Zuh\u00f6rer wussten dadurch nicht, was sie glauben oder nicht glauben sollten, was ernst und was nicht ernst gemeint war. In dieser Fiktion wird die Gabe der \u00dcbertreibung verbunden mit wahren Berichten und Orten besonders ausgelebt und verwoben. Jedem der sich damit nicht ab- und zurechtfindet, empfehlen die Hersteller den Roman nicht einzunehmen und sofort wieder weg zu legen.<\/p>\n<p><strong>Warnungen zu Risiken und Nebenwirkungen:<\/strong><\/p>\n<p>Eine wichtige Warnung ergeht an alle Menschen, die kein Spa\u00df verstehen und Seitenhiebe von Hofnarren nicht einstecken k\u00f6nnen. Wohl m\u00f6glich findet sich ihr k\u00f6niglicher Charakter in diesem Buch wieder. Um unn\u00f6tige Aufregung verbunden mit hohem Blutdruck vorzubeugen wird vor der weiteren Lekt\u00fcre abgeraten.<\/p>\n<p>&nbsp;<\/p>\n","protected":false},"excerpt":{"rendered":"<p>Die Story in Deutsch und Englisch als kostenloses Mp3-H\u00f6rbuch + ePUB\u00a0 auf: www.jonathanfischer.eu Gebrauchsanweisung: Diese Lebensfiktion soll den Leser am\u00fcsieren. Bitte nehmen sie nicht jedes Wort zu ernst. \u201eEinstein\u201c und sein Freund und Helfer lieben es witzige, zweideutige und hintergr\u00fcndige Informationen weiterzugeben. Die Aussage: \u201eSie begaben sich stets um vier Uhr oder um vier Uhr [&hellip;]<\/p>\n","protected":false},"author":2,"featured_media":0,"parent":0,"menu_order":1,"comment_status":"open","ping_status":"closed","template":"","meta":{"footnotes":""},"class_list":["post-46","page","type-page","status-publish","hentry"],"_links":{"self":[{"href":"https:\/\/jonathanfischer.de\/index.php?rest_route=\/wp\/v2\/pages\/46","targetHints":{"allow":["GET"]}}],"collection":[{"href":"https:\/\/jonathanfischer.de\/index.php?rest_route=\/wp\/v2\/pages"}],"about":[{"href":"https:\/\/jonathanfischer.de\/index.php?rest_route=\/wp\/v2\/types\/page"}],"author":[{"embeddable":true,"href":"https:\/\/jonathanfischer.de\/index.php?rest_route=\/wp\/v2\/users\/2"}],"replies":[{"embeddable":true,"href":"https:\/\/jonathanfischer.de\/index.php?rest_route=%2Fwp%2Fv2%2Fcomments&post=46"}],"version-history":[{"count":7,"href":"https:\/\/jonathanfischer.de\/index.php?rest_route=\/wp\/v2\/pages\/46\/revisions"}],"predecessor-version":[{"id":939,"href":"https:\/\/jonathanfischer.de\/index.php?rest_route=\/wp\/v2\/pages\/46\/revisions\/939"}],"wp:attachment":[{"href":"https:\/\/jonathanfischer.de\/index.php?rest_route=%2Fwp%2Fv2%2Fmedia&parent=46"}],"curies":[{"name":"wp","href":"https:\/\/api.w.org\/{rel}","templated":true}]}}