{"id":454,"date":"2019-09-05T19:06:48","date_gmt":"2019-09-05T19:06:48","guid":{"rendered":"http:\/\/jonathanfischer.de\/?page_id=454"},"modified":"2022-07-09T12:22:59","modified_gmt":"2022-07-09T12:22:59","slug":"bakery-jatta-daffeh","status":"publish","type":"page","link":"https:\/\/jonathanfischer.de\/?page_id=454","title":{"rendered":"Bakery Jatta = Daffeh?"},"content":{"rendered":"<p><span style=\"font-family: Trebuchet MS, sans-serif;\"><span style=\"font-size: large;\"><b>Bakery Jatta = Daffeh?<\/b><\/span><\/span><\/p>\n<p><span style=\"font-family: Trebuchet MS, sans-serif;\"><span style=\"font-size: large;\">Nachdem Stefan Kuntz Bakery Jatta f\u00fcr die U-21 Nationalelf gewinnen m\u00f6chte, werde ich meine Sichtweise und Erfahrungsschatz zu dem brisanten Fall mitteilen. <\/span><\/span><\/p>\n<p><span style=\"font-family: Trebuchet MS, sans-serif;\"><span style=\"font-size: large;\">F\u00fcr mich war es nur eine Frage der Zeit, bis sich die Identit\u00e4tsfrage von Bakery Jatta aufl\u00f6st. Die aktuelle Entwicklung ist jedoch so, dass er laut g\u00fcltigen afrikanischen Papieren am 6. Juni 1998 in Gambia geboren sein muss, weshalb das Bezirksamt Hamburg-Mitte seine Ermittlungen einstellte. Das Interessante an dem Fall ist, wen der Asyl oder Profiverein Suchende mit seinem Verhalten gesch\u00e4digt haben soll. Zuerst k\u00fcndigte der Verlierer 1. FC N\u00fcrnberg an, afrikanische Zeugen aufzubieten. Indes sind alle Proteste von gegnerischen Mannschaften zur\u00fcckgezogen worden. Es macht schlie\u00dflich Spa\u00df, dem Jungen beim Fu\u00dfballspielen zuzuschauen und ist \u00e4u\u00dferst h\u00e4sslich ihn auszupfeifen und auszubuhen. <\/span><\/span><\/p>\n<p><span style=\"font-family: Trebuchet MS, sans-serif;\"><span style=\"font-size: large;\">Also Ruhe bitte!<\/span><\/span><\/p>\n<p><span style=\"font-family: Trebuchet MS, sans-serif;\"><span style=\"font-size: large;\">Das Aufenthaltsrecht betreffend, gibt es neuerdings Gedankenspiele Bakery Jatta einzub\u00fcrgern. Somit k\u00f6nnte der bestens integrierte Fu\u00dfballprofi vom Hamburger SV f\u00fcr Deutschland bei den Olympischen Spielen 2020 auflaufen. Vorreiter und nicht DFB-Spielverderber Cacau sieht seine Kernaufgabe sicher nicht darin, auf die 6-8 Jahre Wartezeit nach dem Staatsangeh\u00f6rigkeitsgesetz hinzuweisen. Anstelle des verr\u00e4terischen Sport Bild Alptraums eines zur\u00fcckgewiesenen falschen Fl\u00fcchtlings, w\u00fcrde ein M\u00e4rchen in Erf\u00fcllung gehen.<\/span><\/span><\/p>\n<p><span style=\"font-family: Trebuchet MS, sans-serif;\"><span style=\"font-size: large;\">Der Traum vom afrikanischen Waisenkind zum deutschen Fu\u00dfballmillion\u00e4r zu werden, bietet Stoff f\u00fcr Drehb\u00fccher. Besonders die Bev\u00f6lkerung des armen Kontinents liebt solche Erfolgsstories und profitiert evtl. auch finanziell davon. Gar nicht gut kommt in einem Wortgefecht an, wenn man als erfahrener, ehemaliger Sportsoldat die Erfolge ihrer Olympiasieger und Weltmeister anzweifelt, wie ich es in Kenia getan habe. Trotz EPO-Dopings ist der talentierte Weltrekordinhaber in einer Langstreckendisziplin ganz bestimmt sauber und hat nie betrogen.<\/span><\/span><\/p>\n<p><span style=\"font-family: Trebuchet MS, sans-serif;\"><span style=\"font-size: large;\">Ein Freund von mir aus Nairobi tr\u00e4umte auch von einer Fu\u00dfballkarriere in Deutschland und lernte am Goethe-Institut flei\u00dfig Deutsch. Meine Bem\u00fchungen, einen Studienplatz und Visum f\u00fcr Deutschland zu beschaffen, scheiterten vor Jahren an der Ablehnung der deutschen Botschaft. Einen Sachverhalt, den ich allerdings nie vergessen habe ist, wie der Erstliga-Kicker mir erz\u00e4hlte, dass viele Fu\u00dfballer ihr Alter\u00a0f\u00e4lschen, weil es immer l\u00e4nger dauert als Afrikaner in Europa entdeckt zu werden und interessant f\u00fcr die hiesigen Clubs zu werden. Manche Fu\u00dfballer w\u00e4ren schon 40 und deshalb nicht mehr so schnell und \u00f6fters verletzt, doch wir glauben sie sind erst 35.<\/span><\/span><\/p>\n<p><span style=\"font-family: Trebuchet MS, sans-serif;\"><span style=\"font-size: large;\">Reingelegt.<\/span><\/span><\/p>\n<p><span style=\"font-family: Trebuchet MS, sans-serif;\"><span style=\"font-size: large;\">Ich frage mich, wie man so naiv und gutgl\u00e4ubig sein kann auf diese bekannte Masche hereinzufallen. Selbst wissenschaftliche Untersuchungen helfen nicht weiter, wie vom Universit\u00e4tsklinikum, welches \u00fcber das begnadete Talent befindet, mit 17 Jahren bereits die biologische Entwicklung abgeschlossen zu haben. Irrsinnig w\u00e4re, wenn der scheinbar spurlos verschwundene Bakary Daffeh nicht am 6. November 1995 geboren wurde, weil er sein Geburtsdatum manipulierte. Man h\u00f6re und staune dar\u00fcber &#8211; seine gambische U-20 Nationalmannschaft wurde wegen Betrugs 2014 von den Kontinentalwettbewerben ausgeschlossen. F\u00fcnf Spieler waren zu alt und ein Akteur soll laut Spiegelbericht sogar mehrere P\u00e4sse mit Geburtsdaten zwischen 1988 und 1994 besessen haben.<\/span><\/span><\/p>\n<p><span style=\"font-family: Trebuchet MS, sans-serif;\"><span style=\"font-size: large;\"><a href=\"https:\/\/www.spiegel.de\/sport\/fussball\/gambias-fussball-nationalmannschaft-vom-caf-zwei-jahre-suspendiert-a-968646.html\">https:\/\/www.spiegel.de\/sport\/fussball\/gambias-fussball-nationalmannschaft-vom-caf-zwei-jahre-suspendiert-a-968646.html<\/a><\/span><\/span><\/p>\n<p><span style=\"font-family: Trebuchet MS, sans-serif;\"><span style=\"font-size: large;\">Andere L\u00e4nder &#8211; andere Sitten. Augenscheinlich ben\u00f6tigt der positiv denkende, deutsche Nationaltrainer Nachhilfe \u00fcber Schmiergeld, Korruption und gef\u00e4lschte echte Dokumente von Beh\u00f6rden in Afrika, es sei denn er beabsichtigt ebenso eine zweij\u00e4hrige Auszeit mit dem Team zu nehmen. Die Verantwortlichen des HSV, des DFB und Stefan Kuntz sollten sich die Frage stellen, wie ein talentierter Stra\u00dfenfu\u00dfballer aus Gambia innerhalb von 2 Jahren Bundesliganiveau erreichen kann, ohne vorher in einem registriertem Team gespielt und professionelles Training bekommen zu haben.<\/span><\/span><\/p>\n<p><span style=\"font-family: Trebuchet MS, sans-serif;\"><span style=\"font-size: large;\">T\u00e4uschung oder Wunder? <\/span><\/span><\/p>\n<p><span style=\"font-family: Trebuchet MS, sans-serif;\"><span style=\"font-size: large;\">Bin ich ein kalkulierender Schachspieler oder hinterh\u00e4ltiger Verleumder?\u00a0<\/span><\/span><span style=\"font-family: Trebuchet MS, sans-serif;\"><span style=\"font-size: large;\">Wenn ich die leicht schielenden Augen der beiden Fu\u00dfballspieler auf nachfolgendem Hamburger Morgenpost Bericht betrachte, erkenne ich ein und denselben Fu\u00dfball-Trickser, dessen Vornamen in afrikanisch bedeutet: Er wird erfolgreich sein!<\/span><\/span><\/p>\n<p><a href=\"https:\/\/www.mopo.de\/sport\/hsv\/falscher-name--falsches-alter--hsv-wirbel-um-jatta--das-ist-die-rechtslage-32974826\">https:\/\/www.mopo.de\/sport\/hsv\/falscher-name&#8211;falsches-alter&#8211;hsv-wirbel-um-jatta&#8211;das-ist-die-rechtslage-32974826<\/a><\/p>\n<p><span style=\"font-family: Trebuchet MS, sans-serif;\"><span style=\"font-size: large;\">Um am Schluss wieder auf mein Lieblingsbuch zu sprechen zu kommen. Ein von seinen Br\u00fcdern verachteter, unscheinbarer Schafhirte wurde nach einem entscheidenden Wettkampf ber\u00fchmt. Alle Welt wollte wissen wessen Sohn er ist (Isais) und von wo K\u00f6nig David abstammt (Judah). Auf Bakery und seine Verwandtschaft bezogen, bekomme ich geknetet und gebacken den Sohn von Jatta und den Sohn von Daffeh heraus. Die Hitze des Feuers wird ben\u00f6tigt, um Brot einen bek\u00f6mmlichen Geschmack zu verleihen und um die unsch\u00f6ne Schlacke vom reinen Gold abzuheben. Bei der menschlichen Pr\u00fcfung des B\u00e4ckers im Gef\u00e4ngnis in \u00c4gypten kostete ihn sein eigener Traum, der von Joseph prophetisch ausgelegt wurde, den Kopf. Nicht weiter alte biblische Vergleiche anstellend von V\u00f6geln, die Pharaos Backwaren vom Haupt des Verurteilten fressen, belasse ich es bei dem bekannten Sprichwort: L\u00fcgen haben kurze Beine&#8230;<\/span><\/span><\/p>\n","protected":false},"excerpt":{"rendered":"<p>Bakery Jatta = Daffeh? Nachdem Stefan Kuntz Bakery Jatta f\u00fcr die U-21 Nationalelf gewinnen m\u00f6chte, werde ich meine Sichtweise und Erfahrungsschatz zu dem brisanten Fall mitteilen. F\u00fcr mich war es nur eine Frage der Zeit, bis sich die Identit\u00e4tsfrage von Bakery Jatta aufl\u00f6st. Die aktuelle Entwicklung ist jedoch so, dass er laut g\u00fcltigen afrikanischen Papieren [&hellip;]<\/p>\n","protected":false},"author":2,"featured_media":0,"parent":37,"menu_order":68,"comment_status":"open","ping_status":"closed","template":"","meta":{"footnotes":""},"class_list":["post-454","page","type-page","status-publish","hentry"],"_links":{"self":[{"href":"https:\/\/jonathanfischer.de\/index.php?rest_route=\/wp\/v2\/pages\/454","targetHints":{"allow":["GET"]}}],"collection":[{"href":"https:\/\/jonathanfischer.de\/index.php?rest_route=\/wp\/v2\/pages"}],"about":[{"href":"https:\/\/jonathanfischer.de\/index.php?rest_route=\/wp\/v2\/types\/page"}],"author":[{"embeddable":true,"href":"https:\/\/jonathanfischer.de\/index.php?rest_route=\/wp\/v2\/users\/2"}],"replies":[{"embeddable":true,"href":"https:\/\/jonathanfischer.de\/index.php?rest_route=%2Fwp%2Fv2%2Fcomments&post=454"}],"version-history":[{"count":72,"href":"https:\/\/jonathanfischer.de\/index.php?rest_route=\/wp\/v2\/pages\/454\/revisions"}],"predecessor-version":[{"id":526,"href":"https:\/\/jonathanfischer.de\/index.php?rest_route=\/wp\/v2\/pages\/454\/revisions\/526"}],"up":[{"embeddable":true,"href":"https:\/\/jonathanfischer.de\/index.php?rest_route=\/wp\/v2\/pages\/37"}],"wp:attachment":[{"href":"https:\/\/jonathanfischer.de\/index.php?rest_route=%2Fwp%2Fv2%2Fmedia&parent=454"}],"curies":[{"name":"wp","href":"https:\/\/api.w.org\/{rel}","templated":true}]}}