{"id":368,"date":"2019-04-07T14:13:12","date_gmt":"2019-04-07T14:13:12","guid":{"rendered":"http:\/\/jonathanfischer.de\/?page_id=368"},"modified":"2025-03-24T07:40:06","modified_gmt":"2025-03-24T07:40:06","slug":"wahnsinn","status":"publish","type":"page","link":"https:\/\/jonathanfischer.de\/?page_id=368","title":{"rendered":"Wahnsinn?"},"content":{"rendered":"<div dir=\"auto\">\n<p>Die Definition von Wahnsinn ist laut Albert Einstein immer wieder das Gleiche zu tun und andere Ergebnisse zu erwarten.<\/p>\n<p>Falsch, es gibt keinen Beleg f\u00fcr die Aussage, wenn man sich auf das Wissen von Zitatforschern in ihren faktenreichen Studien verl\u00e4sst. Nun komme ich mir verloren vor, da angelerntes schulisches Wissen aus dem Geschichtsunterricht immer wieder infrage gestellt wird. Meine Generation dachte die Bundeswehr diene nur zu Verteidigungszwecken. Deutsche Soldaten w\u00fcrden niemals zu Kampfhandlungen in ferne L\u00e4nder entsendet. Einst gelobten f\u00fchrende Politiker in Knief\u00e4llen, von Deutschland nie wieder einen Krieg anzufachen. Ein zweites Stalingrad galt als unvorstellbar. Der Kluge lernt aus seinen Fehlern, aber ein Narr nimmt keinen Rat an.<\/p>\n<p>Ad absurdum reitet Hieronymus Carl Friedrich auf einer Kanonenkugel \u00fcber feindliches Gebiet. Der sich am eigenen Schopf ziehende L\u00fcgenbaron versucht sich aus dem gr\u00fcn-roten Sumpf zu retten. Im Streben nach Macht werden Moral und Gewissen vom Kanzlerkandidaten ausgemerzt. Aktuell verstehen viele get\u00e4uschte Bundesb\u00fcrger nicht, worin die Notlage besteht, sich mit einer Billion Euro neu zu verschulden. Doch leider hat heute auch der Bundesrat das durchgepeitschte Finanzpaket des abgew\u00e4hlten Bundestags gebilligt. An Kinder weiter gereichte Verbindlichkeiten werden als Sonderverm\u00f6gen deklariert.<\/p>\n<p>Geldwertstabilit\u00e4t ade! Die Schuldenbremse muss weg. Schuld sind Trump und Putin. Die Bundeshauptstadt geht unter. Alternativlos gilt es f\u00fcr alle Kriegst\u00fcchtigen den Einmarsch des Feindes von Polen bis Berlin zu verhindern. Das erinnert an einen paranoiden Diktator aus Albanien, der einst 200.000 nutzlose Bunker zum Schutz vor den b\u00f6sen Invasoren aus dem Ausland schuf. Unterdessen fruchtet nicht in allen K\u00f6pfen das t\u00e4gliche Umerziehungsprogramm der \u00f6ffentlichen Staatsmedien, die in einem Beitragsservice nie genug frisch gedrucktes Geld f\u00fcr sich selbst bekommen k\u00f6nnen. Ein Sonderverm\u00f6gen f\u00fcr Krieg und Klima zum Wohle der Gesellschaft k\u00f6nnte sich negativ auf den Wunsch nach Wohneigentum und den eigenen Geldbeutel auswirken. Nicht so f\u00fcr Spekulanten, die fr\u00fchzeitig in Rheinmetall investiert haben oder noch besser die Empf\u00e4nger der Zuwendungen sind. Korruption scheint dabei weniger eine Rolle zu spielen, denn Ausk\u00fcnfte \u00fcber die Verwendung von monet\u00e4ren Zahlungsstr\u00f6men werden schockiert von den Bewahrern der DDR 2.0 Demokratie verweigert.<\/p>\n<p>Am meisten schockiert mich gerade, dass meine Glaubensgeschwister in Syrien als Konvertiten oder Abtr\u00fcnnige abgeschlachtet werden. Wom\u00f6glich bekommen deren Meuchelm\u00f6rder 300 Millionen Hilfe als Belohnung f\u00fcr einen friedlichen Prozess durch die m\u00f6gliche Pr\u00e4sidentin der UN-Generalversammlung Annalena Baerbock zugesagt. Ungeachtet dessen verblieben die Hilferufe der verfolgten Christen und verhassten Alawiten in der hiesigen Presse weitestgehend ungeh\u00f6rt. Einzig die Z\u00e4une der russischen Milit\u00e4rbasen boten Schutz vor der weiteren Ausl\u00f6schung. Unsere Diplomaten sch\u00fctzen Salafisten, indem sie diese von Terrorlisten streichen. Radikale Moslems sind als Al Nusra Befreiungsk\u00e4mpfer in der EU willkommen, selbst wenn sie den Handschlag verweigern. Die Sorge \u00fcber extreme Dschihadisten, die kampferprobt Anschl\u00e4ge begehen, wurde 2014 vom Innenminister als gr\u00f6\u00dftes Sicherheitsrisiko wahrgenommen und nicht die als Faschisten verleumdeten rechten warnenden Politiker. K\u00f6nnte es sein, dass der politische Islam mit der geplanten Einf\u00fchrung der Scharia von Deutschland inzwischen mehr gef\u00f6rdert wird, als die Bewahrung des christlichen Abendlandes?<\/p>\n<p>Heimat ist nicht mehr das, was es einmal war. Es gibt immer mehr auswanderungswillige Mitb\u00fcrger, die sich die alte Sicherheit zur\u00fccksehnen. Das zeigt der Trend in der Google Suche nach attraktiveren L\u00e4ndern. So f\u00fchrt der gut informierte Schreiber seinen Wohnsitz seit acht Wochen in einer l\u00e4ndlichen und friedvollen Umgebung in Ungarn. Somit wird verhindert, dass k\u00fcnftige Steuerabgaben f\u00fcr Leopard 2 Kampfpanzer oder Taurus Marschflugk\u00f6rper an der Ostfront verwendet werden. Mit den vielen US-Milit\u00e4rst\u00fctzpunkten als Angriffsziele w\u00e4re Deutschland der gro\u00dfe Verlierer in einem Atomkrieg. Man muss nicht Pazifist sein, um aus zwei Weltkriegen mit vorangegangenen Aufr\u00fcstungsorgien die richtigen Schl\u00fcsse zu ziehen. Doch die gr\u00fcne Fraktion einstiger Friedensaktivisten blamiert uns mit\u00a0 einer verpixelten, feministischen Au\u00dfenministerin nicht nur in verschleierten L\u00e4ndern, die Hunderttausende von Kilometern entfernt sind. Am d\u00e4mlichsten ist jedoch die v\u00f6lkerrechtliche Vorstellung den Feind ins eigene Land hereinzulassen, um mit eigenem Geld T\u00f6chter vergewaltigen und S\u00f6hne erstechen zu lassen.<\/p>\n<p>Dummheit ist ein gef\u00e4hrlicherer Feind des Guten als Bosheit.<\/p>\n<p>Dieses Zitat von Dietrich Bonhoeffer ist in den Aufzeichnungen seiner Haft aus Widerstand und Ergebung gesichert.<\/p>\n<\/div>\n","protected":false},"excerpt":{"rendered":"<p>Die Definition von Wahnsinn ist laut Albert Einstein immer wieder das Gleiche zu tun und andere Ergebnisse zu erwarten. Falsch, es gibt keinen Beleg f\u00fcr die Aussage, wenn man sich auf das Wissen von Zitatforschern in ihren faktenreichen Studien verl\u00e4sst. Nun komme ich mir verloren vor, da angelerntes schulisches Wissen aus dem Geschichtsunterricht immer wieder [&hellip;]<\/p>\n","protected":false},"author":2,"featured_media":0,"parent":37,"menu_order":9,"comment_status":"closed","ping_status":"closed","template":"","meta":{"footnotes":""},"class_list":["post-368","page","type-page","status-publish","hentry"],"_links":{"self":[{"href":"https:\/\/jonathanfischer.de\/index.php?rest_route=\/wp\/v2\/pages\/368","targetHints":{"allow":["GET"]}}],"collection":[{"href":"https:\/\/jonathanfischer.de\/index.php?rest_route=\/wp\/v2\/pages"}],"about":[{"href":"https:\/\/jonathanfischer.de\/index.php?rest_route=\/wp\/v2\/types\/page"}],"author":[{"embeddable":true,"href":"https:\/\/jonathanfischer.de\/index.php?rest_route=\/wp\/v2\/users\/2"}],"replies":[{"embeddable":true,"href":"https:\/\/jonathanfischer.de\/index.php?rest_route=%2Fwp%2Fv2%2Fcomments&post=368"}],"version-history":[{"count":8,"href":"https:\/\/jonathanfischer.de\/index.php?rest_route=\/wp\/v2\/pages\/368\/revisions"}],"predecessor-version":[{"id":372,"href":"https:\/\/jonathanfischer.de\/index.php?rest_route=\/wp\/v2\/pages\/368\/revisions\/372"}],"up":[{"embeddable":true,"href":"https:\/\/jonathanfischer.de\/index.php?rest_route=\/wp\/v2\/pages\/37"}],"wp:attachment":[{"href":"https:\/\/jonathanfischer.de\/index.php?rest_route=%2Fwp%2Fv2%2Fmedia&parent=368"}],"curies":[{"name":"wp","href":"https:\/\/api.w.org\/{rel}","templated":true}]}}