{"id":198,"date":"2019-01-05T13:14:40","date_gmt":"2019-01-05T13:14:40","guid":{"rendered":"http:\/\/jonathanfischer.de\/?page_id=198"},"modified":"2024-05-16T20:52:21","modified_gmt":"2024-05-16T20:52:21","slug":"grandios-maligner-narzissmus","status":"publish","type":"page","link":"https:\/\/jonathanfischer.de\/?page_id=198","title":{"rendered":"Gegen Hass und Hetze"},"content":{"rendered":"<p>Die Verfechter der Demokratie treten in ihren Wahlplakaten gegen Hass und Hetze auf. Dem W\u00e4hler wird versprochen, dass die Regierungsvertreter alles daf\u00fcr tun, unsere Verfassung zu sch\u00fctzen. In meinen Augen wird allerdings alles unternommen, um eine weitere Spaltung in der Gesellschaft durchzuf\u00fchren. Denn es gibt einen b\u00f6sen Feind zu besiegen, der Verh\u00e4ltnisse aus schlimmsten Zeiten wiederherstellen will. Diesen muss man hassen und bek\u00e4mpfen. Im Kampf gegen Nazis und Faschismus sind bei der Antifa sogar Gewalttaten ein probates Mittel. Parteimitglieder und Sympathisanten des Klassenfeindes haben nicht dieselben B\u00fcrgerrechte. Sie sollen ihren Beamtenstatus oder den Arbeitsplatz verlieren. Das wird ohne Scham in der \u00d6ffentlichkeit von Funktion\u00e4ren gefordert. Schlie\u00dflich gibt es die Guten, die im Recht sind, und die Schlechten, die drohen unser Land zu zerst\u00f6ren.<\/p>\n<p>Eine Unzufriedenheit \u00fcber den Niedergang der Nation hat sich in Protesten durchaus breitgemacht. Um die Wahrheit vor Fakenews zu sch\u00fctzen, werden Propaganda und L\u00fcgen durch einen Beitragsservice und weniger durch Zwangsgeb\u00fchren finanziert. Eine Massenmanipulation im Staatsfunk ist Geschichte, wenn aus Parteispenden finanzierte, unabh\u00e4ngige Medien dazu kommen. Das Internet muss als eigentliche Gefahr zensiert werden. Es gibt zu viele Verschw\u00f6rungstheoretiker, die das Volk verunsichern. Besonders die Bev\u00f6lkerung aus den neuen Bundesl\u00e4ndern ist leicht verf\u00fchrbar.<\/p>\n<p>Obgleich, Ossis erinnern sich nicht gerne an SED und Stasi mit deren Methoden. Obschon, wer aus der Geschichte nichts gelernt hat, dem sollte das Wahlrecht und die W\u00e4hlbarkeit entzogen werden. Ohne einen starken Verfassungsschutz k\u00f6nnte es zur Wiederholung des Antisemitismus in Deutschland kommen. J\u00fcdische Mitb\u00fcrger in ihren Synagogen werden besonders vor Anschl\u00e4gen gesch\u00fctzt. Dies gelingt besonders effektiv, indem rechte Ausl\u00e4nderfeinde als Nazis enttarnt werden. Ethnische Gesinnungspolitiker geh\u00f6ren aus dem Land gejagt. Schlie\u00dflich ist Deutschland woke und steht f\u00fcr Vielfalt. Muslimische Fl\u00fcchtlinge wurden besonders willkommen gehei\u00dfen. Schlecht frequentierte Kirchen konnten abgerissen und neue Wohnungen und Moscheen gebaut werden. Vom Bundespr\u00e4sident wurde verordnet \u201cDer Islam geh\u00f6rt zu Deutschland\u201d. Die Kanzlerin lud Wirtschaftsfl\u00fcchtlinge zum Selfie ein. Wir schaffen das, die BRD abzuschaffen. Deutschland darf ruhig etwas von seinem Wohlstand abgeben. Wir haben die Macht, das sollte dem Volk bewusst sein. Wenn 20 Prozent etwas anderes wollen, dann geh\u00f6ren die nicht zur schwarz-gr\u00fcnen oder rot-gelben Einheitsgesellschaft. Das wurde schon den Impfverweigerern verdeutlicht.<\/p>\n<p>Da liegt der Hund begraben.<\/p>\n<p>Eine Aufarbeitung von Fehlern wird es in geschw\u00e4rzten Protokollen und Vertr\u00e4gen nie geben. Wozu auch? Die machtbesessene Ampel kann gar keine Fehler begangen haben. Alle Staatsdiener wurden bestens ausgebildet. Das Niederkn\u00fcppeln von Demonstranten durch die Polizei war in allen Diktaturen erfolgreich. Volksverhetzer m\u00fcssen so lange in Untersuchungshaft bleiben, bis sie gel\u00e4utert sind. Dank einer neuen digitalen W\u00e4hrung, braucht sich das Volk \u00fcberhaupt keine Sorgen zu machen. Die Konten wurden sowieso durchleuchtet. Dumme Schafe k\u00f6nnen als Hirten w\u00e4hlen, wen sie wollen. Bei W\u00f6lfen an der Wall Street bleibt es sowieso dabei: Geld regiert mit BlackRock die Welt. Und die durch Milliarden von Steuergeldern gef\u00fctterte Pharmabranche mitsamt WHO. Die Vereinten Nationen m\u00fcssen im ganzen Erdkreis dank der guten Impfbotschaft geheilt werden. Auch Afrika wird mit neuen BioNTech-Fabriken gerettet. MRNA ist die neueste wissenschaftliche Erkenntnis bis zur n\u00e4chsten Pandemie. Es ist nur ein Pieks oder ein Chip unter die Haut. Mit dem Malzeichen des Tieres an Hand oder Stirn wird der Weg in der Apokalypse frei gemacht. Dann geht die T\u00fcr ins Kaufhaus auf oder die Pforte \u00f6ffnet sich ins Stadion. Endlich wird die Menschheit frei und gl\u00fccklich werden. Es gibt kein Gesetz, au\u00dfer du tust, was wir wollen. Alle ziehen auf dem Weg ins Verderben an einem Strang. Denn die H\u00f6lle ist der Himmel. Das hat die Maik\u00f6nigin in \u201cStairway to Heaven\u201d so prophezeit. Auf dem Weg dorthin onanieren Pr\u00e4sidenten in S\u00e4rgen des Skull and Bones Grabes oder Kanzler verbrennen im Bohemian Grove ihre Sorgen vor der riesigen Euleng\u00f6ttin. Um nicht Alex Jones, sondern den Spiegelbericht vom 29.07.1979 zu zitieren, wurde Helmut Schmidt nach kurzem Aufenthalt nicht Zeuge des \u00fcblichen Rituals.<\/p>\n<p>Meine Zeitgenossen, die sich in der Landesschau \u00fcber das L\u00e4ndle informieren, m\u00f6gen sich weniger f\u00fcr alliierte Besatzungsm\u00e4chte und deren geheimb\u00fcndische Vorlieben interessieren. Minderheiten werden nur im Sinne der Agenda besch\u00fctzt. Mein Solidarit\u00e4tsaufruf, mir zu helfen, meinen Arbeitsplatz nicht zu verlieren, hat die Wenigsten interessiert. Die Toleranz h\u00f6rt schnell auf, wenn selbst Nachteile drohen. Darum schwimmt der Gro\u00dfteil der Bev\u00f6lkerung mit dem Strom. Aktuell \u00e4rgert es mich besonders, dass kein Protest gegen Diakonie-Pr\u00e4sident Schuch ge\u00e4u\u00dfert wird, ob der Aussage:<\/p>\n<p>\u201c<em>Wer die AfD aus \u00dcberzeugung w\u00e4hlt, kann nicht in der Diakonie arbeiten!\u201d<\/em><\/p>\n<p>Gleicherma\u00dfen verbreitet das ZDF zu gerne folgenden Kirchenausschluss:<\/p>\n<p>\u201c<em>Diese Leute k\u00f6nnen sich im Grunde auch nicht mehr zur Kirche z\u00e4hlen, denn das menschenfeindliche Weltbild der AfD widerspricht dem christlichen Menschenbild!\u201d<\/em><\/p>\n<p>Zum Merkmal einer Sekte geh\u00f6rt, dass Andersdenkende und Kritik \u00dcbende vom F\u00fchrer ausgeschlossen werden. Der Leiter der Diakonie wird sich auch durch die Worte von evangelischen Bischofskonferenzen best\u00e4tigt f\u00fchlen:<\/p>\n<p>\u201c<em>Wer die AfD w\u00e4hlt, unterst\u00fctzt eine Partei, die das christliche Menschenbild mit F\u00fc\u00dfen tritt, programmatisch mit gruppenbezogener Menschenfeindlichkeit gegen das Gebot der N\u00e4chstenliebe verst\u00f6\u00dft und mit ihren Hetzparolen den Geist der Gemeinschaft vergiftet. Diese Partei will uns die Mitmenschlichkeit, unseren N\u00e4chsten die Menschenw\u00fcrde und Gott die Ehre entrei\u00dfen. Wir bitten Christ*innen und Nicht-Christ*innen, mit ihrer Stimme bei den zw\u00f6lf anstehenden Wahlen in diesem Jahr die Demokratie zu st\u00e4rken und nicht zu schw\u00e4chen.\u201c<\/em><\/p>\n<p>Der Vorsitzende der katholischen Bischofskonferenz Georg B\u00e4tzing hat als lupenreiner Demokrat beschlossen, die unw\u00e4hlbare AfD konkret zu benennen mit:<\/p>\n<p>\u201c<em>Rechtsextreme Parteien und solche, die am Rande dieser Ideologie wuchern, k\u00f6nnen f\u00fcr Christinnen und Christen daher kein Ort ihrer politischen Bet\u00e4tigung sein und sind auch nicht w\u00e4hlbar.\u201d<\/em><\/p>\n<p>Scheinbar f\u00fcrchtet man sich nicht vor einem weiteren Mitgliederschwund. Was tun nun die Aufseher \u00fcber die Gemeinde zum Schutz des christlichen Glaubens oder zum Schutz unserer Frauen und Kinder?<\/p>\n<p>Niemand, von diesen hohen Herren, die f\u00fcr religi\u00f6se Bildung zust\u00e4ndig sind, scheint auf die Idee zu kommen, Hass und Hetze gegen die W\u00e4hler und Parteimitglieder der AfD mit unbewiesenen Behauptungen zu verbreiten. Das Ziel der politischen Bildung sind m\u00fcndige B\u00fcrger als politisch urteilsf\u00e4hige Menschen, die die \u00f6ffentlichen Angelegenheiten wenigstens kritisch reflektieren und sich bestenfalls aktiv in Politik und Zivilgesellschaft einbringen. Einigkeit und Recht und Freiheit? Oder Spaltung und Unrecht und Gefangenschaft?<\/p>\n<p>In Vergessenheit, scheint die Trennung von Religion und Staat gekommen zu sein. Auch Urteile von Arbeitsgerichten, man d\u00fcrfe auch ohne Kirchenzugeh\u00f6rigkeit in der Diakonie arbeiten sind gestrig. Eine Muslima bekam nach dem Antidiskriminierungsgesetz eine Entsch\u00e4digung von der Diakonie, weil diese aufgrund des Glaubens nicht zum Vorstellungsgespr\u00e4ch eingeladen wurde. Wer sich nicht impfen l\u00e4sst oder eine bestimmte Partei w\u00e4hlt, hat als in Deutschland geborener Staatsb\u00fcrger weniger Rechte, als zugewanderte Moslems, die aktuell auf Hamburgs Stra\u00dfen ein Kalifat mit Scharia fordern. Diese sind nicht wirklich radikal, sondern integrieren sich bestens in Demonstrationen mit den linken Verfechtern unserer Demokratie.<\/p>\n<p>Als Christ sollte man sich bewusst sein, kein falsches Zeugnis gegen seinen N\u00e4chsten ablegen zu d\u00fcrfen. Grundlage eines v\u00f6lkischen Nationalismus, bei dem bestimmte Ethnien deportiert werden, ist jedoch ein CORRECTIV-Theaterst\u00fcck \u00fcber ein verwanztes Geheimtreffen von Gesch\u00e4ftsleuten im Potsdamer Hotel. Denn Mangels an Beweisen kann man aus dem AfD-Parteiprogramm und Reden im Bundestag nichts finden. Trotzdem ist die AfD gesichert rechtsextrem, auch wenn Verfassungsschutzprotokolle zum Schutz der Verfassung Sch\u00fctzenden nicht freigegeben werden.<\/p>\n<p>Darum gebe ich selbst den Faktenchecker, warum die AfD ein christliches Weltbild in ihrem Programm vertritt:<\/p>\n<p>Bekenntnis zur traditionellen Familie als Leitbild<\/p>\n<p>Die Alternative f\u00fcr Deutschland bekennt sich zur traditionellen Familie als Leitbild. Ehe und Familie stehen nach dem Grundgesetz zu Recht unter dem besonderen Schutz des Staates.<\/p>\n<p>Willkommenskultur f\u00fcr Neu- und Ungeborene<\/p>\n<p>In Deutschland kommen auf rund 700.000 Lebendgeburten pro Jahr ca. 100.000 Schwangerschaftsabbr\u00fcche. Werdende Eltern und alleinstehenden Frauen in Not m\u00fcssen \ufb01nanzielle und andere Hilfen vor und nach der Entbindung angeboten werden, damit sie sich f\u00fcr ihr Kind entscheiden k\u00f6nnen. Die Alternative f\u00fcr Deutschland wendet sich gegen alle Versuche, Abtreibungen zu bagatellisieren, staatlicherseits zu f\u00f6rdern oder sie zu einem Menschenrecht zu erkl\u00e4ren.<\/p>\n<p>Aus den Reden im Parlament und weniger von den Kanzeln der Kirchen ist zu h\u00f6ren, dass<\/p>\n<p>Die AfD gegen die Fr\u00fchsexualisierung der Kinder und f\u00fcr das Erziehungsrecht durch die Eltern ist.<\/p>\n<p>Die AfD gegen das Selbstbestimmungsgesetz mit dem Recht auf j\u00e4hrlichen Wechsel des Geschlechts ist.<\/p>\n<p>Die AfD gegen den Genderunsinn und f\u00fcr den Erhalt des christlichen Familienmodells ist.<\/p>\n<p>Die AfD als einzige Partei im Bundestag eine Aufarbeitung der Verst\u00f6\u00dfe gegen das Grundgesetz w\u00e4hrend der Coronazeit fordert.<\/p>\n<p>Die AfD gegen Kriegstreiberei mit milliardenschweren Waffenlieferungen und gegen eine weitere Eskalation der schlechten Beziehungen zu Russland ist.<\/p>\n<p>Als bekennender Christ verweise ich auf die Warnung von Jesus aus der Bergpredigt in Matth\u00e4us 5:<\/p>\n<p><em>Ich aber sage euch, dass jeder, der seinem Bruder ohne Ursache z\u00fcrnt, dem Gericht verfallen sein wird. Wer aber zu seinem Bruder sagt: Du Schwachkopf, der geh\u00f6rt vor den Hohen Rat. Wer aber sagt: Du Narr!, der wird dem h\u00f6llischen Feuer verfallen sein.<\/em><\/p>\n<p>In den letzten Jahren verleumdete man mich und meinesgleichen als Covidiot, Schwurbler, Coronaleugner, Rechtsradikaler oder Nazi. An meine christlichen Br\u00fcder und Schwestern sei die Frage erlaubt, ob sie keine Ehrfurcht davor haben, dem Gericht des h\u00f6llischen Feuers \u00fcbergeben zu werden? Als Hauptverantwortlicher von Caritas und Diakonie w\u00fcrde ich mir eher Sorgen machen, dass mich ein geistig behindertes Kind in einem Gericht vor Gottes Thron fragen k\u00f6nnte, warum durfte ich meine geliebte Mutter nicht mehr sehen und verlor alle Lebensfreude. Oder ein dementer Ehemann anklagt, warum habt ihr bei meinem Todeskampf nicht meine Frau ans Sterbebett gelassen? Die Psychologin mit Hirnthrombose k\u00f6nnte w\u00fcnschen, dieselben Schmerzen erleiden zu m\u00fcssen, die sie wegen des Drucks und Zwangs zur unerforschten Injektion als Versuchskaninchen erleiden musste. Von der Zahl an Kindern, Jugendlichen und jungen Erwachsenen nicht zu reden, deren Herz unverhofft aufh\u00f6rte zu schlagen, weil sie dem kollektiven Wahnsinn erlegen sind.<\/p>\n<p>Die Pharis\u00e4er und Schriftgelehrten waren sich sicher, auf der richtigen Seite zu sein. Peinlichst genau befolgten sie ihre Menschengebote. Sie lie\u00dfen sich gerne auf den Stra\u00dfen gr\u00fc\u00dfen und bekleideten die h\u00f6chsten \u00c4mter in der Gesellschaft. Selbstgerecht und selbstverliebt dachten sie, unfehlbar als wichtigste Staatsdiener zu sein. Inwendig waren sie M\u00f6rder und voller Totengebeine. Der Vater der L\u00fcge gebiert seit Urzeiten seine ureigne Schlangenzucht.<\/p>\n<p>Wer mich nun bezichtigt mit diesen Worten Hass und Hetze zu verbreiten, der sollte zur Besinnung kommen und erst einmal vor der eigenen T\u00fcr kehren.<\/p>\n","protected":false},"excerpt":{"rendered":"<p>Die Verfechter der Demokratie treten in ihren Wahlplakaten gegen Hass und Hetze auf. Dem W\u00e4hler wird versprochen, dass die Regierungsvertreter alles daf\u00fcr tun, unsere Verfassung zu sch\u00fctzen. In meinen Augen wird allerdings alles unternommen, um eine weitere Spaltung in der Gesellschaft durchzuf\u00fchren. Denn es gibt einen b\u00f6sen Feind zu besiegen, der Verh\u00e4ltnisse aus schlimmsten Zeiten [&hellip;]<\/p>\n","protected":false},"author":2,"featured_media":0,"parent":37,"menu_order":22,"comment_status":"open","ping_status":"closed","template":"","meta":{"footnotes":""},"class_list":["post-198","page","type-page","status-publish","hentry"],"_links":{"self":[{"href":"https:\/\/jonathanfischer.de\/index.php?rest_route=\/wp\/v2\/pages\/198","targetHints":{"allow":["GET"]}}],"collection":[{"href":"https:\/\/jonathanfischer.de\/index.php?rest_route=\/wp\/v2\/pages"}],"about":[{"href":"https:\/\/jonathanfischer.de\/index.php?rest_route=\/wp\/v2\/types\/page"}],"author":[{"embeddable":true,"href":"https:\/\/jonathanfischer.de\/index.php?rest_route=\/wp\/v2\/users\/2"}],"replies":[{"embeddable":true,"href":"https:\/\/jonathanfischer.de\/index.php?rest_route=%2Fwp%2Fv2%2Fcomments&post=198"}],"version-history":[{"count":4,"href":"https:\/\/jonathanfischer.de\/index.php?rest_route=\/wp\/v2\/pages\/198\/revisions"}],"predecessor-version":[{"id":395,"href":"https:\/\/jonathanfischer.de\/index.php?rest_route=\/wp\/v2\/pages\/198\/revisions\/395"}],"up":[{"embeddable":true,"href":"https:\/\/jonathanfischer.de\/index.php?rest_route=\/wp\/v2\/pages\/37"}],"wp:attachment":[{"href":"https:\/\/jonathanfischer.de\/index.php?rest_route=%2Fwp%2Fv2%2Fmedia&parent=198"}],"curies":[{"name":"wp","href":"https:\/\/api.w.org\/{rel}","templated":true}]}}