{"id":195,"date":"2019-01-15T22:07:56","date_gmt":"2019-01-15T22:07:56","guid":{"rendered":"http:\/\/jonathanfischer.de\/?page_id=195"},"modified":"2023-12-23T23:21:36","modified_gmt":"2023-12-23T23:21:36","slug":"markus-wenz-die-zukunft-der-gemeinde","status":"publish","type":"page","link":"https:\/\/jonathanfischer.de\/?page_id=195","title":{"rendered":"Der Niedergang einer Nation"},"content":{"rendered":"<p>Eine Nation bezeichnet gr\u00f6\u00dfere Gruppen oder Kollektive von Menschen, denen gemeinsame Merkmale wie Sprache, Tradition, Sitten, Br\u00e4uche oder Abstammung zugeschrieben werden. Die Geburtsgemeinschaft, aus dem lateinischen \u201cnasci\u201d abgeleitet, wird zum Volk oder bildet eine Sippschaft. Dieses Verm\u00e4chtnis haben die Bewohner Roms in ihrer indogermanischen Sprache mit \u201cnatio\u201d hinterlassen. F\u00fcr den Untergang Roms werden verschiedene Gr\u00fcnde angef\u00fchrt, wobei bei den Top-Ergebnissen die V\u00f6lkerwanderung mit der Migration von germanischen St\u00e4mmen ins Auge springt.<\/p>\n<p>Das Imperium Romanum war \u00fcber Jahrhunderte erfolgreich, andere Nationen zu unterjochen und deren L\u00e4nder einzunehmen. \u201cDivide et impera\u201d wurde neben der milit\u00e4rischen St\u00e4rke das Erfolgskonzept, um eine zu beherrschende Volksgruppe in Untergruppen miteinander widerstrebenden Interessen aufzuspalten. Als Bibelkenner denke ich an Herodes den Gro\u00dfen, einen edomitischen Vasallenk\u00f6nig, der vom Kaiser zum Prokurator in Jud\u00e4a eingesetzt worden ist. Die Abstammung spielte selbst beim Amt des Hohepriesters keine Rolle. So war der \u00c4mterkauf in der Antike auch in religi\u00f6sen Kreisen gang und g\u00e4be. Hannas und Kajaphas wurde vom bestochenen r\u00f6mischen Pr\u00e4fekten, und nicht von Gott gem\u00e4\u00df seiner Heiligen Schrift, in den aaronitischen Levitenstand berufen. Mein Namensvetter, der Evangeliumschreiber Matth\u00e4us, einst Z\u00f6llner unter Roms Gnaden, sorgte als kleineres Bindeglied zum Verdruss, indem er in seinem fr\u00fcheren Leben als verhasster S\u00fcnder Steuern f\u00fcr die Besatzungsmacht und zu seinem eigenen Profit einstrich.<\/p>\n<p>Um auf die heutige Zeit zur\u00fcckzukommen, k\u00f6nnte der ein oder andere Leser bei \u201cTeile und Herrsche\u201d einen Vergleich mit unserer Regierung und deren teils korrupten Politkern aufstellen. An folgenden Amtseid sei erinnert:<\/p>\n<p><i>Ich schw\u00f6re, dass ich meine Kraft dem Wohle des deutschen Volkes widmen, seinen Nutzen mehren, Schaden von ihm wenden, das Grundgesetz und die Gesetze des Bundes wahren und verteidigen, meine Pflichten gewissenhaft erf\u00fcllen und Gerechtigkeit gegen jedermann \u00fcben werde.<\/i><\/p>\n<p>In einer Gesellschaft, in der die Werte des christlichen Abendlands immer mehr beiseite gewischt werden, ist es am Ende wenig erstaunlich, dass <i>\u201cSo wahr mit Gott helfe!\u201d<\/i> aus Artikel 56 Grundgesetz weggelassen werden darf.<\/p>\n<p>F\u00fcr meineidige Machtmenschen kann es gef\u00e4hrlich werden, wenn das Volk zum Schluss kommt, dass die gew\u00e4hlten Interessensvertreter nicht viel zum Wohl der Gemeinschaft beitragen, sondern die Pl\u00e4ne des internationalen Geldadels vertreten. Das World Economic Forum in Davos l\u00e4sst mit Klaus Schwabs klar definierten Zielen allj\u00e4hrlich gr\u00fc\u00dfen. Undurchsichtige finanzielle Verflechtungen, die zu intransparenten Entscheidungen f\u00fchren, werden schon l\u00e4nger von Kritikern als Lobbyismus bezeichnet. Nun k\u00f6nnten sich fremde M\u00e4chte als Schattenregierung sogar auf die Fahne geschrieben haben, Deutschland zu schw\u00e4chen. Unverbl\u00fcmt wird verk\u00fcndet, die eigene Nation auf Kosten anderer L\u00e4nder wieder stark zu machen. Strafz\u00f6lle sind f\u00fcr unsere erfolgreiche Exportwirtschaft nichts Neues und Milliarden hohe Bu\u00dfgelder m\u00f6gen sich die gewichtigen DAX-Konzerne selbst eingebrockt haben. Mehr nervt mich der Zeitaufwand, in der Berufspraxis jeden Kunden zu befragen und festzuhalten, ob er laut dem FATCA-Abkommen in den USA steuerpflichtig ist. Bekanntlich ist die letzte mit Milit\u00e4rbasen verbliebene (ehemalige) Besatzungsmacht im transatlantischen B\u00fcndnis zu unserem Freund und Besch\u00fctzer geworden.<\/p>\n<p>Nach dem Zweiten Weltkrieg ist es in der Tat erstaunlich, welchen wirtschaftlichen Aufschwung die Bundesrepublik Deutschland genommen hat. Bei aller Skepsis, scheint damit in neuen Rezessions-Berechnungen Schluss zu sein. Wenn die Coronama\u00dfnahmen den Mittelstand noch nicht zerst\u00f6rt haben, dann schafft es die Regulierungswut der Gesetzgeber. Die Wiedervereinigung haben wir gut gemeistert, doch die Entwicklung in den letzten Jahren gibt zudem in sozialen Fragen jede Menge Anlass zur Sorge. Wer dies in Worte fasst, wird sofort als rechtsextrem verleumdet. Im Notstand gibt es keine L\u00f6cher in der Haushaltskasse und schon gar keine verfehlte Fl\u00fcchtlingspolitik, sondern eine Kanzlerin, die als Mutti der Nation alles mit alternativlosen Verordnungen im Alleingang schafft. Der Bestseller \u201cDeutschland schafft sich ab\u201d wurde 2010 in einer grotesken Wortsch\u00f6pfung als sarrazineske Prognose verunglimpft. Thilos Worte wie wir unser Land aufs Spiel setzen haben sich jedoch weitestgehend erf\u00fcllt. In meiner Heimatstadt Stuttgart werden Gesch\u00e4fte zerst\u00f6rende Randalierer der Partyszene zugeordnet. T\u00e4tlich angegriffene Polizisten sind Rassisten, wenn sie es wagen den hohen Ausl\u00e4nderanteil der pr\u00fcgelnden und pl\u00fcndernden Aktivisten anzusprechen. Die Presse informiert in ihren Berichten \u00fcber Vergewaltigungen absichtlich nicht \u00fcber die ethnische Herkunft der Sexualstraft\u00e4ter. Verbrechensstatistiken mit R\u00fcckschluss auf den Ausl\u00e4nderanteil bleiben oft unver\u00f6ffentlicht. Das w\u00fcrde einer vom Verfassungsschutz als erwiesen rechtsextrem eingestuften Partei nur mehr W\u00e4hlerstimmen bescheren. Der oberste Verfassungssch\u00fctzer Hans-Georg Maa\u00dfen wurde nach seinem Rausschmiss von der TAZ dem rechten Paralleluniversum der AfD zugeordnet, weil er mutma\u00dfte, dass er als Gegner von Merkels Fl\u00fcchtlingspolitik gehen musste. Darauf Bezug nehmend, dass gute Sitten und Traditionen in unserem Land abgeschafft werden, sei darauf hingewiesen, dass der AfD von den Parteien, die sich als Verfechter der Demokratie ansehen, wiederholt zustehende Posten als Vorsitzende von Bundestagsaussch\u00fcssen verweigert wurden.<\/p>\n<p>Nun habe ich in den besinnlichen Tagen zu Weihnachten 2023 den Eindruck, dass sich mein Heimatland Deutschland im Niedergang befindet. Die Schuld daf\u00fcr sehe ich jedoch nicht in einem neu erwachten Nationalsozialismus, sondern in Verantwortungstr\u00e4gern, die aufgrund mangelnder Bildung unf\u00e4hig sind, unsere Nation zu leiten. In meinen 55 Jahren habe ich noch nie Minister erlebt, die derma\u00dfen peinlich und unqualifiziert ihr Amt aus\u00fcbten.<\/p>\n<p><i>Dummheit sch\u00fctz vor Strafe nicht!<\/i><\/p>\n<p>Als gl\u00e4ubiger Christ \u00fcberlege ich mir, ob es eine Strafe Gottes ist, so t\u00f6richte Regierungsmitglieder als Machthaber verordnet zu bekommen. Auf internationalem Parkett werden deren Entgleisungen und Alleing\u00e4nge verwundert wahrgenommen. Vor zwei Jahren plante ich die Flucht ins Ausland, da meiner Familie das Leben schier unm\u00f6glich gemacht wurde. Daf\u00fcr, dass mir meine Grundrechte beraubt wurden und ich aufgrund meiner Geisteshaltung b\u00f6swillig diskriminiert wurde, bekam ich nie eine Entschuldigung. Es ist auch kein Wille bei der unter Erinnerungsl\u00fccken leidenden Regierung erkennbar, den faschistischen Zwang zur Gentherapie aufzuarbeiten. Die verursachten Gesundheitssch\u00e4den der Bev\u00f6lkerung werden verharmlost oder umgedeutet. In meinem Leben gab es noch nie so viele L\u00fcgen, die als Propaganda in den Staatsmedien verbreitet wurden. Unsere Mitb\u00fcrger in den neuen Bundesl\u00e4ndern haben historisch bedingt ein besseres Gesp\u00fcr daf\u00fcr. Anders ausgedr\u00fcckt, sie sind besonders anf\u00e4llig f\u00fcr Verschw\u00f6rungsmythen.<\/p>\n<p><i>In der Einleitung habe ich von Wikipedia abgeschrieben und stelle dazu eine einfache Frage:\u00a0<\/i><i>Werden gerade gemeinsame Merkmale wie Sprache, Tradition, Sitten, Br\u00e4uche oder Abstammung des deutschen Volkes bewusst au\u00dfer Kraft gesetzt?<\/i><\/p>\n<p>Bitte denken Sie einmal dar\u00fcber nach und suchen Sie eigene Beispiele.<\/p>\n<p>Was mir gerade besonders gegen den Strich geht, ist die mir aufgezwungene, schwer auszusprechende Gendersprache. Da k\u00f6nnte ich \u2026 und schalte die Tagesschau wieder ab.<\/p>\n<p>B\u00fccher lesen macht bekanntlich schlauer. In \u201cPatriotismus \u2013 ein linkes Pl\u00e4doyer\u201d, sch\u00e4mt sich der fr\u00fchere Vorsitzende der Gr\u00fcnen Partei nicht zu prahlen: \u201cVaterlandsliebe fand ich stets zum Kotzen. Ich wusste mit Deutschland noch nie etwas anzufangen und wei\u00df es bis heute nicht.\u201d<\/p>\n<p>Die fr\u00fchere Co-Parteivorsitzende des gr\u00fcnen Dreamteams kann mit Otto von Bismarck nichts anfangen und benennt den Sitzungssaal im Ausw\u00e4rtigen Amt kurzerhand um. F\u00fcr Unverst\u00e4ndnis sorgte ebenso bei der Bev\u00f6lkerung, dass ein 482 Jahre altes Ratskreuz aus dem historisch bedeutsamen Friedenssaal zu M\u00fcnster vor dem G7-Treffen entfernt wurde. Als Gemeinsamkeit wird eine \u00e4ltere Parteichefin als Beauftragte f\u00fcr Kultur und Medien vom fr\u00fcheren Bundestagspr\u00e4sident bezichtigt, unf\u00e4hig und unwillig zu sein, einen religi\u00f6sen Text und religi\u00f6se Zeichen noch zu verstehen und historisch angemessen zu lesen. Also soll Kuppelkreuz und Schriftzug des Berliner Stadtschlosses entfernt oder verh\u00fcllt werden. Der vom preu\u00dfischen K\u00f6nig Friedrich Wilhelm IV. (1795-1861) aus Bibelversen zusammengesetzte und beim Wiederaufbau des Schlosses rekonstruierte Schriftzug lautet:<\/p>\n<p><i>Es ist kein ander Heil, es ist auch kein anderer Name den Menschen gegeben, denn der Name Jesu, zu Ehren des Vaters, da\u00df im Namen Jesu sich beugen sollen aller derer Kniee, die im Himmel und auf Erden und unter der Erde sind.<\/i><\/p>\n<p>Die Islamisierung des deutschen Volkes w\u00e4re schneller fortgeschritten, wenn die T\u00fcrken 1683 nicht vor den Wiener Stadtmauern und Festungsanlagen aufgehalten worden w\u00e4ren. Heute wird uns in einer pr\u00e4sidialen Infiltration eingetrichtert, dass der Islam zu Deutschland geh\u00f6re. Je mehr verschleierte, geburtenstarke Frauen in der \u00d6ffentlichkeit wahrgenommen werden, desto mehr n\u00e4hern wir uns den zweckgerichteten Ansprachen der im Ausland ausgebildeten Imame. Aktuell f\u00e4llt auf, dass sich kaum ein Muttersprachler f\u00fcr deren schwer verst\u00e4ndliche Worte interessiert hat. Die \u00dcbernahmepl\u00e4ne werden jedoch offen kommuniziert. Schon vor Jahrtausenden war der b\u00f6se Eroberungsplan Bileams das milit\u00e4risch nicht besiegbare, gegnerische Volk in seiner Identit\u00e4t zu schw\u00e4chen, indem es mit anderen V\u00f6lkern vermischt werden sollte. Merkels Willkommensruf hallte vom Mittleren Osten bis nach Westafrika. Menschen in Mali f\u00fchlten sich eingeladen, obwohl sie eigentlich gar nicht wegwollten. Junge M\u00e4nner aus Afghanistan mit ausreichend Geld f\u00fcr Schleuserbanden, machten sich auf den Weg durch die \u00f6stliche Route ins gelobte Land und waren oft frustriert, keine Frau zu finden. In Wien f\u00fchrte die Gruppenvergewaltigung einer 13-J\u00e4hrigen bis hin zum Mord. Die unter Drogen gesetzte Leonie wurde danach einfach auf der Stra\u00dfe abgelegt.<br \/>\nAls Kavaliersdelikt wird angesehen, wenn P\u00e4sse bei der Einreise zur Identit\u00e4tsverschleierung weggeworfen und Altersangaben gef\u00e4lscht werden. Im Gegensatz zu anderen L\u00e4ndern legt Deutschland weniger Augenmerk auf die Grenzsicherung und rettet zum Leidwesen Italiens afrikanische Bootsfl\u00fcchtlinge direkt vor der libyschen K\u00fcste. Der Schreiber ist \u00fcbrigens kein Ausl\u00e4nderfeind, sondern war Mitarbeiter im Freundeskreis Asyl und erwartet gerade Besuch von Hossein. In der Praxis gibt es ausgezeichnete Beispiele von Zuwanderern, die in k\u00fcrzester Zeit unsere Sprache erlernten, erfolgreich eine Ausbildung abschlossen und hart arbeiten, ohne vom B\u00fcrgergeld abh\u00e4ngig zu sein. Zur Integration geh\u00f6rt allerdings dazu, dass man bereit ist, sich als Gast an die Gepflogenheiten des Gastgebers anzupassen und nicht umgekehrt.<\/p>\n<p><i>Hat das beliebteste Gastgeberland mit den h\u00f6chsten Leistungen irgendetwas aus den Entwicklungen der Vergangenheit gelernt?<\/i><\/p>\n<p>Lehrer, die von ihren Sch\u00fclern mit \u201cAllahu akbar\u201d Rufen umzingelt werden k\u00f6nnen ein Lied von flei\u00dfigen Fachkr\u00e4ften singen, wenn sie ihren Kopf noch nicht abgehackt bekommen haben. Schreiben und Rechnen will gelernt sein, worauf bestimmte Bev\u00f6lkerungsgruppen einfach keinen Bock haben. Digger, dies zeigt die Erfahrung und brandaktuelle PISA-Berichte. Die Pal\u00e4stinenser-Flagge auf dem Schulhof f\u00fchrte in Berlin zur Pr\u00fcgelei von Sch\u00fclern und Lehrer. Den Judenhass hat die Presse gerne dem rechten Spektrum zugeordnet, wobei Pro-Pal\u00e4stina-Demonstrationen eher gegenteilige Berichte zum Ausdruck bringen. Die Bundesregierung versichert derweil flei\u00dfig, alles gegen Antisemitismus zu unternehmen. Die Israel ausl\u00f6schen wollende Extremisten sollen ausgewiesen werden. Radikal ihre Religion verteidigende Mitb\u00fcrger verdienen jedoch Respekt, zumal sie handgreiflich werden k\u00f6nnten. So werden aus R\u00fccksicht in Kinderg\u00e4rten Weihnachtfeste mit ihren Br\u00e4uchen samt Schokonikolaus abgeschafft und stattdessen Halal-Gerichte aufgetischt. Weltoffene Erzieherinnen ohne christlichen Hintergrund lassen bei aller Toleranz in einer geplanten Fr\u00fchsexualisierung die Jungs M\u00e4dchenr\u00f6cke anprobieren und die M\u00e4dchen in Doktorspielen die Jungs anfassen. Dragqueens werden eingeladen, aus politisch korrekt bebilderten Kinderb\u00fcchern vorzulesen. Die staatlich verordnete Umerziehung zielt darauf ab, das herk\u00f6mmliche Familienbild in Zweifel zu ziehen. Es wird von klein auf betont, dass Mann und Mann heiraten und Kinder bekommen k\u00f6nnen. Oder andersherum, mit Josy und Marie steht selbst die evangelische Galil\u00e4a-Kirche in Berlin-Friedrichshain am Heiligen Abend f\u00fcr vielf\u00e4ltige Lebensformen:<\/p>\n<p><i>O Kinderlein kommet zum queer-feministischen Krippenspiel mit anschlie\u00dfender Drag-Show und gemeinsamen Essen.<\/i><\/p>\n<p>Wer bei der staatlich und kirchlich verordneten Regenbogenpolitik mit allen LGBTQ-Geschlechtern die Geschichte nicht mit umschreibt, dem droht als widersprechender Stra\u00dfenprediger Gef\u00e4ngnisstrafe.<\/p>\n<p>Mit Gef\u00e4ngnisstrafen zur\u00fcck hielt sich der Staat bei protestierenden Klimaklebern der letzten Generation. Diese werden von der Polizei vor \u00dcbergriffen frustrierter Autofahrer gesch\u00fctzt, auch wenn man in Kauf nimmt, dass Unfallopfer nicht rechtzeitig vom Notarzt ins Hospital eingeliefert werden k\u00f6nnen.<br \/>\nNach Gesundheitsminister Spahn und Lauterbach bin ich weniger verwundert, wenn mein Tod oder der Weltuntergang prophezeit wird. Dass wir alle sterben m\u00fcssen und das Ende auf diesem Planeten naht, kenne ich eher von Massenselbstmorden zur\u00fcckgezogener Urwaldsekten, die Angst und Schrecken verbreiteten. Lassen Sie sich nicht verr\u00fcckt machen. Die neueste Panikmache ist das Herunterbeten von auswendig gelernten Annahmen einer 1,5-Grad-Klimasekte, die in Talkrunden viel zu viel Aufmerksamkeit bekommt.<br \/>\nWehe uns, wenn wir nicht tun, was Guru Greta will. Die Chinesen lassen sich von der Hysterie \u00fcberhaupt nicht beeindrucken und beobachten unseren wirtschaftlichen Untergang durch weltweit hohen Strompreis eher mit Genugtuung.<\/p>\n<p>Wenn wir die Erde nicht retten k\u00f6nnen, dann pumpen wir mehr Ausgaben in ihre Zerst\u00f6rung, sprich f\u00fcr R\u00fcstungsg\u00fcter, die zum gro\u00dfen Teil importiert werden. Amerikanische Pr\u00e4sidenten forderten dies schon jahrelang. In meiner Schulzeit lernte ich, dass Deutschland sich nie wieder an einem Angriffskrieg beteiligt und die Bundeswehr nur dazu da ist, uns selbst zu besch\u00fctzen. Dieses Weltbild hat sich nach Dr. Peter Strucks \u201cDeutschland wird am Hindukusch verteidigt\u201d genauso ver\u00e4ndert, wie das Programm einer ehemaligen Friedenspartei. In einem ihrer zahlreichen Aussetzer erkl\u00e4rt Nachfolgerin Annalena im Europarat zu Stra\u00dfburg: \u201cJa, wir m\u00fcssen mehr tun, denn wir k\u00e4mpfen einen Krieg gegen Russland!\u201d Das war nat\u00fcrlich alles nicht so gemeint, auch wenn Deutschland bisher schon mehr als 17 Milliarden Euro an Milit\u00e4rhilfen an die Ukraine bereitgestellt hat. Nun bet\u00e4tige ich mich selbst als Untergangsprophet. Wie wahrscheinlich ist es, dass \u00fcber Berlin eine Atombombe abgeworfen wird, wenn es Putin oder Lawrow in milit\u00e4rischen \u00dcbungen geprobt und zuvor angek\u00fcndigt haben? Freilich braucht man als bestens gestylte Narzisstin auf internationalem Parkett, Staatsoberh\u00e4upter (L\u00fcgenbarone) f\u00fchrender Atomm\u00e4chte nicht ernst zu nehmen. Von sich selbst total \u00fcberzeugt, wird aus moralischen Gr\u00fcnden noch mehr \u00d6l ins Feuer gegossen. So hat die wichtigste Trampolinspringerin der Welt auf ihrem Siegeszug in New York den chinesischen Pr\u00e4sidenten Xi Jinping als Diktator scharf kritisiert. Man sieht an Baerbocks Gelassenheit und Kenntnisnahme, die vornehme Dame versteht etwas von Diplomatie.<\/p>\n<p><i>Armes Deutschland kann man dazu nur sagen, womit ich fast am Ende bin.<\/i><\/p>\n<p>Ich stamme von Bauernfamilien aus dem Schwarzwald ab und habe als Kind schon den Ochsenstall ausgemistet und bei der Ernte geholfen. Darum kann ich gut mitf\u00fchlen, was den ver\u00e4rgerten Berufsstand aus verschiedenen Landesteilen auf den Cannstatter Wasen treibt. Am 21.12.23 wurde ich nicht Zeuge des landwirtschaftlichen Hauptfestes, an dem mein Cousin mit seinem Zuchtbullen teilnimmt, sondern eines Gro\u00dfaufgebots von laut hupenden Traktoren. Ein moderner Bauernkrieg mit motorisierter Mistgabel ist ausgebrochen. Die Dung abladenden Landwirte k\u00f6nnen auch rechnen und addieren die fallende Befreiung f\u00fcr den Agrardiesel zur Kfz-Steuerbefreiung f\u00fcr land- und forstwirtschaftliche Fahrzeuge hinzu. Das macht 900 Millionen f\u00fcr die leere Haushaltskasse zulasten der Lebensmittel produzierenden Unternehmer. Man braucht kein Wirtschaftsstudium, um zu erkennen, dass das H\u00f6festerben dadurch weiter zunimmt. Den ganzen Wahnsinn wird das Volk erst erkennen, wenn kein Essen mehr auf dem Tisch steht. Als vorausschauende L\u00f6sung d\u00fcrfen wir dank neuer EU-Verordnung Mehlw\u00fcrmer, Heuschrecken, Grillen und Getreideschimmelk\u00e4fer zu uns nehmen. Wer jetzt eine absichtliche Strategie zum Nachteil der eigenen Nation vermutet ist sinnigerweise Verschw\u00f6rungstheoretiker. Parlamentarische Gesetzesbeschl\u00fcsse mit Einschr\u00e4nkungen f\u00fcr Landwirte, die nie f\u00fcr m\u00f6glich gehalten wurden, passieren ebenso in unserem Nachbarland. Die Niederlande hat hochoffiziell beschlossen:<\/p>\n<p><i>Furzen und R\u00fclpsen verboten!<\/i><\/p>\n<p>Das geht auf keine Kuhhaut oder anders ausgedr\u00fcckt, das versteht keine bl\u00f6de Kuh und kein dummer Ochse.<br \/>\n30 Prozenten der Viehbauern m\u00fcssen laut Vorstellung der holl\u00e4ndischen Regierung ihren Betrieb aufgeben. Konkret sei das Ziel, die Emissionen von Stickoxiden und Ammoniak bis 2030 um 50 Prozent zu senken. Als kleines Kind gab ich einmal von mir: \u201cWie sch\u00f6n haben es doch die K\u00fche, die k\u00f6nnen grad so rein schei\u00dfen, wo sie wollen!\u201d<\/p>\n<p>Auf die heutige Zeit bezogen k\u00f6nnen die Machthaber so viel Schei\u00dfe machen wie sie wollen.<br \/>\nEine Nation, die ihren Niedergang nicht bemerkt, wird sich nicht zur Wehr setzen.<\/p>\n","protected":false},"excerpt":{"rendered":"<p>Eine Nation bezeichnet gr\u00f6\u00dfere Gruppen oder Kollektive von Menschen, denen gemeinsame Merkmale wie Sprache, Tradition, Sitten, Br\u00e4uche oder Abstammung zugeschrieben werden. Die Geburtsgemeinschaft, aus dem lateinischen \u201cnasci\u201d abgeleitet, wird zum Volk oder bildet eine Sippschaft. Dieses Verm\u00e4chtnis haben die Bewohner Roms in ihrer indogermanischen Sprache mit \u201cnatio\u201d hinterlassen. F\u00fcr den Untergang Roms werden verschiedene Gr\u00fcnde [&hellip;]<\/p>\n","protected":false},"author":2,"featured_media":0,"parent":37,"menu_order":25,"comment_status":"open","ping_status":"closed","template":"","meta":{"footnotes":""},"class_list":["post-195","page","type-page","status-publish","hentry"],"_links":{"self":[{"href":"https:\/\/jonathanfischer.de\/index.php?rest_route=\/wp\/v2\/pages\/195","targetHints":{"allow":["GET"]}}],"collection":[{"href":"https:\/\/jonathanfischer.de\/index.php?rest_route=\/wp\/v2\/pages"}],"about":[{"href":"https:\/\/jonathanfischer.de\/index.php?rest_route=\/wp\/v2\/types\/page"}],"author":[{"embeddable":true,"href":"https:\/\/jonathanfischer.de\/index.php?rest_route=\/wp\/v2\/users\/2"}],"replies":[{"embeddable":true,"href":"https:\/\/jonathanfischer.de\/index.php?rest_route=%2Fwp%2Fv2%2Fcomments&post=195"}],"version-history":[{"count":11,"href":"https:\/\/jonathanfischer.de\/index.php?rest_route=\/wp\/v2\/pages\/195\/revisions"}],"predecessor-version":[{"id":852,"href":"https:\/\/jonathanfischer.de\/index.php?rest_route=\/wp\/v2\/pages\/195\/revisions\/852"}],"up":[{"embeddable":true,"href":"https:\/\/jonathanfischer.de\/index.php?rest_route=\/wp\/v2\/pages\/37"}],"wp:attachment":[{"href":"https:\/\/jonathanfischer.de\/index.php?rest_route=%2Fwp%2Fv2%2Fmedia&parent=195"}],"curies":[{"name":"wp","href":"https:\/\/api.w.org\/{rel}","templated":true}]}}