{"id":167,"date":"2018-12-04T17:51:57","date_gmt":"2018-12-04T17:51:57","guid":{"rendered":"http:\/\/jonathanfischer.de\/?page_id=167"},"modified":"2025-09-24T10:14:52","modified_gmt":"2025-09-24T10:14:52","slug":"leben-wir-in-der-ddr-2","status":"publish","type":"page","link":"https:\/\/jonathanfischer.de\/?page_id=167","title":{"rendered":"Leben wir in der DDR 2.0?"},"content":{"rendered":"<p><span style=\"font-size: large;\">Leben wir in der DDR 2.0?<\/span><\/p>\n<p><span style=\"font-size: large;\">Zur\u00fcck in die Zukunft, einen Sprung von 1989 in das Jahr 2025 machend, kommt ein DDR B\u00fcrger zum Schluss, in der DDR 2.0 zu leben. Die Rede des Alterspr\u00e4sidenten des neu zu konstituierenden Bundestags wird im Fernsehen unter aufmerksamen Blicken \u00fcbertragen. Der letzte Parteivorsitzende der SED Mauerm\u00f6rder darf in Ehren die traditionelle Er\u00f6ffnungsrede halten, ohne beim Thema oder der L\u00e4nge eingeschr\u00e4nkt zu werden. Die Brandmauer steht. Antr\u00e4ge, den wirklich \u00e4ltesten Abgeordneten in Parlamenten als Alterspr\u00e4sident aufzustellen, scheiterten an den Mehrheitsverh\u00e4ltnissen und perfiden Gesetzes\u00e4nderungen zum Nachteil der AfD. Vor 35 Jahren h\u00f6rte die DDR offiziell auf zu existieren. Der Staatssozialismus brach weltweit zusammen. Oder k\u00f6nnte es sein, dass die PDS als Nachfolgeorganisation mit sonstigen linken Parteifunktion\u00e4ren unbeachtet weiterregiert?<\/span><\/p>\n<p><span style=\"font-size: large;\">Der Sepp aus dem Wahlkreis Dessau-Wittenberg wird unbequem. Als stiller Protest liest CDU-Abgeordneter M\u00fcller das Buch \u201cDie T\u00e4ter sind unter uns\u201d von Wolfgang Staudte. Es handelt davon, die Diktatur in der DDR nicht sch\u00f6nzureden und die W\u00fcrde der Opfer nicht zu vergessen. Bei der Aufarbeitung der Stasi-Unterlagen k\u00f6nnte aus Datenschutz oder sonstigen Gr\u00fcnden interne Mitarbeiter unerkannt geblieben sein. In einem politischen Alptraum w\u00e4hnen sich die in der Vergangenheit von Spionen des sozialistischen Unrechtsstaates verratenen Mandanten. Am Mikrofon des Parlaments spielt sich der Anwalt der B\u00fcrger als Bewahrer der Demokratie auf, obwohl ein Vorwurf nie richtig aus dem Raum ger\u00e4umt wurde. Sollte der brilliante Redner als heimlicher Spitzel der Stasi die ihm anvertrauten Geheimnisse seiner Bekannten verkauft haben?<\/span><\/p>\n<p><span style=\"font-size: large;\">Niemand wird in einer Diktatur mit Schul- oder Kinderhorten unterdr\u00fcckt. Es wollen sich nur nicht alle Regimekritiker umerziehen lassen. Wer nicht in die Blockparteien der nationalen Front eintritt wird ausgegrenzt und macht keine Karriere. Denunzierte Staatsfeinde d\u00fcrfen sich politisch nicht engagieren. Neue Parteien werden vom Parteibuch-Verfassungsschutz-Pr\u00e4sidenten als gesichert rechtsextrem eingestuft, geh\u00f6ren verboten und bekommen keine Aufsichtsposten. Das kommt sogenannten Protestw\u00e4hlern in den neuen Bundesl\u00e4ndern allzu bekannt vor. Anders ausgedr\u00fcckt sind sie besonders anf\u00e4llig f\u00fcr Verschw\u00f6rungstheorien. Das gr\u00f6\u00dfte Problem der inneren Sicherheit besteht im Jargon der Gesetzesh\u00fcter darin, das Wiederaufleben des dritten Reiches zu verhindern.<\/span><\/p>\n<p><span style=\"font-size: large;\">Wenn die Europ\u00e4ische Union wirklich funktioniert, k\u00f6nnte sie eine Art vierte Wehrmacht werden \u2013 Weltmacht werden!<\/span><\/p>\n<p><span style=\"font-size: large;\">Mit dem vom Konzept abgelesenen Lapsus Linguae wird die Herde frei nach Sigmund Freud therapiert. Der beklatschte, hervorragende Hirte testet aus, durch welche schweren Zeiten die Sch\u00e4fchen bereit sind mitzugehen. Der Bundestag soll in der Psychoanalyse im Hinblick auf den Ukrainekrieg agieren. Mit einem hastig durchgepeitschten Billionenpaket wurde zuvor die Schuldenbremse gel\u00f6st. Dem Schritt zur Aufr\u00fcstung steht nichts mehr im Weg. Das verarmende deutsche Volk muss kriegst\u00fcchtig gemacht und die Invasion des Feindes an der Ostgrenze der EU abgewehrt werden, koste es, was es wolle.<\/span><\/p>\n<p><span style=\"font-size: large;\">Es gibt gerechte und ungerechte Kriege. Das ist bei Waffenlieferungen in Kriegsgebiete zu differenzieren. Kommunist Gregor Gysi verabschiedete sich bereits 2014 im heftigen Streit der Linkspartei als Lehrling der SED-Parteischule vom Pazifismus. Der ehemalige Pr\u00e4sident der Europ\u00e4ischen Linken (EL) ist f\u00fcr ein gemeinsames Europa und unterst\u00fctzt den Kurs von Ursula von der Leyen beim Aufbau einer \u00fcbergreifenden Armee. Im aktuellen Interview mit der HNA gibt es vor allem zwei Klassenfeinde zu bek\u00e4mpfen: Die AfD im Innern, da sie versucht Demokratie und Rechtsstaatlichkeit abzubauen. Von au\u00dfen stellt Donald Trump eine Gefahr dar. Der unverl\u00e4ssliche US-Pr\u00e4sident will als America First Egomane die Nummer Eins vor China bleiben. In Westeuropa werden daf\u00fcr freundschaftliche Einflussnahmen und kostspielige Sicherheitsgarantien aufgegeben. Mit der Wahl Trumps steht die USA vor dem Niedergang der Zivilisation und nicht ein \u00f6konomisch Selbstmord begehendes Dummland. Diese Ansicht vertritt die links-gr\u00fcne Mehrheit und der Rest der moralisch \u00fcber allem stehenden woken Sozialisten. Im j\u00fcngsten Gericht gilt es in einem reinigenden Feuer die Desinformation in sozialen Medien auszul\u00f6schen, sonst bricht die H\u00f6lle aus.<\/span><\/p>\n<p><span style=\"font-size: large;\">Meinungsfreiheit herbei zitierende Regimegegner geh\u00f6rten schon zu allen Zeiten ausgemerzt. Im durchgestochenen Koalitionsvertrag der CDU mit der SPD soll ein neues Wahrheitsministerium mit zentraler L\u00fcgenmeldestelle entstehen. Saubere Demokraten sch\u00fctzen sich und den Staat vor Verleumdungen von Schwurblern. Die Blockparteien handeln richtig, selbst wenn sie sich irren, da sie nur das Beste f\u00fcr die B\u00fcrger anstreben. Verdammt nochmal, fortschrittliche Messenger-RNA Impfungen waren, sind und werden immer richtig bleiben, so der Ethikrat. Es bestand nie eine Gefahr f\u00fcr die Bev\u00f6lkerung. Krankheits\u00fcberwachung und -pr\u00e4ventation werden vom staatlichen Robert-Koch-Institut mit wenigen \u00fcberforderten Mitarbeitern gew\u00e4hrleistet und nicht von zahlreichen kritischen Erbsenz\u00e4hlern. Impfgesch\u00e4digte werden laut Drogen freigebenden Gesundheitsminister in seinen Wahrnehmungsst\u00f6rungen entsch\u00e4digt. Falls nicht, haben haftbare \u00c4rzte halt nicht richtig \u00fcber die Nebenwirkungen aufgekl\u00e4rt. Tod durch Herzversagen stand doch auf dem Beipackzettel der freigestellten Pharmabranche. Anw\u00e4lte und Presse sollten besser den Mund halten, denn wir alle haben nicht anzuklagen, sondern viel zu verzeihen.<\/span><\/p>\n<p><span style=\"font-size: large;\">Krawallmacher wurden einst vom Schild und Schwert der Partei identifiziert und aus dem Weg ger\u00e4umt. Der Staatssicherheitsdienst der Deutschen Demokratischen Republik als Herrschafts- und Unterdr\u00fcckungsinstrument ist wie verwechselt. Die Organisatoren und Sprecher von Demonstrationen gegen ein Corona-Regime d\u00fcrfen sich gerne ins Ausland absetzen, wenn sie nicht schon aus dem selbigen Grund in Untersuchungshaft sitzen. Selbst friedlich organisierte Spazierg\u00e4nge werden unter Androhung von Waffengewalt vom sozialistischen B\u00fcrgermeister verboten. Die linientreue Staatsgewalt schreitet beim Geldeinsammeln von Coronaleugnern Dank weisungsgebundener Staatsanw\u00e4lte mit Hausdurchsuchungen und Beschlagnahmung des Handys und Verm\u00f6gens eifrig und h\u00e4misch ein. Maskenattest ausstellende \u00c4rzte landeten wie Corona-Impfung verweigernde Soldaten als Straft\u00e4ter im Gef\u00e4ngnis. Die Zulassung wurde entzogen, und die Lebensgrundlage ging verloren. Gewiss doch besteht kein Grund vor Existenz\u00e4ngsten. Niemand sollte sich entsetzen, in der DDR 2.0 Diktatur zu leben. Denn alle Fische, die mit dem Strom schwimmen, haben nichts zu bef\u00fcrchten.<\/span><\/p>\n<p><span style=\"font-size: large;\">In einem schwerwiegenden Fall des Entzugs der Grundrechte durch einen totalit\u00e4ren Gesetzgeber w\u00e4re zu erwarten, dass die Kirche den Zeigefinger erhebt oder die Gewerkschaften protestieren. Bestseller Peter Hahne, der vor allem f\u00fcr seine christlichen \u00dcberzeugungen bekannt ist, m\u00f6chte nach den RKI-Protokollen Handschellen klicken h\u00f6ren. Aber die f\u00fchrende religi\u00f6se Sippe l\u00e4sst ihre Bisch\u00f6fe seit Jahrhunderten vom Staat bezahlen, und Arbeiterbewegungen sind mit der Sozialdemokratie verheiratet. Die einzige Partei im neu gew\u00e4hlten Bundestag, die eine Aufarbeitung der Corona-Zeit fordert, wird gerade von den Amtskirchen und IG Metall oder ver.di bek\u00e4mpft. Pl\u00f6tzlich d\u00fcrfen AfD-Mitglieder das Ehrenamt nicht mehr aus\u00fcben. Durch organisierte Blockaden wird versucht Parteitage zu verhindern. Wenn es darum geht, Gegendemonstrationen gegen die Alternative f\u00fcr Deutschland oder Querdenken-Bewegung zu organisieren, dann ist die aus Steuermitteln bezahlte Antifa am Platz. Im Wahlkampf posierte Gysi j\u00fcngst mit der schwarz-roten 161 Sturmhaube. Auf TikTok wird aufgerufen aktiv zu werden, da die Welt sonst echt eklig wird. Umgekehrt scheint der Senior Bundestagspr\u00e4sident nicht auf die Idee zu kommen, dass vermummte Linksextremisten ganz sch\u00f6n eklig bzw. gewaltt\u00e4tig werden. Der rechte Gewerkschafter Andreas Ziegler wurde beim Besuch der Querdenken-711 Demonstration als Komapatient beinahe totgeschlagen. Auf dem Weg zum Cannstatter Wasen machten sich zwanzig vermummte Linksextreme mit Schlagwerkzeugen \u00fcber ihn und seine Begleiter her. Vier Jahre Haft in Deutschland stehen m\u00f6gliche 24 Jahre in Ungarn gegen\u00fcber. In Budapest urteilen die Gerichte sch\u00e4rfer gegen die linke Hammerbande. Die bekommt viel Solidarit\u00e4t aus den eigenen Reihen. Selbst SPD-Generalsekret\u00e4r Klingbeil bekennt sich als ehemaliger Antifa Aktivist.<\/span><\/p>\n<p><span style=\"font-size: large;\">Die Nazis f\u00fchlten sich ideologisch so \u00fcberlegen, dass sie verschiedene Bev\u00f6lkerungsgruppen mit Stumpf und Stiel ausrotten wollten.<\/span><\/p>\n<p><span style=\"font-size: large;\">Die SED-Propaganda stellte die DDR als antifaschistischen Staat dar, der den Nazismus ausgel\u00f6scht hatte. Der italienische Schriftsteller Ignazio Silone behauptete 1945 nach der R\u00fcckkehr aus dem Exil: Der neue Faschismus wird nicht sagen: Ich bin der Faschismus. Er wird sagen: Ich bin der Antifaschismus. Selbstverst\u00e4ndlich wird heute im bunten Miteinander der Vielfalt und Toleranz niemand ausgerottet oder sogar ein ganzes Land abgeschafft.<\/span><\/p>\n<p><span style=\"font-size: large;\">Wir schaffen das h\u00f6chstens in einer neuen Willkommenskultur, die 2015 durch Angela Merkel gepr\u00e4gt wurde. Ohne die \u00dcberflutung durch ungelernte islamische Fachkr\u00e4fte aus dem Morgenland geht eine christliche Nation zugrunde. Bei Muttis alternativlosen Entscheidungen war Widerspruch zwecklos. Folgerichtig wurden im Jahr 2018 Hans-Georg Maa\u00dfen als Pr\u00e4sident des Bundesamtes f\u00fcr Verfassungsschutz in den einstweiligen Ruhestand versetzt und Thilo Sarrazin nach dem dritten Verfahren aus der SPD ausgeschlossen.<\/span><\/p>\n<p><span style=\"font-size: large;\">Einstige Verr\u00e4ter in totalit\u00e4ren Staaten werden sp\u00e4ter zu Helden. Diese Einsicht verh\u00e4rtet sich erst, wenn ein Volk durch d\u00fcstere Zeiten gegangen ist. Merkw\u00fcrdig mutet an, Diktatoren vor Gericht zu beobachten, denn sie sehen so harmlos aus. Ein Narzisst an den Hebeln der Macht w\u00fcrde im Blick auf das spiegelnde Wasser nie auf die Idee kommen, als wichtigste Person im Universum selbst f\u00fcr seine Taten verantwortlich zu sein.<\/span><\/p>\n<p><span style=\"font-size: large;\">Freiheit: Erinnerungen 1954 \u2013 2021 zeugt von 16 Jahren Regierungsverantwortung f\u00fcr Deutschland. F\u00fcr 42 Euro bekommt der Leser das Handeln und die Haltung der ersten Kanzlerin aus dem Osten vermittelt, die das Land durch zahlreiche Krisen f\u00fchrte. Million\u00e4rin Merkel bietet in ihrem Buch einen einzigartigen Einblick in das Innere der Macht \u2013 und gibt ein entschiedenes Pl\u00e4doyer f\u00fcr die Freiheit.<\/span><\/p>\n<p><span style=\"font-size: large;\">Die leidenschaftliche Verfechterin der Freiheit sorgte 2020 im ersten Lockdown daf\u00fcr, dass soziale Kontakte verboten wurden. Gesch\u00e4fte blieben zu, Gottesdienste wurden abgesagt und die sportliche Bet\u00e4tigung im Verein oder Fitnessstudio untersagt. Selbst Schulen und Kitas mussten schlie\u00dfen. Die Kinder wurden zur t\u00f6dlichen Bedrohung f\u00fcr die Gro\u00dfeltern hochstillisiert, Umarmungen und Liebkosungen verwehrt. Das Schnappen nach frischer Luft im Freien ist wissenschaftlich erwiesen bei Nichteinhaltung von 1,5 Meter Mindestabstand gesundheitssch\u00e4dlich. Wegen akuter Ansteckungsgefahr verh\u00e4ngte man n\u00e4chtliche Ausgangssperren. Zu bestimmten Zeiten durften nur noch Hunde mit Haltern ihrem Gesch\u00e4ft nachgehen. Unverbesserliche Verweigerer der staatlichen Gesundheitsf\u00fcrsorge wurden pflichtbewusst mit Schlagst\u00f6cken und Wasserwerfern von der Stra\u00dfe gejagt. Die Polizei verfolgte Menschen mit Blaulicht, die friedlich im Park sa\u00dfen. <\/span><\/p>\n<p><span style=\"font-size: large;\">In einer kurzen Internetrecherche ist das Gegenteil von Freiheit in vier dargelegten Punkten: Unterdr\u00fcckung, Zwangsma\u00dfnahmen, Unterwerfung und Diskriminierung. Bravo Frau Merkel, da haben sie ganze Arbeit geleistet. Es gibt durchaus Biografien von Angela, die nicht so engelhaft daher kommen. Die ehemalige Weggef\u00e4hrtin Vera Lengsfeld berichtet weniger schmeichelhaft \u00fcber die Kanzlerin der Rechtsbr\u00fcche. In Stichworten genannt: Aushebelung des Maastrichtvertrags, Blitzausstieg aus der Atomenergie, \u00d6ffnung der Grenzen f\u00fcr haupts\u00e4chlich junge M\u00e4nner ohne P\u00e4sse, verfassungswidriges Netzwerkdurchsetzungsgesetz, teilweise Abschaffung der Verwaltungsgerichtsbarkeit und Umwandlung des Verfassungsschutzes.<\/span><\/p>\n<p><span style=\"font-size: large;\">Der Mensch schaut auf das \u00c4u\u00dfere, Gott sieht aber das Herz an. Der Prophet Samuel besa\u00df diese Geistesunterscheidung im Hinblick auf das Verborgene im Inneren der Zeitgenossen. Als Wort zum Sonntag spricht das Lukasevangelium: Der gute Mensch bringt aus dem guten Schatz seines Herzens das Gute hervor, und der b\u00f6se bringt aus dem b\u00f6sen das B\u00f6se hervor, denn aus der F\u00fclle des Herzens redet sein Mund.<\/span><\/p>\n<p><span style=\"font-size: large;\">Der Leser m\u00f6ge sich sein eigenes Urteil bilden, ob Deutschland sich zum guten oder schlechten entwickelt hat, ob wir in einer Demokratie oder SED 2.0 leben. Der Kanzler der Einheit, Helmut Kohl hat einmal behauptet, bei einer Staatsquote von 50 Prozent beginnt der Sozialismus. Die volkswirtschaftliche Kennzahl, welche die gesamten staatlichen Ausgaben ins Verh\u00e4ltnis zum Bruttoinlandsprodukt setzt, lag 2024 knapp darunter. Zur aktuellen Abwanderung der Industrie und Auswanderung qualifizierter Arbeitnehmern f\u00fchrt die kontinuierliche Erh\u00f6hung der Steuern. Ein zunehmender B\u00fcrokratismus, der Selbst\u00e4ndige davon abh\u00e4lt ihr eigentliches Handwerk auszuf\u00fchren, f\u00fchrt ebenfalls zur Aufgabe der T\u00e4tigkeit. Abschlie\u00dfend als Wochenr\u00fcckblick bleibt den Buchhaltern zur gro\u00dfen Freude die Berechnung des Solidarit\u00e4tszuschlags erhalten. Das BverfG urteilte \u00fcber den Soli: Ein offensichtlicher Wegfall des auf den Beitritt der damals neuen L\u00e4nder zur\u00fcckf\u00fchrenden Mehrbedarfs des Bundes kann auch heute nicht festgestellt werden.<\/span><\/p>\n","protected":false},"excerpt":{"rendered":"<p>Leben wir in der DDR 2.0? Zur\u00fcck in die Zukunft, einen Sprung von 1989 in das Jahr 2025 machend, kommt ein DDR B\u00fcrger zum Schluss, in der DDR 2.0 zu leben. Die Rede des Alterspr\u00e4sidenten des neu zu konstituierenden Bundestags wird im Fernsehen unter aufmerksamen Blicken \u00fcbertragen. Der letzte Parteivorsitzende der SED Mauerm\u00f6rder darf in [&hellip;]<\/p>\n","protected":false},"author":2,"featured_media":0,"parent":37,"menu_order":8,"comment_status":"open","ping_status":"closed","template":"","meta":{"footnotes":""},"class_list":["post-167","page","type-page","status-publish","hentry"],"_links":{"self":[{"href":"https:\/\/jonathanfischer.de\/index.php?rest_route=\/wp\/v2\/pages\/167","targetHints":{"allow":["GET"]}}],"collection":[{"href":"https:\/\/jonathanfischer.de\/index.php?rest_route=\/wp\/v2\/pages"}],"about":[{"href":"https:\/\/jonathanfischer.de\/index.php?rest_route=\/wp\/v2\/types\/page"}],"author":[{"embeddable":true,"href":"https:\/\/jonathanfischer.de\/index.php?rest_route=\/wp\/v2\/users\/2"}],"replies":[{"embeddable":true,"href":"https:\/\/jonathanfischer.de\/index.php?rest_route=%2Fwp%2Fv2%2Fcomments&post=167"}],"version-history":[{"count":8,"href":"https:\/\/jonathanfischer.de\/index.php?rest_route=\/wp\/v2\/pages\/167\/revisions"}],"predecessor-version":[{"id":204,"href":"https:\/\/jonathanfischer.de\/index.php?rest_route=\/wp\/v2\/pages\/167\/revisions\/204"}],"up":[{"embeddable":true,"href":"https:\/\/jonathanfischer.de\/index.php?rest_route=\/wp\/v2\/pages\/37"}],"wp:attachment":[{"href":"https:\/\/jonathanfischer.de\/index.php?rest_route=%2Fwp%2Fv2%2Fmedia&parent=167"}],"curies":[{"name":"wp","href":"https:\/\/api.w.org\/{rel}","templated":true}]}}