{"id":1480,"date":"2022-07-09T12:28:53","date_gmt":"2022-07-09T12:28:53","guid":{"rendered":"http:\/\/jonathanfischer.de\/?page_id=1480"},"modified":"2024-05-16T20:11:04","modified_gmt":"2024-05-16T20:11:04","slug":"hat-bakery-jatta-gelogen","status":"publish","type":"page","link":"https:\/\/jonathanfischer.de\/?page_id=1480","title":{"rendered":"Hat Bakery Jatta gelogen?"},"content":{"rendered":"<p>Ein erneuter Sieg wurde vor Gericht erzielt. Alle Bakery Jatta Fans k\u00f6nnen aufatmen \u2013 mal wieder! Aufgrund mangelnder Beweise gibt es kein Verfahren wegen Identit\u00e4tszweifeln. Das Landgericht Hamburg hat die Beschwerde der Staatsanwaltschaft ganz aktuell abgelehnt. Jattas Anwalt Thomas Bliwier triumphiert, denn es bestehe kein hinreichender Tatverdacht auf eine Identit\u00e4tst\u00e4uschung. Es k\u00f6nne nicht nachgewiesen werden, dass sich der Gambier die Aufenthaltsgenehmigung in Deutschland unter einem falschen Namen erschlichen habe. Zu den drei Jahren andauernden Ermittlungen ist sich der raffinierte Anwalt sicher: \u201cDer strafrechtliche Vorwurf hat sich erledigt!\u201d<\/p>\n<p>Die Richter folgten seiner geschickten Darstellung, dass sich der damals 14-j\u00e4hrige Bakery Jatta als 16-j\u00e4hriger Bakary Daffeh ausgegeben hat, um in Nigeria und im Senegal als Profi Fu\u00dfball spielen zu d\u00fcrfen. Als gel\u00e4uterter Fl\u00fcchtling gab er sein tats\u00e4chliches Alter und seinen richtigen Namen bei seinem im Juli 2015 startenden Asylverfahren in Deutschland an (und hat nur dabei gelogen, er w\u00e4re nie Fu\u00dfballprofi gewesen). Diese Argumentationsweise ist eine gute Nachricht f\u00fcr alle HSV-Anh\u00e4nger.<\/p>\n<p>Die schlechte Nachricht ist, dass dennoch ein Verfahren gegen Jatta er\u00f6ffnet wird. Es handelt sich dabei um zwei widerspr\u00fcchliche Angaben zum Namen von Jattas Mutter. Diese hie\u00df bei der Einreise in Bremen Jatta und vier Jahre sp\u00e4ter auf dem Folgeantrag Daffeh.<\/p>\n<p>Jatta = Daffeh? Die Frage besch\u00e4ftigt mich ebenso. Seit 2019 findet sich <a href=\"https:\/\/matthiasruf.blog\/aktuelles\/bakery-jatta-bakery-daffeh\/\">ein Artikel auf meinem Blog<\/a> mit vielen Kommentaren, weswegen ich ma\u00dfgebliche Ausf\u00fchrungen nochmals zusammenfasse. So kam ich zun\u00e4chst auf die Idee, dass Bakery familienrechtlich sowohl der Sohn von Jatta, als auch der Sohn von Daffeh sein k\u00f6nnte. Das w\u00fcrde einem Schmiergeld beziehenden Beamten in fernem Land erleichtern, einen anderen Pass oder eine neue Geburtsurkunde mit unterschiedlichen Angaben zur Identit\u00e4t auszustellen.<\/p>\n<p>Ein entscheidender Aspekt zu Alter und Namen sind sicherlich die erhellenden Untersuchungen von Wissenschaftlern. So sollte nicht unerw\u00e4hnt bleiben, was die Universit\u00e4tskliniken Hamburg-Eppendorf und Freiburg ermittelt haben. Die biologische Entwicklung war bereits mit 17 Jahren abgeschlossen und Bewegungsprofile, sowie die Abgleichung von Portr\u00e4t-Bildern, nahezu identisch.<\/p>\n<p>Erg\u00e4nzend werden Erfahrungsberichte angef\u00fchrt. Auf meiner Reise nach Nairobi erz\u00e4hlte mir ein kenianischer Freund, dass der Betrug bei der Altersangabe gang und g\u00e4be in Afrika w\u00e4re. Dadurch w\u00fcrde ausgeglichen, von ausl\u00e4ndischen Fu\u00dfballagenten auf internationalen Turnieren sp\u00e4ter entdeckt zu werden. Folgende, \u00fcbereinstimmende Anmerkungen von Fu\u00dfballscout Paul Nehf halte ich zudem f\u00fcr eine vertrauensw\u00fcrdige Quelle:<\/p>\n<p>https:\/\/www.t-online.de\/sport\/fussball\/international\/id_91307400\/spurensuche-im-fall-jatta-die-machenschaften-der-afrikanischen-spielerberater.html<\/p>\n<p>Die letzten Zweifel sollten sich bei dem Bericht von Africa News er\u00fcbrigen:<\/p>\n<p>https:\/\/www.africanews.com\/2018\/09\/07\/age-cheating-is-hurting-african-football-sport\/<\/p>\n<p>Total irrsinnig ist die Annahme, Fu\u00dfballspieler w\u00fcrden sich beim Altersbetrug zur Erschleichung finanzieller Vorteile \u00e4lter und nicht j\u00fcnger machen. Kennen sie Sampierre Mendy, Bubacarr Sanneh, Bubacarr Trawally, Saloum Faal und Ali Sowe? Es sind f\u00fcnf schwindelnde Mannschaftsmitglieder aus Gambia. Bakary Daffeh hat in ihrem suspendierten Team 2014 den 1:0 Siegtreffer gegen Liberia erzielt. Seine gambische U-20 Nationalmannschaft wurde daraufhin wegen Betrugs von den Kontinentalwettbewerben ausgeschlossen. F\u00fcnf Spieler waren zu alt und ein Akteur soll laut <a href=\"https:\/\/www.spiegel.de\/sport\/fussball\/gambias-fussball-nationalmannschaft-vom-caf-zwei-jahre-suspendiert-a-968646.html\">SPIEGEL-Bericht<\/a> sogar mehrere P\u00e4sse mit Geburtsdaten zwischen 1988 und 1994 besessen haben.<\/p>\n<p>Glauben Sie allen Ernstes, Bakary Daffeh h\u00e4tte sich als pubertierender F\u00fcnfzehnj\u00e4hriger in der U-20 Nationalmannschaft durchsetzen k\u00f6nnen? Als noch j\u00fcngeres Fu\u00dfballtalent ohne gescheite Schuhe erahnt er 2009 prophetisch, dass er k\u00fcnftig von Erstligaclubs berufen, aber zu jung sein wird. In kluger Vorhersicht nimmt er einen abge\u00e4nderten Namen und ein zweieinhalb Jahre \u00e4lteres Geburtsdatum in seinem Spielerpass an. Die gef\u00e4lschten Angaben finden sich dann in den Spielberichten der Vereine des kindlichen Kriminellen. Beim Wunder des umgekehrten Altersbetrugs stellt sich die Frage, welche Leser Opfer einer Boulevardgeschichte geworden sind?<\/p>\n<p>In der neuesten Version spielte er 2010 mit 12 Jahren f\u00fcr den Zweitligisten Gunjur United. Oder er war 14 Jahre alt. Machen Sie sich Ihr eigenes Bild auf<\/p>\n<p>https:\/\/www.watson.ch\/sport\/fussball\/227054503-bakery-jatta-oder-bakary-daffeh-mit-falscher-identitaet-in-die-bundesliga<\/p>\n<p>Der gute Mann wechselte mit 13 Jahren (15 Jahren) zu Brikama United in die erste Liga Gambias. Man k\u00f6nnte aber auch zum Schluss kommen, dass er auf den Fotos schon 18 Jahre alt ist. Drei Jahre \u00e4lter als Daffeh? Das gibt&#8217;s doch nicht!<\/p>\n<p>In Happy FM erleichtert sich Pastor Opoku seines schlechten Gewissens. Im Juniorenbereich wurde die Mannschaft aus Ghana 1991 U-17 FIFA Champion. Weltmeister Alex Opoku beichtete im Radio, bei seinem Erfolg mindestens 3 Jahre \u00e4lter gewesen zu sein. Er spricht in dem Interview ferner von anderen Teams, die beim Alter betrogen haben. Um Rassismus-Vorw\u00fcrfen auszur\u00e4umen sei angemerkt, dass das Age-Cheating im Sport ein weltweites und nicht nur ein afrikanisches Problem ist. Es gibt viele Beispiele in Suchmaschinen.<\/p>\n<p>Nicht unerw\u00e4hnt bleiben sollten Abl\u00f6seanspr\u00fcche, die sich beim Wechsel der Vereine ergeben. Damit hatte Silas Katompa Mvumpa vom VfB Stuttgart ein Problem. Denn sein alter Pr\u00e4sident des FC MK Etanch\u00e9it\u00e9, Max Mokey Nza-Ngi, aus der kongolesischen Hauptstadt Kinshasa wurde berechtigterweise sauer. Gem\u00e4\u00df L\u2019\u00c9quipe bekam er keine zehn prozentige Beteiligung beim Wechsel nach Europa. Durch den Identit\u00e4ts-Betrug und die Falschangabe des Alters musste keine Abl\u00f6se \u00fcberwiesen werden. Das war ganz sch\u00f6n clever von Silas Wamangituka und seinem in Paris Obdach und Asyl gew\u00e4hrenden Spielervermittler. Die echten Verbindungen zu seiner Familie in der Heimat, und die damit verkn\u00fcpften enormen psychischen Belastungen sorgten daf\u00fcr, reinen Tisch zu machen. Warum nach diesen Enth\u00fcllungen unsere Richter afrikanischen Reisedokumenten und heimische Vereine ausl\u00e4ndischen Spielerp\u00e4ssen weiterhin volles Vertrauen schenken, bleibt ein R\u00e4tsel. Beratung tut Not.<\/p>\n<p>Um auf der Suche nach dem Schuldigen, auf die Geschichte des B\u00e4ckers und Mundschenks im Gef\u00e4ngnis von Pharao zur\u00fcckzukommen (bekanntlich ist der Schreiber ein Liebhaber der Bibel), sollte folgende Gleichung auf der Suche nach Wahrheit nicht der letzte Schluss sein:<\/p>\n<p>Bakary Daffeh, geb. in Gunjur, St\u00fcrmer, Fl\u00fcgelspieler, Rechtsfu\u00df, Team Brikama United = Bakery Jatta, geb. in Gunjur, St\u00fcrmer, Fl\u00fcgelspieler, Rechtsfu\u00df, Team Brikama United!?<\/p>\n<p>Aber dieser Widerspruch, scheint beim Identit\u00e4ts-Betrug h\u00f6chstens verstimmte Staatsanw\u00e4lte in einem Gericht zu besch\u00e4ftigen. Meine Bef\u00fcrchtung war urspr\u00fcnglich im Jahr 2019 Deutschland k\u00f6nnte bei einer Anklage der Gegner am gr\u00fcnen Tisch einen Titel aberkannt bekommen, weil Bakery Jatta in unserer Jugendnationalmannschaft eingesetzt wird. Nun ist die U21 in Portugal auch ohne das Asyl suchende Wunderkind Europameister geworden. Also k\u00f6nnte ich Ruhe geben. Aber nein, mich \u00e4rgert, dass man sich mit nachgewiesenen L\u00fcgen weiter durchsetzen kann und sich einen Vorteil gegen\u00fcber Benachteiligten erschleicht, die ehrlich geblieben sind. Ich meine damit meinen Freund Ephiel aus Nairobi, der trotz meiner B\u00fcrgschaft\/Verpflichtungserkl\u00e4rung kein Visum bekommen hat.<\/p>\n<p>Darum k\u00e4mpfe ich weiterhin f\u00fcr die zwei Leitspr\u00fcche: Ehrlich w\u00e4hrt am l\u00e4ngsten bzw. L\u00fcgen haben kurze Beine!<\/p>\n","protected":false},"excerpt":{"rendered":"<p>Ein erneuter Sieg wurde vor Gericht erzielt. Alle Bakery Jatta Fans k\u00f6nnen aufatmen \u2013 mal wieder! Aufgrund mangelnder Beweise gibt es kein Verfahren wegen Identit\u00e4tszweifeln. Das Landgericht Hamburg hat die Beschwerde der Staatsanwaltschaft ganz aktuell abgelehnt. Jattas Anwalt Thomas Bliwier triumphiert, denn es bestehe kein hinreichender Tatverdacht auf eine Identit\u00e4tst\u00e4uschung. Es k\u00f6nne nicht nachgewiesen werden, [&hellip;]<\/p>\n","protected":false},"author":2,"featured_media":0,"parent":37,"menu_order":30,"comment_status":"open","ping_status":"closed","template":"","meta":{"footnotes":""},"class_list":["post-1480","page","type-page","status-publish","hentry"],"_links":{"self":[{"href":"https:\/\/jonathanfischer.de\/index.php?rest_route=\/wp\/v2\/pages\/1480","targetHints":{"allow":["GET"]}}],"collection":[{"href":"https:\/\/jonathanfischer.de\/index.php?rest_route=\/wp\/v2\/pages"}],"about":[{"href":"https:\/\/jonathanfischer.de\/index.php?rest_route=\/wp\/v2\/types\/page"}],"author":[{"embeddable":true,"href":"https:\/\/jonathanfischer.de\/index.php?rest_route=\/wp\/v2\/users\/2"}],"replies":[{"embeddable":true,"href":"https:\/\/jonathanfischer.de\/index.php?rest_route=%2Fwp%2Fv2%2Fcomments&post=1480"}],"version-history":[{"count":23,"href":"https:\/\/jonathanfischer.de\/index.php?rest_route=\/wp\/v2\/pages\/1480\/revisions"}],"predecessor-version":[{"id":1505,"href":"https:\/\/jonathanfischer.de\/index.php?rest_route=\/wp\/v2\/pages\/1480\/revisions\/1505"}],"up":[{"embeddable":true,"href":"https:\/\/jonathanfischer.de\/index.php?rest_route=\/wp\/v2\/pages\/37"}],"wp:attachment":[{"href":"https:\/\/jonathanfischer.de\/index.php?rest_route=%2Fwp%2Fv2%2Fmedia&parent=1480"}],"curies":[{"name":"wp","href":"https:\/\/api.w.org\/{rel}","templated":true}]}}