{"id":1376,"date":"2022-06-29T12:22:08","date_gmt":"2022-06-29T12:22:08","guid":{"rendered":"http:\/\/jonathanfischer.de\/?page_id=1376"},"modified":"2022-07-09T12:28:24","modified_gmt":"2022-07-09T12:28:24","slug":"es-reicht","status":"publish","type":"page","link":"https:\/\/jonathanfischer.de\/?page_id=1376","title":{"rendered":"Es reicht!"},"content":{"rendered":"<p>Anstelle mit \u201cEs reicht!\u201d k\u00f6nnte man den Artikel auch mit \u201cWie werde ich reich?\u201d \u00fcberschreiben. SPIEGEL TV hat recherchiert, dass es ohne gro\u00dfen Aufwand geht. Die Nachahmung wird allerdings nicht empfohlen. Es gibt n\u00e4mlich ein Restrisiko, von Susann Langner und ihren LKA-Kollegen ertappt zu werden. Die Reportage zur polizeilichen Arbeit mit dem Titel \u201cBentleys, Bitcoins, pralle Konten: Milliarden-Betrug mit Corona-Tests\u201d halte ich allemal f\u00fcr sehenswert. So ist sich in Berlin kein Fuchs bewusst, von einer versteckten Kamera vor einer Teststation gefilmt zu werden. Der \u00fcberwachte, brave Steuerpflichtige kann sich informieren, wie leicht es f\u00fcr Kriminelle ist, in der Summe eine Milliarde Euro f\u00fcr nicht erbrachte Leistungen, ohne Pr\u00fcfung aufs Konto \u00fcberwiesen zu bekommen. In einem Ermittlungsfall wurden sogar mehr als 500.000 Euro in den Folgemonaten weiter ausbezahlt, trotz Bitte um Einstellung durch das Landeskriminalamt:<\/p>\n<p><iframe loading=\"lazy\" title=\"Bentleys, Bitcoins, pralle Konten: Milliarden-Betrug mit Corona-Tests (2) | SPIEGEL TV\" width=\"629\" height=\"354\" src=\"https:\/\/www.youtube.com\/embed\/-HSyndliW7c?feature=oembed\" frameborder=\"0\" allow=\"accelerometer; autoplay; clipboard-write; encrypted-media; gyroscope; picture-in-picture; web-share\" referrerpolicy=\"strict-origin-when-cross-origin\" allowfullscreen><\/iframe><\/p>\n<p>Die Kommentare erz\u00fcrnter Mitb\u00fcrger halte ich f\u00fcr lesenswert und motivierten mich, diese Zeilen zu schreiben. Einen kleinen Trost f\u00fcr das dargestellte Unrecht finde ich in den Weisheitsspr\u00fcchen K\u00f6nig Salomos:<\/p>\n<p><em>Erschwindelter Reichtum schwindet schnell wieder; doch was man sich langsam erarbeitet, wird immer mehr! (Spr\u00fcche 13, 11 Hoffnung f\u00fcr alle)<\/em><\/p>\n<p>Nun ist es nicht so, dass niemand unsere gebildeten Regierenden von der Betrugsmasche mit gef\u00e4lschten COVID-19 Testabrechnungen gewarnt hat. Die Misere wurde nicht \u00fcberraschend aufgezeigt. Nein, man hat seit M\u00e4rz 2021 einfach weggeschaut bzw. hatte keine Kapazit\u00e4ten, die \u00fcberh\u00f6hten oder konstruierten Rechnungen zu \u00fcberpr\u00fcfen. Obendrein blieb unbemerkt, dass es erfundene Teststationen an bestimmten Orten gar nicht gab. Die aus dem Telefonbuch ausgesuchten Testpersonen konnten sogar schon jahrelang verstorben sein. Im Prinzip musste sich der gesch\u00e4ftst\u00fcchtige Ganove nur als Neuunternehmer anmelden. Mit einer geklauten Identit\u00e4t lie\u00df sich bei einer Direktbank \u00fcber die unzureichende Onlinelegitimierung ein Girokonto erschwindeln. F\u00fcr das perfekte Verbrechen wurde der missbrauchte Name nur noch an einem zug\u00e4nglichen Briefkasten angebracht. Die Gutschriften der Kassen\u00e4rztlichen Vereinigungen konnten dann von den besonders gewieften Mafiosi unerkannt in Bitcoins umgewandelt werden. Die Wahrscheinlichkeit, als wahrer Drahtzieher ertappt zu werden, war bei der anonymen Weiterleitung der Daten mit Tor Browser \u00e4u\u00dferst gering. Aber auch bei einer erfolgreichen Ermittlung ist das ergaunerte Geld meist schon im Familienclan verteilt oder im Ausland verschwunden. Schl\u00fcssel unauffindbar! Wer l\u00e4sst sich schon gerne in einem organisierten Verbrechen seinen Bentley vor den Gesch\u00e4ftsr\u00e4umen beschlagnahmen?<\/p>\n<p>Niemand wundert&#8217;s, wenn jetzt die Mittel sich verknappen. Zu B\u00fcrgertests ab 01.07.22 pfeift SPD-Minister &#8222;Karlchen \u00dcberall&#8220; (der von seinen Parteigenossen ferner die Spitznamen &#8222;rollende Kanonenkugel&#8220; und &#8222;die begnadetste Ich-AG&#8220; verpasst bekam) gerade von allen D\u00e4chern:<\/p>\n<p><em>Leider wird im Herbst der Steuerhaushalt immer knapper. Daher m\u00fcssen wir eine Eigenbeteiligung von 3 \u20ac einf\u00fchren. Kostenlos w\u00e4re mir auch viel lieber. Aber viele andere L\u00e4nder haben die Tests gar nicht mehr.<\/em><\/p>\n<p>Und sparen dadurch noch mehr Steuergelder&#8230;<\/p>\n<p>Gerade weil ich mich wiederholen will, wird auf diesem Blog zun\u00e4chst die Kompetenz von Bankkaufmann Jens stark angezweifelt, der als Notenbanker \u00fcbertragen die Kontrolle \u00fcber die Geldmenge verliert. Denn in einer Pressekonferenz kann Gesundheitsminister Spahn auf unangenehme Fragen nicht einsch\u00e4tzen, welche Gr\u00f6\u00dfenordnung die kriminelle Energie mit einer von ihm gegebenen Lizenz zum Gelddrucken einnimmt. Sein Vorschlag zu ersten Betrugsmeldungen lautete als nicht eingreifender Chef, zun\u00e4chst langwierige staatsanwaltliche Ermittlungen abzuwarten. Seine dummdreiste Direktive von oberster Beh\u00f6rde war, Rechnungen nicht zu pr\u00fcfen, damit der Anreiz f\u00fcr m\u00f6glichst viele Testzentren entsteht. Aufseher Spahn, der Ex-Sparkassenverwaltungsrat und noch stv. Vorsitzende der CDU\/CSU Fraktion, outete sich heute darauf angesprochen freilich nicht: \u201cIch habe mir vorgenommen, zu Corona nichts mehr zu sagen, da m\u00fcssen sie durch!\u201d Als Mitglied der Konrad-Adenauer-Stiftung d\u00fcrfte ihm folgendes Zitat bekannt sein:<\/p>\n<p><em> \u201cWas k\u00fcmmert mich mein Geschw\u00e4tz von gestern, nichts hindert mich, weiser zu werden!\u201d<\/em><\/p>\n<p>In der Politik ist es so, dass man in einer fortw\u00e4hrenden Personalrochade neue Posten zugeschanzt bekommt. In der Wirtschaft ist es so, dass man seinen Job verliert, wenn die Arbeitsleistung katastrophal ist. In den Gerichten ist es so, dass man sich durch das Aussageverweigerungsrecht nicht selbst belasten muss. So ist das Leben.<\/p>\n<p>Mein Leben hat sich letztes Jahr ver\u00e4ndert, als ich mich t\u00e4glich vor einer Schlange eines Testzeltes einreihen musste, um weiter meiner Arbeit und meinen Hobbys nachgehen zu k\u00f6nnen. Den Druck, der von Gesundheitsminister Spahn und Nachfolger Lauterbach dadurch auf mich ausge\u00fcbt wurde, hielt die Mehrzahl der Bev\u00f6lkerung f\u00fcr berechtigt, obwohl ich bei der 2G-Regel meiner Grundrechte beraubt wurde. Neben der Ausgangssperre in der Nacht wurden sogar tags\u00fcber Spazierg\u00e4nge verboten. Hausarrest f\u00fcr besonders ansteckende Regierungsgegner! Wen k\u00fcmmerte schon sonst die Impfpflicht? Hauptsache, die Freiheit wird den gehorsamen Untertanen nicht genommen. Wer als ausgemachtes \u00dcbel nicht h\u00f6ren will, der soll f\u00fchlen und muss mit dem Verlust des Arbeitsplatzes rechnen. Darunter leiden derzeit die Angestellten in Krankenh\u00e4usern und Pflegeheimen, die von einer nicht ausreichend erforschten Gentherapie durch Injektion Rei\u00dfaus nehmen und durch Bu\u00dfgeld und K\u00fcndigung ihr wirtschaftliches Wohlergehen gef\u00e4hrden. Dabei ben\u00f6tigt es gerade keine wissenschaftlichen Studien, um sich auszumahlen, was passiert, wenn noch mehr qualifizierte Pflegekr\u00e4fte wegbrechen.<\/p>\n<p>Es reicht! Nochmal: Es wurde augenblicklich eine Milliarde Euro an Steuergeldern f\u00fcr Kriminelle ins Nirwana versenkt, die schnell reich werden wollten, und zwar mit vorget\u00e4uschten Antigen-Schnelltests, deren Zuverl\u00e4ssigkeit und Sinnhaftigkeit sowieso bezweifelt wird. Dagegen werden die jahrelang angeprangerten Missst\u00e4nde im Gesundheitswesen von h\u00f6chster Stelle nur noch verschlimmert.\u00a0In Magdeburg ging das Pflegepersonal deswegen am 22.06.22 in einer Verdi-Kundgebung auf die Stra\u00dfe.<\/p>\n<p>BILD berichtet wiederholt \u00fcber den verr\u00fcckt gewordenen Minister der Ausgrenzung, der im j\u00fcngsten Gericht \u00fcber Gut und B\u00f6se gottgem\u00e4\u00df allein \u00fcber unser Daseinsrecht entscheidet. Z. B. mit der falschen Vorhersage: \u201eKlar ist aber, dass die meisten Ungeimpften von heute bis dahin entweder geimpft, genesen oder leider verstorben sind, denn das Infektionsgeschehen mit schweren Verl\u00e4ufen betrifft vor allem Impfverweigerer.\u201c\u00a0 Und ab der ersten YouTube-Minute am Rande der Gesundheitsministerkonferenz in Sachsen-Anhalt wird dar\u00fcber geurteilt, wer ein Recht hat zu demonstrieren, und wer einen Beitrag geleistet hat, und wem man den Erfolg zu verdanken hat:<\/p>\n<p><em>\u201cEs ist eine Unversch\u00e4mtheit, dass sie noch die Stirn haben, hier die berechtigte Demonstration derjenigen zu missbrauchen, die gearbeitet haben, die es jetzt wieder tun, die wirklich belastet sind, ihre Arbeit hat keinen Beitrag geleistet!\u201d<\/em><\/p>\n<p><iframe loading=\"lazy\" title=\"Lauterbach: Wut-Auftritt gegen Ungeimpfte | Nena Schink bei Viertel nach Acht\" width=\"629\" height=\"354\" src=\"https:\/\/www.youtube.com\/embed\/9stCPFiikyg?feature=oembed\" frameborder=\"0\" allow=\"accelerometer; autoplay; clipboard-write; encrypted-media; gyroscope; picture-in-picture; web-share\" referrerpolicy=\"strict-origin-when-cross-origin\" allowfullscreen><\/iframe><\/p>\n<p>Es reicht! Die Diskriminierung einer ganzen Bev\u00f6lkerungsgruppe, die Recht am eigenen K\u00f6rper hat, und deren S\u00fcnde darin bestehen soll, nichts gemacht zu haben, muss aufh\u00f6ren. Die damit verbundenen Spaltung der Gesellschaft hat keine Daseinsberechtigung aufgrund von vorliegenden Zahlen und neuen medizinischen Erkenntnissen.<\/p>\n<p>Es reicht! Die Panikmache mit der Verbreitung verlogener Schreckensszenarien hat den Unternehmen und Mitmenschen genug materiellen und immateriellen Schaden zugef\u00fcgt.<\/p>\n<p>Es reicht! Lauterbachs Ministerium hat 500 Millionen Impfdosen zu viel bestellt. 114 Millionen wurden ins Ausland verschenkt. Millionen Impfdosen landen als Ladenh\u00fcter nach ihrem Verfall in einer zus\u00e4tzlichen Milliarden-Verschwendung unserer Steuergelder im Sonderm\u00fcll: <a href=\"https:\/\/www.businessinsider.de\/politik\/deutschland\/neue-zahlen-der-bundesregierung-zeigen-kinderimpfstoff-ist-ein-ladenhueter-22-millionen-dosen-verfallen-a\/\">https:\/\/www.businessinsider.de\/politik\/deutschland\/<\/a><\/p>\n<p>Es reicht! Eine hilflose Regierungskoalition mit Ministern, die keine Ahnung von ihrem Arbeitsgebiet haben, schreibt uns schon einmal vor, nicht mehr so lange warm zu duschen, und f\u00fchrt Gaswarnstufen f\u00fcr ein Volk ohne Warmwasser und Heizung ein.\u00a0Lauterbachs j\u00fcngste Twitter Ank\u00fcndigung schr\u00f6pft weiter den Geldbeutel, der von einer Rekord-Inflation geplagten Bev\u00f6lkerung:<\/p>\n<p><em>Der Beitragssatz muss leider um 0,3 steigen. Das Defizit ist zu gro\u00df, 17 Mrd. \u20ac. Ein Erbe des Vorg\u00e4ngers, leider. Trotzdem bleibt es beim Versprechen, dass es keine Leistungsk\u00fcrzungen gibt. Den gr\u00f6\u00dften Solidarbeitrag leistet die Pharmaindustrie. Ihre Ums\u00e4tze stiegen sehr stark.<\/em><\/p>\n<p>Es reicht! Die staatlich subventionierte Pharmaindustrie macht Milliardengewinne mit einem Produkt, das seinen Namen nie verdient hat, weil es nur wenige Monate oder gar nicht wirkt.<\/p>\n<p>Das, was gewesen ist, ist das, was sein wird; und das, was geschehen, ist das, was geschehen wird. Es gibt nichts Neues unter der Sonne! (Prediger 1, 9)<\/p>\n<p>In der Bruthitze des Wilden Westen sorgten Quacksalber mit ihren Marketingmethoden daf\u00fcr, dass ungebildete Cowboys ihre mit berauschendem Alkohol vermischte Kr\u00e4utertinkturen zu \u00fcberh\u00f6hten Preisen als Allheilmittel gegen Seuche und Krankheit abkauften. Das weit verbreitete Elixier Salutis vom englischen Pfarrer Thomas Daffy l\u00e4sst gr\u00fc\u00dfen. Die Nebenwirkungen waren jedoch so verheerend, dass nach Muskelschmerzen letztendlich der Tod durch Ateml\u00e4hmung eintreten konnte. Manipulierende Werbung wirkt mit wiederholten Worten. In einem weiteren Zauber wurde Hamlin\u2019s Wizard Oil auf Poster und Flyer beworben. Unterhaltsame Medizinshows, begleitet von Orgelmusik und Tanz, brachten das sinnbet\u00e4ubende Ges\u00f6ff unter das magisch angezogene Volk. Nach ausgeschlafenem Kater bekam das Wundermittel von der Allgemeinheit letztendlich den Schimpfnamen Snake Oil (Schlangen\u00f6l) verpasst.<\/p>\n<p>Im d\u00fcsteren Mittelalter erlangte der Kanzler von Stra\u00dfburg Sebastian Brant schon die Erkenntnis:<\/p>\n<p><em>Des Quacksalbers Praktik sei so gut, dass sie allen Siechtum heilen tut\u2026<\/em><br \/>\n<em>Solch Narr kann dich in\u2019n Abgrund st\u00fcrzen, eh du\u2019s gemerkt, dein Leben k\u00fcrzen!<\/em><\/p>\n<p>Das Boston Medical and Surgical Journal kl\u00e4rte 1875 auf:<\/p>\n<p><em>Wenn es Satan jemals gelungen ist, eine gr\u00f6\u00dfere Menge an konzentrierter Verlogenheit in einen Menschenk\u00f6rper zu pressen, dann ist es vor jeder anderen Beschreibung, in den Werbe-Quacksalbern.<\/em><\/p>\n<p>Um am Ende der Zeit, in einem Finale auf \u00dcberredungsk\u00fcnstler Karl Lauterbach zur\u00fcckzukommen, verbindet sich der Talkshow-Liebling in seiner Sprachgewandtheit mit den Vereinigten Staaten von Amerika durch seine Gastprofessur an der School of Public Health in Harvard. Zudem erinnern mich Kr\u00e4utertinkturen als Heilmittel an einen anderen \u00f6ffentlichkeitswirksamen Auftritt, n\u00e4mlich als Duett mit Hazel Burger in der heute-show. Denkw\u00fcrdig sind ins besonders die von dem eloquenten Gesundheits\u00f6konomen empfohlenen Anti-Kater-Drinks, und zwar bei seiner gemixten Erscheinung als millionenfach verehrtes Pixel-Bild an der Wand.<\/p>\n<p>Wohl bekomm\u2019s! Gewogen und zu leicht befunden. Jedes \u00fcppiges Trinkgelage nimmt einmal ein Ende.<\/p>\n<p><iframe loading=\"lazy\" title=\"Anti-Kater-Drinks selber machen \u2013 mit Hazel Brugger und Karl Lauterbach | heute-show\" width=\"629\" height=\"354\" src=\"https:\/\/www.youtube.com\/embed\/D4GanqnJ2CQ?feature=oembed\" frameborder=\"0\" allow=\"accelerometer; autoplay; clipboard-write; encrypted-media; gyroscope; picture-in-picture; web-share\" referrerpolicy=\"strict-origin-when-cross-origin\" allowfullscreen><\/iframe><\/p>\n<p>&nbsp;<\/p>\n","protected":false},"excerpt":{"rendered":"<p>Anstelle mit \u201cEs reicht!\u201d k\u00f6nnte man den Artikel auch mit \u201cWie werde ich reich?\u201d \u00fcberschreiben. SPIEGEL TV hat recherchiert, dass es ohne gro\u00dfen Aufwand geht. Die Nachahmung wird allerdings nicht empfohlen. Es gibt n\u00e4mlich ein Restrisiko, von Susann Langner und ihren LKA-Kollegen ertappt zu werden. Die Reportage zur polizeilichen Arbeit mit dem Titel \u201cBentleys, Bitcoins, [&hellip;]<\/p>\n","protected":false},"author":2,"featured_media":0,"parent":37,"menu_order":31,"comment_status":"closed","ping_status":"closed","template":"","meta":{"footnotes":""},"class_list":["post-1376","page","type-page","status-publish","hentry"],"_links":{"self":[{"href":"https:\/\/jonathanfischer.de\/index.php?rest_route=\/wp\/v2\/pages\/1376","targetHints":{"allow":["GET"]}}],"collection":[{"href":"https:\/\/jonathanfischer.de\/index.php?rest_route=\/wp\/v2\/pages"}],"about":[{"href":"https:\/\/jonathanfischer.de\/index.php?rest_route=\/wp\/v2\/types\/page"}],"author":[{"embeddable":true,"href":"https:\/\/jonathanfischer.de\/index.php?rest_route=\/wp\/v2\/users\/2"}],"replies":[{"embeddable":true,"href":"https:\/\/jonathanfischer.de\/index.php?rest_route=%2Fwp%2Fv2%2Fcomments&post=1376"}],"version-history":[{"count":102,"href":"https:\/\/jonathanfischer.de\/index.php?rest_route=\/wp\/v2\/pages\/1376\/revisions"}],"predecessor-version":[{"id":1478,"href":"https:\/\/jonathanfischer.de\/index.php?rest_route=\/wp\/v2\/pages\/1376\/revisions\/1478"}],"up":[{"embeddable":true,"href":"https:\/\/jonathanfischer.de\/index.php?rest_route=\/wp\/v2\/pages\/37"}],"wp:attachment":[{"href":"https:\/\/jonathanfischer.de\/index.php?rest_route=%2Fwp%2Fv2%2Fmedia&parent=1376"}],"curies":[{"name":"wp","href":"https:\/\/api.w.org\/{rel}","templated":true}]}}