{"id":1214,"date":"2021-12-24T02:11:04","date_gmt":"2021-12-24T02:11:04","guid":{"rendered":"http:\/\/jonathanfischer.de\/?page_id=1214"},"modified":"2024-05-16T20:13:43","modified_gmt":"2024-05-16T20:13:43","slug":"kindermord-zu-weihnachten","status":"publish","type":"page","link":"https:\/\/jonathanfischer.de\/?page_id=1214","title":{"rendered":"Kindermord zu Weihnachten"},"content":{"rendered":"<p><\/p>\r\n<p><em>Es begab sich aber zu der Zeit, dass ein Gebot von dem Kaiser Augustus ausging, dass alle Welt sich sch\u00e4tzen lassen sollte.<\/em><\/p>\r\n<p>\r\n\r\n<\/p>\r\n<p>Die Weihnachtsgeschichte nimmt ihren Anfang mit Imperator Caesar Divi filius Augustus. Der Erhabene wird heute noch neben B\u00fcsten mit dem achten Monat im Sommer geehrt. Damals lie\u00df sich der Pontifex Maximus in neu erbauten Tempeln eigens verg\u00f6ttern, was ein Grund f\u00fcr die Volksz\u00e4hlung gewesen sein mag. Als Wiederholung zu Offenbarung 13 ergibt Gold : Steuern = 666 nachzulesen \u00fcber K\u00f6nig Salomo in 1. K\u00f6nige 10 Vers 14. Noch weniger zu lachen, hatte das ausgebeutete Volk unter dem heuchlerischen K\u00f6nig Herodes. Nachdem der b\u00f6sartige Herrscher sich durch die Weisen aus dem Morgenland betrogen sah, sandte er in seinem Zorn hin und lie\u00df alle Kn\u00e4blein t\u00f6ten, die zu Bethlehem und in allen ihren Grenzen waren, die da zweij\u00e4hrig und darunter waren, nach der Zeit, die er von den Weisen genau erkundigt hatte.<\/p>\r\n<p>\r\n\r\n<\/p>\r\n<p><em>Da ward erf\u00fcllt, was durch Jeremia gesagt ist, den Propheten, der da spricht, eine Stimme ist zu Rama geh\u00f6rt worden, viel Weinen und Klagen. Rahel beweint ihre Kinder und will sich nicht tr\u00f6sten lassen, denn es war aus mit ihnen.<\/em><\/p>\r\n<p>\r\n\r\n<\/p>\r\n<p>Heiligabend macht durchaus depressiv. Je \u00e4lter man wird, desto weniger freut man sich \u00fcber Geschenke. Richtig d\u00fcster wird es in der stillen, heiligen Nacht, wenn vom Tod unschuldiger Kinder berichtet wird. Ein weit verbreiteter Volksglaube ist, dass zu Weihnachten die Selbstmordrate steigt, wobei mein Ansinnen mit diesem Beitrag sein wird, dass Sie sich gerade nicht den Lebensatem nehmen.<\/p>\r\n<p>\r\n\r\n<\/p>\r\n<p>An alle durch das positive Denken verzauberten Wohlstandchristen gerichtet, wiederhole ich eine sehr bekannte Warnung aus der Apokalypse. J\u00fcnger Johannes schrieb in hohem Alter:<\/p>\r\n<p>\r\n\r\n<\/p>\r\n<p><em>Und es bringt alle dazu, die Kleinen und die Gro\u00dfen, und die Reichen und die Armen, und die Freien und die Knechte, dass sie ein Malzeichen annehmen an ihre rechte Hand oder an ihre Stirn, dass niemand kaufen oder verkaufen kann, als nur der, der das Malzeichen hat, den Namen des Tieres oder die Zahl seines Namens. Hier ist die Weisheit. Wer Verstand hat, berechne die Zahl des Tieres, denn es ist eines Menschen Zahl, und seine Zahl ist 666.<\/em><\/p>\r\n<p>\r\n\r\n<\/p>\r\n<p>Als Ausblick f\u00fcr das, was uns alle als Bundesb\u00fcrger im n\u00e4chsten Jahr erwartet, f\u00fchre ich zwei aktuelle Forderungen zum digitalen Impfpass aus den Nachrichten von Dezember 2021 an:<\/p>\r\n<p>\r\n\r\n<\/p>\r\n<p>https:\/\/www.welt.de\/kultur\/deus-ex-machina\/plus235577672\/Don-Alphonso-Warum-bei-Impfpflicht-am-Chip-kein-Weg-vorbeifuehrt.html<\/p>\r\n<p>\r\n\r\n<\/p>\r\n<p>und<\/p>\r\n<p>\r\n\r\n<\/p>\r\n<p>https:\/\/www.bild.de\/regional\/hamburg\/hamburg-aktuell\/dr-patrick-kramer-hat-sechs-implantate-unter-haut-der-gechipte-mann-78502820.bild.html<\/p>\r\n<p>\r\n\r\n<\/p>\r\n<p>Ich verstehe, dass nicht jeder am gelben Impfpass mit der Schlange plus \u00c4skulapstab oder am Impfnachweis auf dem Handy, mit dem angebissenen Apfel eine teuflische Verf\u00fchrung oder ein apokalyptischen Zeichen sieht. In diesem Augenblick tritt aber ein, wovon uns Johannes vor nahezu 2000 Jahren in Offenbarung 13 und neuzeitliche Propheten vor 20 Jahren in ihren Schriften gewarnt haben. Die Entscheidung liegt bei den Gemeindemitgliedern, alles mitzumachen, was der sich immer mehr vom Christentum abwendende Staat will, oder sich gegen die Ungerechtigkeit aufzulehnen.<\/p>\r\n<p>\r\n\r\n<\/p>\r\n<p>Also wie gro\u00df ist die Bereitschaft, der bekehrten Christen gechippt zu werden, um in Zukunft schneller ins Kaufhaus hinein gelassen zu werden?<\/p>\r\n<p>\r\n\r\n<\/p>\r\n<p>Nat\u00fcrlich hinterfrage ich mich, ob meine Eindr\u00fccke und Tr\u00e4ume wirklich vom Herrn sind und als Warnung weiter gegeben werden sollen. Bei aller Menschenw\u00fcrde lie\u00df sich das verh\u00e4rtete Herz des Pharaos nur dadurch bezwingen, indem die Erstgeburt \u00c4gyptens vom Racheengel mit dem Tod geschlagen wurde. Meine gr\u00f6\u00dfte Sorge gilt in der Geschichte von den geopferten L\u00e4mmern ebenfalls den Kindern, die meiner Meinung nach keinesfalls mit dem mRNA-Verfahren gespiked werden sollen. Ich schreibe absichtlich nicht geimpft, weil eine Impfung l\u00e4nger als 6 Monate anh\u00e4lt und viele Desillusionierte wahrscheinlich kein viertes Mal geboostert werden wollen, wie es aktuell der soziale Gesundheitsminister Lauterbach fordert, und es in dem in Panik versetzten Vorreiterstaat Israel bereits praktiziert wird. Im Folgenden werden weltweite Belege und recherchierte Erkenntnisse aufgef\u00fchrt, die von nur unser Bestes wollenden, positiv denkenden Paaren Merkel\/Scholz oder RKI\/STIKO nicht zu h\u00f6ren waren.<\/p>\r\n<p>\r\n\r\n<\/p>\r\n<p>Was ist L\u00fcge? Was ist Wahrheit? Eine der erschreckendsten Internet-Seiten mit negativen Berichten \u00fcber die Wirkungen der neuartigen Gentherapien findet sich mit hebr\u00e4ischer Sprache und deutschen Untertiteln auf <a href=\"http:\/\/www.vaxtestimonies.org\/de\/\">http:\/\/www.vaxtestimonies.org\/de\/<\/a>.<\/p>\r\n<p>\r\n\r\n<\/p>\r\n<p>Wer sich nicht die Zeit nehmen will, die im Video dokumentierten, ersch\u00fctternden Warnungen von sich als menschliche Laborratten bezeichnenden Zeitzeugen anzuschauen, sollte sich fragen, warum in Zeitungsartikeln dieses Jahr 370 Athleten mit Herzproblemen zusammen gebrochen sind, von denen fatalerweise 209 starben. So etwas gab es in den Vorjahren noch nie: <a href=\"https:\/\/goodsciencing.com\/covid\/athletes-suffer-cardiac-arrest-die-after-covid-shot\/\">https:\/\/goodsciencing.com\/covid\/athletes-suffer-cardiac-arrest-die-after-covid-shot\/<\/a>.<\/p>\r\n<p>\r\n\r\n<\/p>\r\n<p>Die Erkl\u00e4rung wie es dazu kommt, liefert das Spikevax aussetzende isl\u00e4ndische Gesundheitsministerium <a href=\"https:\/\/www.fr.de\/wissen\/corona-impfung-herzmuskelentzuendung-risiko-coronavirus-impfstoff-nebenwirkungen-gesundheit-news-91045646.html\">https:\/\/www.fr.de\/wissen\/corona-impfung-herzmuskelentzuendung-risiko-coronavirus-impfstoff-nebenwirkungen-gesundheit-news-91045646.html<\/a> oder zwei pensionierte deutsche Professoren als Pathologen auf zwei Pressekonferenzen in Reutlingen und Berlin. Beweise unter dem Mikroskop nicht gelten lassende, absolute Impfbef\u00fcrworter beruhigen sogleich, als nicht medizinisch ausgebildeten Fakten-Checker, den Otto Normalverbraucher in unseren durch Rundfunkgeb\u00fchren finanzierten, zensierten Staats-Medien. Im nachfolgenden Zusammenschnitt kann es sich unm\u00f6glich um eine echte, ernstzunehmende, genehmigte Zusammenkunft von promovierten Gesundheitsexperten handeln: <a href=\"https:\/\/www.pathologie-konferenz.de\/\">https:\/\/www.pathologie-konferenz.de\/<\/a>.<\/p>\r\n<p>\r\n\r\n<\/p>\r\n<p>Viele mutige Mediziner riskieren nicht nur ihren guten Ruf, sondern sind gerade dabei ihren Job zu verlieren, weil sie sich nicht impfen oder nicht ihren Mund verbieten lassen. Ein Beispiel aus der Impf-Apartheid \u00d6sterreich ist die Existenz bedrohte Kinder\u00e4rztin Dr. med. Sharon Tagwerker, auf deren Lockdown Praxiswebsite Folgendes zu lesen war:<\/p>\r\n<p>\r\n\r\n<\/p>\r\n<p><em>&#8222;Wo sind wir gelandet, dass wir nach Injektion auftretende Peri-\/Myocarditiden trotz berichteter Intensivaufenthalte und Todesf\u00e4llen verharmlosen. Studien diesbez\u00fcglich nach der Reihe zur\u00fcckgezogen werden m\u00fcssen.<\/em><\/p>\r\n<p>\r\n\r\n<\/p>\r\n<p><em>Zuletzt wurde von einem 15-j\u00e4hrigen gesunden deutschen M\u00e4dchen berichtet, das nach Erhalt der 2. Injektion von Comirnaty einen Herzstillstand erlitt und in Folge verstarb, \u00c4rzte negierten den Zusammenhang mit der Impfung, im Obduktionsbericht steht jedoch: Todesursache postvaccine Myocarditis.<\/em><\/p>\r\n<p>\r\n\r\n<\/p>\r\n<p><em>Bereits jetzt findet man in der EMA-Daten-Bank 64 (!!) Kinder, die zeitnah zur Covid-19 Injektion verstorben sind, im Sicherheitsbericht des Paul-Ehrlich Institutes sind es 5 Kinder, 2 davon vormals gesund, das schaffte bisher keine Covid-19 Infektion bei gesunden Kindern, 98 F\u00e4lle von Peri-\/Myocarditis. Man muss bedenken, dass nur 1-10% der Verdachtsf\u00e4lle gemeldet werden. Solange diese F\u00e4lle nicht eindeutig gekl\u00e4rt sind, d\u00fcrften niemals diese Medikamente der breiten Masse verimpft werden, sondern nur nach genauem Abw\u00e4gen eines Nutzen-Risiko-Profils.<\/em><\/p>\r\n<p>\r\n\r\n<\/p>\r\n<p><em>Wir \u00c4rzte schworen auf den Hippokratischen Eid, das Genfer Gel\u00f6bnis. es gibt die Resolution 2361 des Europarates gegen Impfpflicht und Diskriminierung. Das wird alles vergessen und ignoriert.<\/em><\/p>\r\n<p>\r\n\r\n<\/p>\r\n<p><em>Ich selbst musste bereits 6 Verdachtsf\u00e4lle melden, einer davon lebensbedrohlich.<\/em><\/p>\r\n<p>\r\n\r\n<\/p>\r\n<p><em>Aufgrund all dieser ungekl\u00e4rten Tatsachen wird niemals eine Institution oder die Politik mich dazu zwingen k\u00f6nnen nicht im Sinne meiner Patienten zu beraten und zu handeln, auch nicht unter Androhung von Disziplinarverfahren und des Berufsverbotes!&#8220; <\/em><a href=\"https:\/\/www.kinderarzt-bludenz.at\/startseite\/covid-19\/\">https:\/\/www.kinderarzt-bludenz.at\/startseite\/covid-19\/<\/a><\/p>\r\n<p>\r\n\r\n<\/p>\r\n<p>Der vierzehnj\u00e4hrige Joshua Henry aus Moruca starb innerhalb von 90 Minuten nach dem Pfizer-Impfstoff <a href=\"https:\/\/caribbean.loopnews.com\/content\/guyana-brain-haemorrhage-blamed-teens-death-after-pfizer-vaccine\">https:\/\/caribbean.loopnews.com\/content\/guyana-brain-haemorrhage-blamed-teens-death-after-pfizer-vaccine<\/a> &#8211; als auch drei Kinder in Vietnam <a href=\"https:\/\/report24.news\/pfizer-impfung-in-vietnam-drei-kinder-tot-120-mussten-ins-krankenhaus\/\">https:\/\/report24.news\/pfizer-impfung-in-vietnam-drei-kinder-tot-120-mussten-ins-krankenhaus\/<\/a> &#8211; oder eine argentinische Teenagerin am 15-ten Geburtstag <a href=\"https:\/\/thecovidworld.com\/julieta-anahi-ilundain-15-year-old-singer-dies-from-sudden-cardiac-arrest-months-after-receiving-moderna-covid-19-vaccine\/\">https:\/\/thecovidworld.com\/julieta-anahi-ilundain-15-year-old-singer-dies-from-sudden-cardiac-arrest-months-after-receiving-moderna-covid-19-vaccine\/<\/a>.<\/p>\r\n<p>\r\n\r\n<\/p>\r\n<p>Wie immer laut Journalisten, die sich als die Wahrheit abonniert habende Fakten-Checker ausgeben, alles l\u00fcgnerische Fake News auf dem zu verbietenden Telegram Dienst, denen man keinen Glauben schenken darf, obwohl ausl\u00e4ndische Zeitungen und besorgte \u00c4rzte dar\u00fcber berichtet haben.<\/p>\r\n<p>\r\n\r\n<\/p>\r\n<p>Dar\u00fcber verzweifelt auch ein australischer Arzt in seiner Notaufnahme, der mit seinen Erfahrungen im angeschw\u00e4rzten Interview gesichtslos bleiben will. Seine Verwirrung ist gro\u00df, weil die in Internierungslagern drastisch durchgreifende Regierung in Down Under weiter bef\u00fcrwortet, schwere Sch\u00e4den bei Kindern durch Myokarditis und Perikarditis zuzulassen. Umgekehrt sei aber der Nutzen viel geringer, anstelle die Beschwerden, da bekanntlich Kinder nicht an Covid-19 sterben. Ins gleiche Horn bl\u00e4st der Erfinder der mRNA-Gen-Technologie Dr. Robert Malone, der sich mehr von seiner missbrauchten Entdeckung, als vor Long-Covid f\u00fcrchtet. Als Vater und Gro\u00dfvater ruft er n\u00e4mlich gerade dazu auf, nachdr\u00fccklich Widerstand f\u00fcr den Schutz der Kinder zu leisten.<\/p>\r\n<p>\r\n\r\n<\/p>\r\n<p>Schlechte Presse vermeidend, darf bei uns nicht sein, was nicht sein darf. Die Kabarettistin Lisa Fitz wird nachtr\u00e4glich emp\u00f6rt aus der Mediathek geschmissen. Covid-19 als gr\u00f6\u00dfte Geldmaschine von Big Pharma ever st\u00f6\u00dft auf wenig Applaus der M\u00e4chtigen. Darum wird Lisa f\u00fcr ihr Geschwurbel von einem EMA-Papier mit 5000 Impftoten von den gro\u00dfen Nachrichtenmagazinen ger\u00fcgt. Also wiederum die typischen Fake News die Meinesgleichen und EU-Parlamentarier als Verschw\u00f6rungstheoretiker aus den falschen Quellen aufschnappen und dann verbreiten. Verdachtsmeldungen betreffend, sind bekanntlich die Ungeimpften als S\u00fcndenb\u00f6cke an allem Schuld, da sie die Intensivbetten belegen. Darum braucht niemand sich Sorgen \u00fcber gef\u00e4lschte Statistiken machen. In den sozialen Netzwerken wird &#8222;irref\u00fchrend&#8220; \u00fcber 2 Millionen in der VigiBase-Datenbank der WHO gemeldete, potenzielle Impfnebenwirkungen bei den neuen Vakzinen berichtet, deren Zusammenhang selbstverst\u00e4ndlich nicht bewiesen werden kann. Ausl\u00f6ser sollen nicht unerprobte neuartige Verfahren, sondern altbekannte Krankheiten sein. Wer den Schaden hat, braucht f\u00fcr den Spott nicht zu sorgen,<\/p>\r\n<p>\r\n\r\n<\/p>\r\n<p>Weder wurde von Profit gierigen Pharmafirmen versucht, medizinische Studien 55 Jahre unter Verschluss zu halten, um eine \u00dcbersterblichkeit bei der Behandlung zu verbergen. <a href=\"https:\/\/www.finanznachrichten.de\/nachrichten-2021-12\/54648182-daten-zu-pfizer-impfstoff-sollen-bis-2076-unter-verschluss-bleiben-259.htm\">https:\/\/www.finanznachrichten.de\/nachrichten-2021-12\/54648182-daten-zu-pfizer-impfstoff-sollen-bis-2076-unter-verschluss-bleiben-259.htm<\/a><\/p>\r\n<p>\r\n\r\n<\/p>\r\n<p>Noch gab es Hilferufe von Probanden, die wegen ihrer auftretenden Gesundheitsprobleme kurzerhand ausgeschlossen und ignoriert wurden. <a href=\"https:\/\/alschner-klartext.de\/2021\/11\/08\/mein-koerper-hoert-nicht-auf-sich-selbst-anzugreifen\/\">https:\/\/alschner-klartext.de\/2021\/11\/08\/mein-koerper-hoert-nicht-auf-sich-selbst-anzugreifen\/<\/a><\/p>\r\n<p>\r\n\r\n<\/p>\r\n<p>Mein ehemaliger Berufskollege, der mit Moderna die Revolution in ein neues Zeitalter herbeif\u00fchrende Bankkaufmann*frau Jens Spahn hat uns als Gesundheitsexperte bekanntlich versichert, dass die Stoffe mit den Nanopartikeln nach k\u00fcrzester Zeit wieder raus aus unserem K\u00f6rper sind. After-Schmerzen sind zum Vergessen. Geil w\u00e4re dann, anstelle Fremdk\u00f6rper nur noch lebensrettende Antik\u00f6rper zu haben. In dem meiner Meinung nach gottesl\u00e4sterlichen Heils-Vergleich mit Moses wird laut unserem beliebten BW-Landesvater Kretschmann in seiner Zwangs-Ideologie alles gut, aber nur, wenn die gesamte Bev\u00f6lkerung durchgeimpft ist. Wahlkampf ist zwar vorbei, die meisten Leute schenken seinen Erfolgs-Versprechungen mitsamt aufgehaltenem Klimawandel jedoch weiter Vertrauen. Nur noch dieses oder jenes, dann ist die Pandemie laut gegenw\u00e4rtigen Erkenntnissen und griffbereiten Studien vor\u00fcber, wobei immer wieder alles mit neuen Regeln \u00fcber den Haufen geworfen wird. Demungeachtet ist in Gibraltar in der vierten Corona-Welle der Zauber bei 99 Prozent Geimpften nicht mutma\u00dflich vorbei. Daf\u00fcr achteten fr\u00fcher die Frieden anpeilenden Gr\u00fcnen peinlichst genau auf die Beschreibungen der Inhaltsstoffe von genver\u00e4nderten Nahrungsmitteln oder die Beipackzettel von Arzneien.<\/p>\r\n<p>\r\n\r\n<\/p>\r\n<p>Ich nehme einmal stark an, die Leser haben noch nichts von ALC-0315 oder ALC-0158 geh\u00f6rt.<\/p>\r\n<p>\r\n\r\n<\/p>\r\n<p>Diese Stoffe lassen Eltern aber als Schutzbefohlene ihrer Kinder mit BioNTechs Comirnaty in die verletzlichen, kleinen K\u00f6rper versuchsweise injizieren. Laut Herstellern Echolon und Biomol sind die Nanolipide nur f\u00fcr Forschungszwecke und Laboruntersuchungen und Achtung: Nicht f\u00fcr die Anwendung im oder am Menschen bestimmt!<\/p>\r\n<p>\r\n\r\n<\/p>\r\n<p>Eines meiner Steckenpferde ist der Okkultismus. In christlichen Kreisen ist es verp\u00f6nt, sich mit den verborgenen, dunklen M\u00e4chten auseinander zu setzen. Heute ist zur Wiederholung Heiligabend. Wer die Christmette besucht, kann als Teil der Weihnachtsgeschichte erfahren, dass der schreckliche Machthaber Herodes ver\u00e4rgert einen Kleinkindermord angeordnet hat. Bekanntlich gibt es nichts neues unter der Sonne, denn Pharao hatte auch schon seine Freude daran, in Konkurrenz stehende, m\u00e4nnliche Babys t\u00f6ten zu lassen. Warum sollte sich so etwas nicht heute repetieren?<\/p>\r\n<p>\r\n\r\n<\/p>\r\n<p>Eine Studie aus dem New England Journal of Medicine ergab, dass die Covid-Impfstoffe bei 104 von 127 schwangeren Frauen w\u00e4hrend des ersten Trimesters Spontanaborte verursacht haben. In Schottland wurde eine Untersuchung eingeleitet, um den Anstieg der Sterblichkeitsrate auf 4,9 pro Tausend Neugeborenen zu bewerten. Schreckliche Berichte \u00fcber Missbildungen und schwerste Impffolgen bei Babys h\u00e4ufen sich, mit teils unertr\u00e4glichen Bilder der armen, leidenden Kleinen. <a href=\"https:\/\/www.wochenblick.at\/corona\/2-620-tote-babys-nach-impfung-und-berichte-schrecklicher-nebenwirkungen\/\">https:\/\/www.wochenblick.at\/corona\/2-620-tote-babys-nach-impfung-und-berichte-schrecklicher-nebenwirkungen\/<\/a><\/p>\r\n<p>\r\n\r\n<\/p>\r\n<p>Wem es da das Herz nicht zerrei\u00dft, der spottet \u00fcber den britischen Bestattungsunternehmer Wesley, der erschreckt davon berichtet, wie sich die toten Babys in Leichenhallen stapeln und er jetzt die meisten Beerdigungen hat, weil die Zahlen durch die Decke gehen. <a href=\"https:\/\/www.youtube.com\/watch?v=neicf0-T0AQ\">https:\/\/www.youtube.com\/watch?v=neicf0-T0AQ<\/a><\/p>\r\n<p>\r\n\r\n<\/p>\r\n<p>Nicht jeder f\u00fchlt sich berufen, sich ausf\u00fchrlich mit um 20 Prozent gestiegenen Zahlen der \u00dcbersterblichkeit bei Erwachsenen zu besch\u00e4ftigten. Noch weniger Spa\u00df bereitet anhand des Wort Gottes ein Selbststudium des Charakters von Satan, der alten Schlange, die es immer wieder schafft uns zu t\u00e4uschen. Wenige studierte Rechtsgelehrte, sehen den Sensenmann auf sich zukommen, oder eine zweifache Schlange im Paragrafenzeichen \u00a7. Der t\u00f6dliche Vorwurf gegen\u00fcber Richter Pontius Pilatus an Jesus Christus lautete von den schreienden Juden, sich selbst zum K\u00f6nig zu machen, und somit, gegen den Kaiser zu sein. Ein Trost f\u00fcr verfolgte Bibelgl\u00e4ubige ist, dass der Stab der Autorit\u00e4t, als verwandelte Schlange von Moses, die zwei Schlangen der Zauberer des Pharaos aufgefressen hat. Der im Korb aus Schilfrohr durchs Wasser gezogene j\u00fcdische Befreier, der als Baby von der \u00e4gyptischen Prinzessin adoptiert wurde, erh\u00f6hte sp\u00e4ter in der W\u00fcstenwanderung eine eherne Schlange auf einem hocherhobenen Stab, als ein Sinnbild f\u00fcr Jesus Christus, der am Kreuz f\u00fcr unsere S\u00fcnde starb. Denn zur Abwechslung lautet Johannes Kapitel 3 mit zwei anderen Merkversen:<\/p>\r\n<p>\r\n\r\n<\/p>\r\n<p><em>Wie Moses in der W\u00fcste die Schlange erh\u00f6ht hat, so muss der Menschensohn erh\u00f6ht werden.<\/em><\/p>\r\n<p>\r\n\r\n<\/p>\r\n<p><em>Dies ist aber das Gericht, dass das Licht in die Welt gekommen ist, und die Menschen liebten die Finsternis mehr als das Licht, denn ihre Werke waren b\u00f6se.<\/em><\/p>\r\n<p>\r\n\r\n<\/p>\r\n<p>Also wurde jeder, der zu der am Stab aufgerichteten Schlange aufsah geheilt und durfte weiterleben. Wenn es um Heilung in der Medizin geht, w\u00fcrde man doch eher in der Forschung erwarten, ein wirksames Medikament, anstelle einer neuartigen Impfung zu entwickeln. Es sollte nicht der letzte \u00dcberlebensweg sein, in der Intensivstation ins Koma versetzt, k\u00fcnstlich beatmet zu werden. Als Erste Hilfe bei Corona bekommt man in Deutschland verordnet, sich zu Hause in Quarant\u00e4ne auszukurieren. Ein befreundetes Ehepaar bekam dabei vom Arzt kein hilfreiches Medikament verschrieben. Besonders auff\u00e4llig ist hierbei, wie vehement in den Medien von anderen L\u00e4ndern empfohlene Behandlungsmethoden bek\u00e4mpft werden. Ein Malariamittel, das dem \u00fcbergewichtigen US-Pr\u00e4sidenten geholfen hat, kommt jedenfalls bei uns nicht in die T\u00fcte. Niemand soll h\u00f6ren, dass der indische Bundesstaat Uttar Pradesh mit Erfolg als Rosskur das 1987 zugelassene Ivermectin angewendet hat, und nur in Afrika ist die Pflanze Artemisia seit Jahrtausenden als Virenkiller bekannt. Europ\u00e4ische Schreibtischt\u00e4ter verbieten oder verhindern diese Medikamente, genauso wie den von Professor Winfried St\u00f6cker entwickelten Totimpfstoff. Verschw\u00f6rer sind nicht die verantwortlichen Entscheidungstr\u00e4ger, sondern wer jetzt ein System des Pharmalobbyismus vermutet.<\/p>\r\n<p>\r\n\r\n<\/p>\r\n<p>Das gab es nie und wird es nicht wieder geben. Trotzdem m\u00f6chte ich wie der ehemalige Chefarzt der Chirurgie der Oberhavelkliniken, Herr Dr. Thomas Sarnes, nicht in einer wieder aufsteigenden, faschistischen Diktatur mit korrupten Politikern leben. https:\/\/odysee.com\/@querdenken711_news:4\/thomas-sarnes_vater-vergib-mir:f<\/p>\r\n<p>\r\n\r\n<\/p>\r\n<p>In der Augsburger Allgemeinen werden im Cartoon schon einmal die Impf-Verweigerer in einem Covidstrike Ego-Shooterspiel des Jahres blutig abgeschossen. Darum blicke ich als Asylsuchender auf infrage kommende L\u00e4nder ohne Impfzwang. Qualit\u00e4tskontrollen und Standards betreffend, haben sich in meiner f\u00fcr den Automobilbau ber\u00fchmten Heimatstadt Stuttgart bei der Einf\u00fchrung von Produkten die Dinge zum Schlechten ver\u00e4ndert. Als Hoffnungsschimmer gibt es im Grundgesetz abschaffenden Deutschland noch ein uns sch\u00fctzen sollendes Arzneimittelgesetz, um spazieren gehende Leser, in einem letzten Gedankenansto\u00df, m\u00f6glicherweise zum Protest zu bewegen.<\/p>\r\n<p>\r\n\r\n<\/p>\r\n<p>Gesetz \u00fcber den Verkehr mit Arzneimitteln (Arzneimittelgesetz &#8211; AMG)<br \/>\u00a7 8 Verbote zum Schutz vor T\u00e4uschung<\/p>\r\n<p>\r\n\r\n<\/p>\r\n<p>(1) Es ist verboten, Arzneimittel oder Wirkstoffe herzustellen oder in den Verkehr zu bringen, die<\/p>\r\n<p>\r\n\r\n<\/p>\r\n<p>1. durch Abweichung von den anerkannten pharmazeutischen Regeln in ihrer Qualit\u00e4t nicht unerheblich gemindert sind oder 2. mit irref\u00fchrender Bezeichnung, Angabe oder Aufmachung versehen sind. Eine Irref\u00fchrung liegt insbesondere dann vor, wenn<\/p>\r\n<p>\r\n\r\n<\/p>\r\n<p>a) Arzneimitteln eine therapeutische Wirksamkeit oder Wirkungen oder Wirkstoffen eine Aktivit\u00e4t beigelegt werden, die sie nicht haben, b) f\u00e4lschlich der Eindruck erweckt wird, dass ein Erfolg mit Sicherheit erwartet werden kann oder dass nach bestimmungsgem\u00e4\u00dfem oder l\u00e4ngerem Gebrauch keine sch\u00e4dlichen Wirkungen eintreten, c) zur T\u00e4uschung \u00fcber die Qualit\u00e4t geeignete Bezeichnungen, Angaben oder Aufmachungen verwendet werden, die f\u00fcr die Bewertung des Arzneimittels oder Wirkstoffs mitbestimmend sind.<\/p>\r\n<p>\r\n\r\n<\/p>\r\n<p>Nun kann man nach Psalm 139 glauben vom Sch\u00f6pfer auf erstaunliche wunderbare Weise erschaffen zu sein, ohne an einem Eingriff in unseren nat\u00fcrlichen Kreislauf mit den wertvollen Blutk\u00f6rperchen, im gr\u00f6\u00dften Versuch der Menschheitsgeschichte teilnehmen zu wollen. Oder man verl\u00e4sst sich auf die gebetsm\u00fchlenartig wiederholten Versprechungen der ausgew\u00e4hlten Wissenschaftler von selektierten Talkrunden. Ich habe mich dagegen entschieden, mein nat\u00fcrliches Immunsystem durch eine neue Technologie mit nachgemachtes Botenmolek\u00fcl (ein Messenger kann auch ein gefallener Engel sein) zu vervollkommnen und rate entgegen dem Tagesschau-Mainstream aufgrund der oben aufgef\u00fchrten Berichte jedem ab, sich boostern zu lassen. Das gechippt werden, sollte sowieso keine Frage sein. Bei der gr\u00f6\u00dften Volksz\u00e4hlung der Welt zur Nummer verkommen, gibt es am Ende kein schlimmeres Gericht, als den Kleinsten etwas B\u00f6ses zuzuf\u00fcgen.<\/p>\r\n<p>\r\n\r\n<\/p>\r\n<p>Die Erleuchtung in einer gesegneten Weihnacht w\u00fcnscht somit Matthias Ruf<\/p>\r\n<p><\/p>","protected":false},"excerpt":{"rendered":"<p>Es begab sich aber zu der Zeit, dass ein Gebot von dem Kaiser Augustus ausging, dass alle Welt sich sch\u00e4tzen lassen sollte. Die Weihnachtsgeschichte nimmt ihren Anfang mit Imperator Caesar Divi filius Augustus. Der Erhabene wird heute noch neben B\u00fcsten mit dem achten Monat im Sommer geehrt. Damals lie\u00df sich der Pontifex Maximus in neu [&hellip;]<\/p>\n","protected":false},"author":2,"featured_media":0,"parent":37,"menu_order":33,"comment_status":"open","ping_status":"closed","template":"","meta":{"footnotes":""},"class_list":["post-1214","page","type-page","status-publish","hentry"],"_links":{"self":[{"href":"https:\/\/jonathanfischer.de\/index.php?rest_route=\/wp\/v2\/pages\/1214","targetHints":{"allow":["GET"]}}],"collection":[{"href":"https:\/\/jonathanfischer.de\/index.php?rest_route=\/wp\/v2\/pages"}],"about":[{"href":"https:\/\/jonathanfischer.de\/index.php?rest_route=\/wp\/v2\/types\/page"}],"author":[{"embeddable":true,"href":"https:\/\/jonathanfischer.de\/index.php?rest_route=\/wp\/v2\/users\/2"}],"replies":[{"embeddable":true,"href":"https:\/\/jonathanfischer.de\/index.php?rest_route=%2Fwp%2Fv2%2Fcomments&post=1214"}],"version-history":[{"count":24,"href":"https:\/\/jonathanfischer.de\/index.php?rest_route=\/wp\/v2\/pages\/1214\/revisions"}],"predecessor-version":[{"id":1216,"href":"https:\/\/jonathanfischer.de\/index.php?rest_route=\/wp\/v2\/pages\/1214\/revisions\/1216"}],"up":[{"embeddable":true,"href":"https:\/\/jonathanfischer.de\/index.php?rest_route=\/wp\/v2\/pages\/37"}],"wp:attachment":[{"href":"https:\/\/jonathanfischer.de\/index.php?rest_route=%2Fwp%2Fv2%2Fmedia&parent=1214"}],"curies":[{"name":"wp","href":"https:\/\/api.w.org\/{rel}","templated":true}]}}