{"id":1172,"date":"2021-11-25T10:59:33","date_gmt":"2021-11-25T10:59:33","guid":{"rendered":"http:\/\/jonathanfischer.de\/?page_id=1172"},"modified":"2024-05-18T08:18:25","modified_gmt":"2024-05-18T08:18:25","slug":"1172-2","status":"publish","type":"page","link":"https:\/\/jonathanfischer.de\/?page_id=1172","title":{"rendered":"Zauberei in einer verhexten Injektion?"},"content":{"rendered":"\r\n<figure class=\"wp-block-audio\"><audio src=\"https:\/\/matthiasruf.files.wordpress.com\/2021\/12\/zauberei-in-einer-verhexten-injektion.mp3\" controls=\"controls\"><\/audio>\r\n<figcaption>Zauberei in einer verhexten Injektion<\/figcaption>\r\n<\/figure>\r\n\r\n<p><span style=\"font-family: 'Liberation Serif', serif;\"><span style=\"font-size: medium;\"><\/span><\/span><\/p>\r\n<p>Es k\u00f6nnte alles so sch\u00f6n sein. Alles Volk h\u00e4lt an einem Tag gemeinsam die Gebote des Tanach, dann kommt der Messias wieder, so die orthodoxen Juden. Oder alles Volk unterwirft sich unter den Willen von Allah, denn sobald die Nationen die Scharia einf\u00fchren herrscht Frieden auf Erden, so die Moslems. Oder aus lauter erzwungener, christlichen N\u00e4chstenliebe und zur Vorbereitung einer solidarischen Weihnacht, muss alles Volk sich impfen lassen, dann ist der Corona-Zauber vorbei, so mein gr\u00fcner Lockdown-Landesvater.<\/p>\r\n<p><span style=\"font-family: 'Liberation Serif', serif;\"><span style=\"font-size: medium;\">\r\n\r\n<\/span><\/span><\/p>\r\n<p>Wer\u2019s glaubt wird selig.<\/p>\r\n<p><span style=\"font-family: 'Liberation Serif', serif;\"><span style=\"font-size: medium;\">\r\n\r\n<\/span><\/span><\/p>\r\n<p>Weniger sch\u00f6n ausgedr\u00fcckt ist das Glaubensbekenntnis des negativen Propheten Jeremia aus Kapitel 17 Vers 5:<\/p>\r\n<p><span style=\"font-family: 'Liberation Serif', serif;\"><span style=\"font-size: medium;\">\r\n\r\n<\/span><\/span><\/p>\r\n<p><em>So spricht der Herr, verflucht ist der Mann, der<\/em> <em>auf Menschen vertraut und Fleisch zu seinem Arm macht (Gen-Spritze?), und dessen Herz vom Herrn weicht!<\/em><\/p>\r\n<p><span style=\"font-family: 'Liberation Serif', serif;\"><span style=\"font-size: medium;\">\r\n\r\n<\/span><\/span><\/p>\r\n<p>Eines meiner Steckenpferde ist der Okkultismus, also alles was versteckt, geheim oder verborgen ist. Darum warne ich alle dummen Schafe, sich nicht von einem b\u00f6sen Schl\u00e4chter verhexen zu lassen. Nun bin ich nicht gleich auf die Idee gekommen, dass irgendein D\u00e4mon versucht mein Immunsystem so reinzulegen oder zu \u00fcberlisten, dass es mich als Reaktion umbringt. Bevor es wissenschaftlich f\u00fcr Laien oder Kanzlerinnen komplizierter wird, mit nachgemachten, get\u00fcrkten Baupl\u00e4nen, die in Zellen eingeschleust ein Spike-Protein bilden, sei ein einfacheres Bild aufgef\u00fchrt. Zauberei ist etwas als Wirklichkeit vorzumachen, das so nicht wirklich ist. Der b\u00f6se schwarze Zauberer zers\u00e4gt die Frau mitten in einer Holzzelle und f\u00fchrt uns zwei Teile mit schmerzverzerrtem Kopf und zappelnden F\u00fc\u00dfen vor, was einen gewissen Schauder hervorruft. Alle die den Trick mit zwei gelenkigen Sch\u00f6nheiten im Sarg nicht durchschauen sind ganz sch\u00f6n durcheinander gekommen und k\u00f6nnten zur Selbstjustiz greifen. Normalerweise wird der dunkle Magier nicht eliminiert, denn es ist nicht wirklich Blut geflossen. Die l\u00e4chelnde Assistentin sollte am Ende wieder zusammengef\u00fcgt werden und alles wird gut.<\/p>\r\n<p><span style=\"font-family: 'Liberation Serif', serif;\"><span style=\"font-size: medium;\">\r\n\r\n<\/span><\/span><\/p>\r\n<p>Nicht gut bei der neuartigen Impfung ist, wenn eine Vene getroffen wird, und sich die Vektor- oder mRNA-Botenstoffe sofort durch den Blutkreislauf im K\u00f6rper verteilen. Bei den langen Schlangen am Stuttgarter Schlossplatz oder der Hamburger Elbphilharmonie wird vom panischen \u00c4rztechef gefordert, jede Kraft, die nur eine Spritze in der Hand halten kann, zu besorgen. Der besonnene Dr. Wolfgang Wodarg hat mit seinen folgenden Interview-Worten als behandelnder Arzt gelernt, dass immer dann, wenn man am Arm in den Muskel spritzt, man vorher mal anziehen muss, ob Blut kommt, damit man sicher ist, nicht in eine Vene zu spritzen. Das wird jetzt ausdr\u00fccklich nicht empfohlen. Das muss nicht gemacht werden. Es gibt Untersuchungen dar\u00fcber, als man fr\u00fcher noch aspirierte wie oft Blut kam. Das war in 5-10 Prozent der F\u00e4lle so und deckt sich mit meinen Erfahrungen. Ich denke, dass es unverantwortlich ist, diese Stoffe, die jetzt da drin sind, also z.B. die Nanopartikel mit der mRNA einfach hineinzuspritzen, ohne zu aspirieren, denn wenn die in die Vene gehen l\u00e4sst sich sehr deutlich erkl\u00e4ren, dass diese mRNA oder die Nanopartikel mit dem ven\u00f6sen Blut in das rechte Herz gehen. Im rechten Herzvorhof, da ist der Sinusknoten, da ist der Schrittmacher f\u00fcr unser Herz. Wenn da diese Nanopartikel in die Zellen hineingehen in die Herzinnenwand, dann kann es zu Entz\u00fcndungen und Sch\u00e4digungen kommen. Dann wird dort ein immunologischer Prozess stattfinden. Diese Spike-Proteine werden dann da gebildet, und dann kommt das Immunsystem und zerst\u00f6rt diese Zellen, und dann kann das Herzreizleitungssystem in kurzer Zeit sehr stark ver\u00e4ndert werden. Das geht ziemlich schnell. Dann kriegt man Herzrhythmusst\u00f6rungen, und dann f\u00e4llt man tot vom Fahrrad, wenn man Pech hat. Man bricht tot auf dem Fu\u00dfballfeld zusammen. Gerade bei jungen M\u00e4nnern mit kr\u00e4ftigen Oberarmmuskeln, weil je kr\u00e4ftiger der Muskel ist, desto gr\u00f6\u00dfer ist die Chance, dass das in die Vene geht.<\/p>\r\n<p><span style=\"font-family: 'Liberation Serif', serif;\"><span style=\"font-size: medium;\">\r\n\r\n<\/span><\/span><\/p>\r\n<p>Das hei\u00dft, das passiert nicht bei jedem, aber bei jedem, bei dem es in die Vene geht, kann es schon sein, dass es t\u00f6dlich endet. Das ist eine gef\u00e4hrliche Sache!<\/p>\r\n<p><span style=\"font-family: 'Liberation Serif', serif;\"><span style=\"font-size: medium;\">\r\n\r\n<\/span><\/span><\/p>\r\n<p>Wenn es nicht in die Vene geht, dann verteilt es sich \u00fcber die Lymphe und \u00fcber die Gewebes\u00e4fte. Auch da wei\u00df man durch Tierversuche, die ver\u00f6ffentlicht wurden, dass in kurzer Zeit diese Nanopartikel sich im ganzen K\u00f6rper verteilen. Sich besonders anreichern in Leber und in der Milz, aber auch in den Gonaden. Das hei\u00dft in den Eierst\u00f6cken und in den Hoden, was nat\u00fcrlich dann auch zu Entz\u00fcndungen f\u00fchrt, und was dann in solchen F\u00e4llen dann zur Unfruchtbarkeit f\u00fchren kann.<\/p>\r\n<p><span style=\"font-family: 'Liberation Serif', serif;\"><span style=\"font-size: medium;\">\r\n\r\n<\/span><\/span><\/p>\r\n<p>Soweit die unlogischen Erl\u00e4uterungen eines st\u00fcmperhaften Verschw\u00f6rungstheoretikers dieser Zeit, der als Regierungsgegner Heil bringende Corona-Ma\u00dfnahmen als total \u00fcbertrieben ansah. Unerkl\u00e4rlich und ganz schlimm ist, dass solche, das Volk t\u00e4uschende Mediziner, im Bundestag und Europarat in der Vergangenheit Karriere gemacht haben. Das Tolle an der gegenw\u00e4rtigen Politik f\u00fcr an die Macht kommende Karrieremenschen ist, dass man sich f\u00fcr ein Ressort, nicht durch Ausbildung oder Studium zu qualifizieren braucht. Wer kommt schon in der EU auf die Idee Frau Dr. med. von der Leyen als Gesundheitsministerin aufzustellen. Heutzutage wird in der CDU nicht verteidigt, wenn Mann und Frau in Ehefragen gegen christliche Familienwerte schie\u00dfen. Gott sei Dank sind Aff\u00e4ren um verleumdete, nicht schwule Bundeswehrgener\u00e4le l\u00e4ngst beigelegt, denn die Ansichten \u00fcber das vermeintliche Sicherheitsrisiko f\u00fcr alle haben sich mit der Zeit ge\u00e4ndert. Geldliebende Bankkaufleute stehen viel besser ihren Mann in Aufsichtspositionen. Fakt ist laut geimpft, genesen oder gestorben Gesundheitsminister Spahn, dass Moderna der Rolls Royce, und die bedingt zugelassene Impfung nicht sch\u00e4dlich ist. Alle werden noch in Jahren merken, dass Stoffe wieder in k\u00fcrzester Zeit aus dem K\u00f6rper raus sind.<\/p>\r\n<p><span style=\"font-family: 'Liberation Serif', serif;\"><span style=\"font-size: medium;\">\r\n\r\n<\/span><\/span><\/p>\r\n<p>Kein Problem, dass die Spike-Proteine von SARS-CoV-2 zum Funktionsverlust wichtiger DNA-Reparaturproteine f\u00fchren k\u00f6nnen, welche unter anderem f\u00fcr wei\u00dfe Blutk\u00f6rperchen verantwortlich sind. Das Tolle an den genbasierten, experimentellen Substanzen sind die enthaltenen Codes, die darauf ausgelegt sind, das Spike-Protein des Virus nachzubilden. Weniger toll w\u00e4re, wenn das Spike-Protein von SARS-CoV-2 in den Zellkern eindringt und die F\u00e4higkeit der DNA zur Selbst-Reparatur sch\u00e4digt. Keine Sorge, das sind nur Hirngespinste von In-vitro-Studien an menschlichen Zellen, die k\u00fcrzlich in der wissenschaftlichen Fachzeitschrift \u201eViruses\u201c ver\u00f6ffentlicht wurden. Hoffentlich haben Sie noch nie etwas von Dr. Peter McCullough geh\u00f6rt. Der aufschneiderische Chefredakteur von kardiologischen Fachzeitschriften bekommt mit folgender Mutma\u00dfung von der Milliardengewinne einstreichenden Pharmabranche seine Kreuzfahrten in die Karibik gestrichen und seine Zulassung als Professor aberkannt:<\/p>\r\n<p><span style=\"font-family: 'Liberation Serif', serif;\"><span style=\"font-size: medium;\">\r\n\r\n<\/span><\/span><\/p>\r\n<p>Es ist das erste Mal in der Humanmedizin, dass wir Impfstoffe injizieren und den menschlichen K\u00f6rper auffordern, ein potenziell t\u00f6dliches Protein herzustellen. Die Hoffnung ist, dass wir eine ausreichend kleine Menge davon herstellen, die gerade so viel Immunit\u00e4t erzeugt, dass wir gegen dieses t\u00f6dliche Protein immun werden. Das Risiko war: \u201eWas, wenn wir zu viel herstellen?\u201c Was ist, wenn wir es \u00fcber einen zu langen Zeitraum herstellen? Was ist, wenn diese Lipid-Nanopartikel in die falschen Organe gelangen und nicht im Arm verbleiben und wir anfangen, dieses t\u00f6dliche Protein zu produzieren? Dieses sch\u00e4dliche Protein wird auf Zelloberfl\u00e4chen exprimiert. Es hat dort nichts zu suchen. Der K\u00f6rper erkennt es sofort und greift es als Fremdk\u00f6rper an. Es wird freigesetzt, gelangt in den Blutkreislauf, zirkuliert zwei Wochen lang, wie Ogata und Kollegen aus Harvard gezeigt haben, und sch\u00e4digt dabei die Blutgef\u00e4\u00dfe, wahrscheinlich die Peripherie, vielleicht die Endothelzellen, was eindeutig mit der Thrombose zusammenh\u00e4ngt. Es steht im Zusammenhang mit der so genannten der H\u00e4magglutination, weil es sich an Salicylreste auf den roten Blutk\u00f6rperchen anlagert und eine ungew\u00f6hnliche Form der Gerinnung bewirkt, insbesondere in der Lunge, was zu einer Desaturation f\u00fchrt, wie wir sie noch bei keiner anderen Virusinfektion gesehen haben. Das ist es, was wir dem menschlichen K\u00f6rper mit diesen Impfstoffen antun.<\/p>\r\n<p><span style=\"font-family: 'Liberation Serif', serif;\"><span style=\"font-size: medium;\">\r\n\r\n<\/span><\/span><\/p>\r\n<p>Bei so viel L\u00fcgen kann das amerikanische Volk von Gl\u00fcck sagen, dass es ehrliche Immunologen wie Dr. Anthony Fauci gibt, deren sprechendes Bild tagein tagaus auf allen US-Kan\u00e4len zu sehen ist. Ohne die best\u00e4ndigen Warnungen der letzten Monate h\u00e4tten manipulierte Sklaven keine Angst mehr. Eine schreckliche Vorstellung, ohne Gr\u00fcnen Pass oder Mikrochip unter der Haut in der Neuen Weltordnung leben zu m\u00fcssen. Etwas Schlimmeres kann uns allen im Great Reset nicht passieren, als dass die Herrscher die Kontrolle \u00fcber uns verlieren.<\/p>\r\n<p><span style=\"font-family: 'Liberation Serif', serif;\"><span style=\"font-size: medium;\">\r\n\r\n<\/span><\/span><\/p>\r\n<p>Am Schluss, auf den Anfang zur\u00fcckkommend, spreche mir vorbetender Prediger alles gleichgeschaltete Volk nach:<\/p>\r\n<p><span style=\"font-family: 'Liberation Serif', serif;\"><span style=\"font-size: medium;\">\r\n\r\n<\/span><\/span><\/p>\r\n<p><em>So sei es, Amen!<\/em><\/p>\r\n<p><span style=\"font-family: 'Liberation Serif', serif;\"><span style=\"font-size: medium;\">\r\n\r\n<\/span><\/span><\/p>\r\n<p>Nachtrag, der verehrte falsche Prophet spricht im Fernsehbild andauernd und hypnotisierend:<\/p>\r\n<p><span style=\"font-family: 'Liberation Serif', serif;\"><span style=\"font-size: medium;\">\r\n\r\n<\/span><\/span><\/p>\r\n<p>Wir m\u00fcssen uns alle impfen lassen, sonst werden wir sterben.\u00a0Die knappen Intensivbetten sind voll belegt mit Ungeimpften. Wir m\u00fcssen uns alle impfen lassen, sonst werden wir sterben. Die knappen Intensivbetten sind voll belegt mit Ungeimpften. Wir m\u00fcssen uns alle impfen lassen, sonst werden wir sterben. Die knappen Intensivbetten sind voll belegt mit Ungeimpften. Wir m\u00fcssen uns alle impfen lassen, sonst werden wir sterben. Die knappen Intensivbetten sind voll belegt mit Ungeimpften. Wir m\u00fcssen uns alle impfen lassen, sonst werden wir sterben. Die knappen Intensivbetten sind voll belegt mit Ungeimpften. Wir m\u00fcssen uns alle impfen lassen, sonst werden wir sterben. Die knappen Intensivbetten sind voll belegt mit Ungeimpften. Wir m\u00fcssen uns alle impfen lassen, sonst werden wir sterben. Die knappen Intensivbetten sind voll belegt mit Ungeimpften. Wir m\u00fcssen uns alle impfen lassen, sonst werden wir sterben. Die knappen Intensivbetten sind voll belegt mit Ungeimpften. Wir m\u00fcssen uns alle impfen lassen, sonst werden wir sterben. Die knappen Intensivbetten sind voll belegt mit Ungeimpften.<span style=\"font-family: 'Liberation Serif', serif;\"><span style=\"font-size: medium;\"><\/span><\/span><\/p>","protected":false},"excerpt":{"rendered":"<p>Es k\u00f6nnte alles so sch\u00f6n sein. Alles Volk h\u00e4lt an einem Tag gemeinsam die Gebote des Tanach, dann kommt der Messias wieder, so die orthodoxen Juden. Oder alles Volk unterwirft sich unter den Willen von Allah, denn sobald die Nationen die Scharia einf\u00fchren herrscht Frieden auf Erden, so die Moslems. Oder aus lauter erzwungener, christlichen [&hellip;]<\/p>\n","protected":false},"author":2,"featured_media":0,"parent":37,"menu_order":40,"comment_status":"closed","ping_status":"closed","template":"","meta":{"footnotes":""},"class_list":["post-1172","page","type-page","status-publish","hentry"],"_links":{"self":[{"href":"https:\/\/jonathanfischer.de\/index.php?rest_route=\/wp\/v2\/pages\/1172","targetHints":{"allow":["GET"]}}],"collection":[{"href":"https:\/\/jonathanfischer.de\/index.php?rest_route=\/wp\/v2\/pages"}],"about":[{"href":"https:\/\/jonathanfischer.de\/index.php?rest_route=\/wp\/v2\/types\/page"}],"author":[{"embeddable":true,"href":"https:\/\/jonathanfischer.de\/index.php?rest_route=\/wp\/v2\/users\/2"}],"replies":[{"embeddable":true,"href":"https:\/\/jonathanfischer.de\/index.php?rest_route=%2Fwp%2Fv2%2Fcomments&post=1172"}],"version-history":[{"count":10,"href":"https:\/\/jonathanfischer.de\/index.php?rest_route=\/wp\/v2\/pages\/1172\/revisions"}],"predecessor-version":[{"id":1176,"href":"https:\/\/jonathanfischer.de\/index.php?rest_route=\/wp\/v2\/pages\/1172\/revisions\/1176"}],"up":[{"embeddable":true,"href":"https:\/\/jonathanfischer.de\/index.php?rest_route=\/wp\/v2\/pages\/37"}],"wp:attachment":[{"href":"https:\/\/jonathanfischer.de\/index.php?rest_route=%2Fwp%2Fv2%2Fmedia&parent=1172"}],"curies":[{"name":"wp","href":"https:\/\/api.w.org\/{rel}","templated":true}]}}