{"id":1151,"date":"2021-10-31T11:46:41","date_gmt":"2021-10-31T11:46:41","guid":{"rendered":"http:\/\/jonathanfischer.de\/?page_id=1151"},"modified":"2024-05-16T20:20:51","modified_gmt":"2024-05-16T20:20:51","slug":"reformationstag-und-halloween","status":"publish","type":"page","link":"https:\/\/jonathanfischer.de\/?page_id=1151","title":{"rendered":"Reformationstag und Halloween"},"content":{"rendered":"\r\n<figure class=\"wp-block-audio\"><audio controls src=\"https:\/\/matthiasruf.files.wordpress.com\/2021\/12\/reformationstag-und-halloween.mp3\"><\/audio><figcaption>Reformationstag und Halloween<\/figcaption><\/figure>\r\n\r\n<p><\/p>\r\n<p>Der Mitbegr\u00fcnder der Reformation in Deutschland schlug bekanntlich am 31. Oktober 1517 95 Thesen zu Bu\u00dfe und Ablass an. Der Wittenberger Theologieprofessor berief sich allein auf die Heilige Schrift &#8211; Sola Scriptura. Der Kaiser behauptete, ein Ordensbruder m\u00fcsse im Irrtum sein, wenn seine Meinung gegen die der ganzen Christenheit stehe. Also wurde 1521 ein Bannbulle verfasst, mit dem Verbot die ketzerischen Schriften zu lesen oder zu drucken. Es ging darum, Martin Luther zu exkommunizieren, gefangen zu nehmen und wie den b\u00f6hmischen Reformator Jan Hus hinzurichten, nachdem die r\u00f6mische Kurie 1518 ein erfolgloses Verfahren wegen H\u00e4resie eingeleitet hatte. Mit Friedrich der Weise hatte Junker J\u00f6rg einen m\u00e4chtigen Unterst\u00fctzer, der ihn vor 500 Jahren entf\u00fchren lie\u00df und auf der Wartburg verbarg. In dieser gesegneten Zeit wurde das Neue Testament vom Altgriechischen ins Deutsche \u00fcbersetzt, sodass das aufs Maul gesehene Volk sich ohne Dogmengehorsam, und mithilfe der Erfindung des Buchdrucks, selbst weiterbilden konnte. Dadurch wurde umso deutlicher, wie stark sich die Worte Jesu und das Papsttum in Rom widersprachen. Als Bibel\u00fcbersetzer kannte der mit dem Tod bedrohte Luther die Psalmen zum Teil auswendig. Beim Lesen der 150 Lieder f\u00e4llt auf, wie die Schrifttexte wiederholt Mut und Trost in Zeiten der Verfolgung zusprechen. Z. B. am Anfang von Psalm 90 mit <em>\u201cHerr, Gott, du bist unsere Zuflucht f\u00fcr und f\u00fcr!\u201d<\/em> oder in Psalm 91:<\/p>\r\n<p>\r\n\r\n<\/p>\r\n<p><em>Wer unter dem Schirm des H\u00f6chsten sitzt und unter dem Schatten des Allm\u00e4chtigen bleibt, der spricht zu dem HERRN: Meine Zuversicht und meine Burg, mein Gott, auf den ich hoffe. Denn er errettet dich vom Strick des J\u00e4gers und von der sch\u00e4dlichen Pestilenz. <\/em><em>E<\/em><em>r wird dich mit seinen Fittichen decken, und deine Zuversicht wird sein unter seinen Fl\u00fcgeln. Seine Wahrheit ist Schirm und Schild, da\u00df du nicht erschrecken m\u00fcssest vor dem Grauen der Nacht, vor den Pfeilen, die des Tages fliegen, vor der Pestilenz, die im Finstern schleicht, vor der Seuche, die im Mittage verderbt. <\/em><em>Ob tausend fallen zu deiner Seite und zehntausend zu deiner Rechten, so wird es doch dich nicht treffen. <\/em><em>Ja du wirst mit deinen Augen deine Lust sehen und schauen, wie den Gottlosen vergolten wird. Denn der HERR ist deine Zuversicht; der H\u00f6chste ist deine Zuflucht. Es wird dir kein \u00dcbel begegnen, und keine Plage wird zu deiner H\u00fctte sich nahen. Denn er hat seinen Engeln befohlen \u00fcber dir, da\u00df sie dich beh\u00fcten auf allen deinen Wegen, da\u00df sie dich auf H\u00e4nden tragen und du deinen Fu\u00df nicht an einen Stein sto\u00dfest. Auf L\u00f6wen und Ottern wirst du gehen, und treten auf junge L\u00f6wen und Drachen. &#8222;Er begehrt mein, so will ich ihm aushelfen; er kennt meinen Namen, darum will ich ihn sch\u00fctzen. Er ruft mich an, so will ich ihn erh\u00f6ren; ich bin bei ihm in der Not; ich will ihn herausrei\u00dfen und zu Ehren bringen. Ich will ihn s\u00e4ttigen mit langem Leben und will ihm zeigen mein Heil.&#8220;<\/em><\/p>\r\n<p>\r\n\r\n<\/p>\r\n<p>Die Verfolgung von bibeltreuen Christen betreffend, sollten die Zwickauer Propheten und die Bauernkriege nicht in Vergessenheit geraten. Das Volk wollte sich nicht weiter von den regierenden Herrschern unterdr\u00fccken lassen und stellte weitreichende sozial- und kirchenpolitische Forderungen. Der obrigkeitsh\u00f6rige Luther setzte die Abschaffung der Messe, Einf\u00fchrung der Priesterehe, Aufhebung der Fastengebote und Entfernung der Bilder durch, sprach sich aber weiterhin f\u00fcr die S\u00e4uglingstaufe aus. Betreffend Allerheiligen und Allerseelen empfahl Luther zuerst diplomatisch in F\u00fcrbitte f\u00fcr die Toten zu gehen, da es ungewiss sei, ob der Ablass den Toten n\u00fctze.<\/p>\r\n<p>\r\n\r\n<\/p>\r\n<p>In dieser Beziehung bin ich ein absoluter Atheist, denn ich denke es n\u00fctzt meinen Urgro\u00dfeltern in Bezug auf Himmel und H\u00f6lle \u00fcberhaupt nichts mehr, wenn ich f\u00fcr sie an Allerheiligen bete oder an Allerseelen eine Messe bezahle. Das Fegefeuer ausblendend, kann ich mich mit dem Gedanken anfreunden, den Verstorbenen zu gedenken, da diese M\u00e4rtyrer = Vorbilder im Glauben waren.<\/p>\r\n<p>\r\n\r\n<\/p>\r\n<p>\u00dcberhaupt keine Vorbilder sind f\u00fcr mich die hellseherischen Kelten in ihrem Totenkult. Um Halloween zu beleuchten, bedarf es keinen leuchtenden K\u00fcrbis, sondern einen brennenden Geist. Das heidnische Totenfest mit entz\u00fcndenden Brauchtumshandlungen \u00fcber Seelen der Toten, welche wieder in ihre Heime zur\u00fcckkehren, begegnete mir als wiedergeborener Christ nicht vor Jahrtausenden in Irland, sondern vor 24 Jahren in den USA. Verwundert fragte ich mich im hei\u00dfen Phoenix\/Arizona warum ein Furcht einfl\u00f6\u00dfender, total vermummter, schwarzer Sensenmann an der Haust\u00fcre um Bonbons bettelt? Damals war ich noch der \u00dcberzeugung, dass nicht jede \u00fcbelriechende G\u00fclle, als eine schmutzige Welle vom Atlantikb\u00fcndnis, zu uns her\u00fcber schwappt. Teufel und Spinnweben als Zierde vor der Eingangst\u00fcr oder blutr\u00fcnstige Monster auf der Stra\u00dfe haben sich hierzulande zum modernen, harmlosen Horror entwickelt. Das B\u00f6se bahnt sich aus allen Himmelsrichtungen einen weiteren Weg in unsere Wohnzimmer. Es ist zum Schreien, wenn Eltern ihre Kinder verf\u00fchren, indem sie viel zu fr\u00fch mit bestialischen Handlungen in Verbindung gebracht werden. Das Leben ist im Blut. Die Bibel gebietet uns, das Blut als etwas Wertvolles zu achten und sich davor zu enthalten.<\/p>\r\n<p>\r\n\r\n<\/p>\r\n<p>Nichtsdestotrotz spritzt das Blut in den Kan\u00e4len.<\/p>\r\n<p>\r\n\r\n<\/p>\r\n<p>Eine Masse l\u00e4sst sich manipulieren und rennt in den Tod. Das j\u00fcngste, brutale Gegenbeispiel mit hunderten, ermordeten Seelen ist die Nr. 1 Netflix-Serie \u201cSquid Game\u201d. Macht nichts, ist doch alles nur gespielt. Beunruhigend ist der Zeitungsbericht \u00fcber die Nachahmung an der Kita in Pinneberg, auf Spielpl\u00e4tzen und in Schulen. Anstelle mit der Puppe oder Baukl\u00f6tzen zu spielen, t\u00f6ten sich die Kleinen gegenseitig mit Worten und angedeuteten Taten. Es ist schon schlimm genug, welche Verbote und Gebote die Kinder w\u00e4hrend des Lockdowns aushalten mussten. Nun fordern P\u00e4dagogen von Eltern, eine Schranke zu setzen und mehr Verantwortung zu \u00fcbernehmen. Es geht bei aller Finsternis darum, Alptr\u00e4ume, \u00c4ngste und psychische Probleme zu vermeiden. Ich reihe mich ein mit der Anklage:<\/p>\r\n<p>\r\n\r\n<\/p>\r\n<p>\u201cIhr f\u00fcgt euren Kindern an Halloween seelischen Schaden zu!\u201d<\/p>\r\n<p>\r\n\r\n<\/p>\r\n<p>Den Sch\u00f6pfer des Lebens zu f\u00fcrchten, ist der Anfang aller Erkenntnis. Gott l\u00e4sst sich nicht durch satanische Handlungen spotten. Wer Tod und Teufel an okkulten Feiertagen oder durchs Fernsehen in sein Haus einl\u00e4dt wird gleiches ernten, oder um Goethe zu zitieren: \u201cDie ich rief, die Geister, Werd\u2019 ich nun nicht los!\u201d<\/p>\r\n<p>\r\n\r\n<\/p>\r\n<p>Das Werk unserer H\u00e4nde kann verflucht oder gesegnet sein. Die n\u00e4chste bevorstehende K\u00f6rperverletzung bzw. Vergewaltigung unserer schutzbefohlenen 5 bis12-j\u00e4hrigen Kinder ist von d\u00e4monischen M\u00e4chten in Planung. Die schlimmste Plage ist am Kommen. Wer nicht h\u00f6ren will, muss f\u00fchlen. Um auf den Kommentar \u201cSeid Ihr alle verr\u00fcckt?\u201d von Walter Stein einzugehen, sendet der zornige Gott eine wirksame Kraft des Irrwahns, damit die Ungerechten einer L\u00fcge glauben und enden wie der s\u00fcndige Rest aus Psalm 90:<\/p>\r\n<p>\r\n\r\n<\/p>\r\n<p><em>Ehe denn die Berge wurden und die Erde und die Welt geschaffen wurden, bist du, Gott, von Ewigkeit zu Ewigkeit, der du die Menschen l\u00e4ssest sterben und sprichst: Kommt wieder, Menschenkinder! Denn tausend Jahre sind vor dir wie der Tag, der gestern vergangen ist, und wie eine Nachtwache. Du l\u00e4ssest sie dahinfahren wie einen Strom; sie sind wie ein Schlaf, gleichwie ein Gras, das doch bald welk wird das da fr\u00fche bl\u00fcht und bald welk wird und des Abends abgehauen wird und verdorrt. Das macht dein Zorn, da\u00df wir so vergehen, und dein Grimm, da\u00df wir so pl\u00f6tzlich dahinm\u00fcssen. Denn unsere Missetaten stellst du vor dich, unsre unerkannte S\u00fcnde ins Licht vor deinem Angesicht. Darum fahren alle unsere Tage dahin durch deinen Zorn; wir bringen unsre Jahre zu wie ein Geschw\u00e4tz. Unser Leben w\u00e4hret siebzig Jahre, und wenn&#8217;s hoch kommt, so sind&#8217;s achtzig Jahre, und wenn&#8217;s k\u00f6stlich gewesen ist, so ist es M\u00fche und Arbeit gewesen; denn es f\u00e4hrt schnell dahin, als fl\u00f6gen wir davon. Wer glaubt aber, da\u00df du so sehr z\u00fcrnest, und wer f\u00fcrchtet sich vor solchem deinem Grimm? Lehre uns bedenken, da\u00df wir sterben m\u00fcssen, auf da\u00df wir klug werden. HERR, kehre doch wieder zu uns und sei deinen Knechten gn\u00e4dig! F\u00fclle uns fr\u00fch mit deiner Gnade, so wollen wir r\u00fchmen und fr\u00f6hlich sein unser Leben lang. Erfreue uns nun wieder, nachdem du uns so lange plagest, nachdem wir so lange Ungl\u00fcck leiden. Zeige deinen Knechten deine Werke und deine Ehre ihren Kindern. Und der HERR, unser Gott, sei uns freundlich und f\u00f6rdere das Werk unsrer H\u00e4nde bei uns; ja, das Werk unsrer H\u00e4nde wolle er f\u00f6rdern!<\/em><\/p>\r\n\r\n\r\n<figure class=\"wp-block-embed is-type-video is-provider-youtube wp-block-embed-youtube wp-embed-aspect-4-3 wp-has-aspect-ratio\"><div class=\"wp-block-embed__wrapper\">\r\n<iframe loading=\"lazy\" title=\"Martin Luther Puppentheater\" width=\"629\" height=\"472\" src=\"https:\/\/www.youtube.com\/embed\/P1LpTyj8NvQ?feature=oembed\" frameborder=\"0\" allow=\"accelerometer; autoplay; clipboard-write; encrypted-media; gyroscope; picture-in-picture; web-share\" referrerpolicy=\"strict-origin-when-cross-origin\" allowfullscreen><\/iframe>\r\n<\/div><\/figure>\r\n","protected":false},"excerpt":{"rendered":"<p>Der Mitbegr\u00fcnder der Reformation in Deutschland schlug bekanntlich am 31. Oktober 1517 95 Thesen zu Bu\u00dfe und Ablass an. Der Wittenberger Theologieprofessor berief sich allein auf die Heilige Schrift &#8211; Sola Scriptura. Der Kaiser behauptete, ein Ordensbruder m\u00fcsse im Irrtum sein, wenn seine Meinung gegen die der ganzen Christenheit stehe. Also wurde 1521 ein Bannbulle [&hellip;]<\/p>\n","protected":false},"author":2,"featured_media":0,"parent":37,"menu_order":41,"comment_status":"open","ping_status":"closed","template":"","meta":{"footnotes":""},"class_list":["post-1151","page","type-page","status-publish","hentry"],"_links":{"self":[{"href":"https:\/\/jonathanfischer.de\/index.php?rest_route=\/wp\/v2\/pages\/1151","targetHints":{"allow":["GET"]}}],"collection":[{"href":"https:\/\/jonathanfischer.de\/index.php?rest_route=\/wp\/v2\/pages"}],"about":[{"href":"https:\/\/jonathanfischer.de\/index.php?rest_route=\/wp\/v2\/types\/page"}],"author":[{"embeddable":true,"href":"https:\/\/jonathanfischer.de\/index.php?rest_route=\/wp\/v2\/users\/2"}],"replies":[{"embeddable":true,"href":"https:\/\/jonathanfischer.de\/index.php?rest_route=%2Fwp%2Fv2%2Fcomments&post=1151"}],"version-history":[{"count":17,"href":"https:\/\/jonathanfischer.de\/index.php?rest_route=\/wp\/v2\/pages\/1151\/revisions"}],"predecessor-version":[{"id":1367,"href":"https:\/\/jonathanfischer.de\/index.php?rest_route=\/wp\/v2\/pages\/1151\/revisions\/1367"}],"up":[{"embeddable":true,"href":"https:\/\/jonathanfischer.de\/index.php?rest_route=\/wp\/v2\/pages\/37"}],"wp:attachment":[{"href":"https:\/\/jonathanfischer.de\/index.php?rest_route=%2Fwp%2Fv2%2Fmedia&parent=1151"}],"curies":[{"name":"wp","href":"https:\/\/api.w.org\/{rel}","templated":true}]}}