{"id":110,"date":"2010-02-20T20:00:48","date_gmt":"2010-02-20T20:00:48","guid":{"rendered":"http:\/\/jonathanfischer.de\/?page_id=110"},"modified":"2024-05-18T08:04:24","modified_gmt":"2024-05-18T08:04:24","slug":"7-kapitel","status":"publish","type":"page","link":"https:\/\/jonathanfischer.de\/?page_id=110","title":{"rendered":"7. Kapitel"},"content":{"rendered":"\r\n<figure class=\"wp-block-audio\"><audio src=\"https:\/\/matthiasruf.files.wordpress.com\/2022\/02\/offenbarung-7.mp3\" controls=\"controls\"><\/audio>\r\n<figcaption>Offenbarung 7<\/figcaption>\r\n<\/figure>\r\n\r\n<p><i>Danach sah ich vier Engel auf den vier Ecken der Erde stehen, die die vier Winde der Erde festhielten, damit kein Wind \u00fcber die Erde wehe, noch auf dem Meer, noch \u00fcber irgendeinen Baum. Und ich sah einen anderen Engel von Sonnenaufgang heraufsteigen, der hatte das Siegel des lebendigen Gottes und rief mit lauter Stimme den vier Engeln zu, denen gegeben worden war, der Erde und dem Meer Schaden zuzuf\u00fcgen, und sagte: Schadet nicht der Erde, noch dem Meer, noch den B\u00e4umen, bis wir die Knechte unseres Gottes an ihren Stirnen versiegelt haben.<\/i><\/p>\r\n<p><i>Und ich h\u00f6rte die Zahl der Versiegelten: 144000 aus jedem Stamm der S\u00f6hne Israels. Aus dem Stamm Juda 12000 Versiegelte, aus dem Stamm Ruben 12000 Versiegelte, aus dem Stamm Gad 12000 Versiegelte, aus dem Stamm Asser 12000 Versiegelte, aus dem Stamm Naftali 12000 Versiegelte, aus dem Stamm Manasse 12000 Versiegelte, aus dem Stamm Simeon 12000 Versiegelte, aus dem Stamm Levi 12000 Versiegelte, aus dem Stamm Issaschar 12000 Versiegelte, aus dem Stamm Sebulon 12000 Versiegelte, aus dem Stamm Josef 12000 Versiegelte, aus dem Stamm Benjamin 12000 Versiegelte. <\/i><\/p>\r\n<p><i>Danach sah ich, und siehe, eine gro\u00dfe Volksmenge, die niemand z\u00e4hlen konnte, aus allen Nationen und St\u00e4mmen und V\u00f6lkern und Sprachen, stand vor dem Thron und vor dem Lamm, bekleidet mit wei\u00dfen Gew\u00e4ndern und Palmen in ihren H\u00e4nden, und schrien mit megalauter Stimme und sagten: Die Errettung kommt von unserem Gott, der auf dem Thron sitzt, und von dem Lamm!<\/i><\/p>\r\n<p><i>Und alle Engel standen rings um den Thron und die \u00c4ltesten und die vier lebendigen Wesen, und sie fielen vor dem Thron auf ihre Angesichter und beteten Gott an und sagten: Amen! Den Lobpreis und die Herrlichkeit und die Weisheit und die Danksagung und die Ehre und die Macht und die St\u00e4rke unserem Gott von Ewigkeit zu Ewigkeit! Amen.<\/i><\/p>\r\n<p><i>Und einer von den \u00c4ltesten wandte sich mir zu und sprach: Wer sind diese, die mit wei\u00dfen Gew\u00e4ndern bekleidet sind und woher sind sie gekommen? Und ich sagte ihm: Mein Herr, du wei\u00dft es. Und er sprach zu mir: Diese sind es, die aus der gro\u00dfen Bedr\u00e4ngnis kommen, und sie haben ihre Gew\u00e4nder gewaschen und sie wei\u00df gemacht im Blut des Lammes. Darum sind sie vor dem Thron Gottes und dienen ihm Tag und Nacht in seinem Tempel. Und der auf dem Thron sitzt wird \u00fcber ihnen sein Zelt aufspannen. Sie werden nicht mehr hungern, auch werden sie nicht d\u00fcrsten, noch wird die Sonne sie versenken noch irgendeine Glut, denn<\/i><\/p>\r\n<p><i>das Lamm, das in der Mitte des Thrones ist, wird sie beh\u00fcten und sie zu lebendigen sprudelnden Wassern f\u00fchren, und Gott wird jede Tr\u00e4ne von ihren Augen abwischen.<\/i><\/p>\r\n<p>Die Gute Nachricht lautet: Es gibt ein himmlisches Erl\u00f6sungswerk, wenn der Zorn Gottes und der schreckliche Tag des Herrn anbricht. Das eine Windstille herbeif\u00fchrende friedliche Kontrastprogramm der Engel besteht darin, die \u00fcber das Wort Gottes meditierenden Erw\u00e4hlten an ihren Stirnen zu markieren, damit sie keinen Schaden nehmen. Matth\u00e4us 24, 31 beschreibt in \u00e4hnlicher Weise, wie Engel die Auserw\u00e4hlten von den vier Winden her versammeln. \u00dcberhaupt herrscht in den K\u00f6pfen vieler Heilsprediger die Vorstellung eines liebenden Vaters, der seine guten Schutzengel \u00fcber alle Himmelsrichtungen aussendet. Aber ist das alles was die Bibel \u00fcber die zu Feuerflammen werdenden Diener aussagt? Herodes Agrippa I. wurde durch einen Engel des Herrn erschlagen, weil er sich von seinen verfeindeten Nachbarn in heuchlerischer Weise verg\u00f6ttern lie\u00df, und die selbst erw\u00e4hlte Konsequenz aus Davids verbotener Volksz\u00e4hlung war, dass 70000 vom Volk Israel durch das Schwert des Engels des Herrn fielen. Ein fr\u00fcheres Gericht des Herrn, durch das T\u00f6ten der Erstgeburt in \u00c4gypten, als schlimmste und letzte Plage, konnte f\u00fcr die ins verhei\u00dfene Land ausziehenden Gl\u00e4ubigen nur abgewendet werden, indem im Gehorsam auf die warnenden Worte des Herrn, das Blut des Passah-Lammes auf die T\u00fcrpfosten gestrichen wurde.<\/p>\r\n<p>Die Verordnungen von Moses sind heute noch im Munde der eifrigen orthodoxen Juden, die ein Tefillin an der Hand und als Erinnerungsmal an der Stirn beim t\u00e4glichen Gebet tragen. Das Mosaische Gesetz \u00fcber den einzigen Gott wurde in den Zeiten Hesekiels gegens\u00e4tzlich ausgelegt, weil abscheuliche Tier- und G\u00f6tzenbilder in den Priesterkammern angebetet wurden und sogar die Sonne bzw. der babylonische Gott Tammuz im Haus des Herrn Verehrung erhielten. Die gro\u00dfen Greuel im Tempel f\u00fchrten dazu, dass sich Jerusalem mit Leichen f\u00fcllte. Das Gericht Gottes f\u00e4ngt immer erst am Haus Gottes an. Eine Ausnahme bildeten die Leute, die \u00fcber die S\u00fcnde des Volkes jammerten. Sie bekamen in Hesekiel 9 ebenso ein Zeichen auf die Stirn, wie die zw\u00f6lf versiegelten St\u00e4mme Israels.<\/p>\r\n<p><br \/>Die besondere Warnung in der Nennung der 144000 Nachfahren Abrahams besteht darin, dass der Stamm Dan in der Aufz\u00e4hlung fehlt. Gott toleriert kein G\u00f6tzentum, das im Norden Israels am Fu\u00dfe des Berges Hermon besonders stark praktiziert wurde. Das sollte nicht nur den Allvers\u00f6hnungslehrern, sondern allen christlichen Statuen- und Bilderverehrern stark zu denken geben.<\/p>\r\n<p>12 mal 12 mal Tausend ist schwer verst\u00e4ndliche Bibel-Mathematik, die gerade von den Zeugen Jehova falsch ausgelegt wird. Traurig ist, dass in vielen Denominationen eine Ersatztheologie gepredigt wird, nach dem Israel f\u00fcr immer verworfen worden ist und daf\u00fcr von den wahren Gl\u00e4ubigen der eigenen Gruppierung abgel\u00f6st wurde.<\/p>\r\n<p>Eine bemerkenswerte Begebenheit, die den geistigen Zustand der Gemeinde und von Israel, des mit Gott k\u00e4mpfenden Volkes widerspiegelt, findet sich in den Evangelien wieder: Die 12 Jahre alte Tochter von Jairus liegt im Sterben und Jesus wird zur Hilfe gerufen. Auf dem Weg zum Krankenbett fasst ihn eine an Blutfluss leidende, unscheinbare Frau aus der Menge am Saum seines Gewandes, um Gottes Kraft anzuzapfen. Ungew\u00f6hnliche 12 Jahre dauerten ihre Ausscheidungen, von denen sie kein Arzt heilen konnte. Ihr Leid begann zeitgleich mit der Geburt der schwer erkrankten Tochter des Synagogenvorstehers. F\u00fcr mich ist die blutfl\u00fcssige Frau ein Bild f\u00fcr die Juden, deren Jahrtausend lange Verfolgung im Holocaust einen H\u00f6hepunkt gefunden hat, aber denen Gott durch die Gr\u00fcndung des Staates Israels neue Kraft gegeben hat. Die eingeschlafene Gemeinde im Haus, also die j\u00fcngeren Christen, sind wie tot und ben\u00f6tigen eine neue Belebung durch den Geist Gottes (vgl. Sardes und Laodizea). Ein starker Trost ist, dass Jesus nicht zu sp\u00e4t kommt und sich am Ende um beide k\u00fcmmert (siehe R\u00f6mer 11).<\/p>\r\n<p><br \/>Die Perspektive wechselt im 7. Kapitel der Offenbarung von den Erw\u00e4hlten aus dem Volk Israel hin zu einer gro\u00dfen Volksmenge aus allen Sprachen und Nationen, die von Ewigkeit zu Ewigkeit Gott und das Lamm anbeten. Eine parallele Vorschattung daf\u00fcr findet sich in der H\u00fctte Davids wieder mit den 2 mal 144 prophetischen S\u00e4ngern, die 24 Stunden am Tag den Herrn auf dem Berg Zion angebetet haben. Eine gleichende 12er-Gruppen-Auflistung, jedoch in 24 Losen, findet sich in 1. Chroniker 25 und eine Auslegung auf die Nationen in Apostelgeschichte 15 Verse 16 u. 17 wieder.<\/p>\r\n<p><br \/>Die Hymnen die im Himmel angestimmt werden unterscheiden sich nicht wesentlich von dem Lobpreis aus den vorhergegangenen Kapiteln. Interessant ist die Frage eines der 24 \u00c4ltesten wer die Anbeter in wei\u00dfen Gew\u00e4ndern sind. Woher kommen sie? Wer die Fragen stellt f\u00fchrt das Gespr\u00e4ch in die gewollte Richtung. Eigentlich ist der Leser nach der selbst gegebenen Antwort schon fast am Ende der Enth\u00fcllung angekommen, denn die Gemeinsamkeiten mit Kapitel 21 sind un\u00fcbersehbar. Der wichtigste Schluss zeigt, dass Gott ins Zentrum ger\u00fcckt werden muss, egal wie gro\u00df die Bedr\u00e4ngnis ist, denn die Sorgen und N\u00f6te in unserer Zeit werden trotz Wissenschaft und Fortschritt nicht weniger.<\/p>","protected":false},"excerpt":{"rendered":"<p>Danach sah ich vier Engel auf den vier Ecken der Erde stehen, die die vier Winde der Erde festhielten, damit kein Wind \u00fcber die Erde wehe, noch auf dem Meer, noch \u00fcber irgendeinen Baum. Und ich sah einen anderen Engel von Sonnenaufgang heraufsteigen, der hatte das Siegel des lebendigen Gottes und rief mit lauter Stimme [&hellip;]<\/p>\n","protected":false},"author":2,"featured_media":0,"parent":94,"menu_order":7,"comment_status":"closed","ping_status":"closed","template":"full-width-page-template.php","meta":{"footnotes":""},"class_list":["post-110","page","type-page","status-publish","hentry"],"_links":{"self":[{"href":"https:\/\/jonathanfischer.de\/index.php?rest_route=\/wp\/v2\/pages\/110","targetHints":{"allow":["GET"]}}],"collection":[{"href":"https:\/\/jonathanfischer.de\/index.php?rest_route=\/wp\/v2\/pages"}],"about":[{"href":"https:\/\/jonathanfischer.de\/index.php?rest_route=\/wp\/v2\/types\/page"}],"author":[{"embeddable":true,"href":"https:\/\/jonathanfischer.de\/index.php?rest_route=\/wp\/v2\/users\/2"}],"replies":[{"embeddable":true,"href":"https:\/\/jonathanfischer.de\/index.php?rest_route=%2Fwp%2Fv2%2Fcomments&post=110"}],"version-history":[{"count":6,"href":"https:\/\/jonathanfischer.de\/index.php?rest_route=\/wp\/v2\/pages\/110\/revisions"}],"predecessor-version":[{"id":1329,"href":"https:\/\/jonathanfischer.de\/index.php?rest_route=\/wp\/v2\/pages\/110\/revisions\/1329"}],"up":[{"embeddable":true,"href":"https:\/\/jonathanfischer.de\/index.php?rest_route=\/wp\/v2\/pages\/94"}],"wp:attachment":[{"href":"https:\/\/jonathanfischer.de\/index.php?rest_route=%2Fwp%2Fv2%2Fmedia&parent=110"}],"curies":[{"name":"wp","href":"https:\/\/api.w.org\/{rel}","templated":true}]}}