{"id":1081,"date":"2021-09-25T12:24:00","date_gmt":"2021-09-25T12:24:00","guid":{"rendered":"http:\/\/jonathanfischer.de\/?page_id=1081"},"modified":"2024-05-16T20:28:37","modified_gmt":"2024-05-16T20:28:37","slug":"prophetische-zeichen-im-wahlkampf","status":"publish","type":"page","link":"https:\/\/jonathanfischer.de\/?page_id=1081","title":{"rendered":"Prophetische Zeichen im Wahlkampf"},"content":{"rendered":"<p><\/p>\r\n<p>Frau Merkel zeigte im Wahlkampf in einem Bild f\u00fcr die Ewigkeit mit ihren H\u00e4nden ein schmerzverzerrtes Gesicht. Volksgenossin Angela wurde im Vogelpark von Marlow von flauschigen Papageien gebissen. F\u00fcr Helmut Kohls \u201cM\u00e4dchen\u201d ist es \u00e4rgerlicher, im eigenen Wahlkreis von den Ossis lautstark ausgebuht und (die pers\u00f6nliche Stimme abschneidend) ausgepfiffen zu werden. Die abgeh\u00f6rte Teflonkanzlerin l\u00e4sst sich nicht weiter anmerken, von dem Federvieh aus \u00dcbersee gepiesackt zu werden (auch nicht von Donald der Ente). Weitere Gefahren abwehrend, vermied es die Z\u00e4he + Kinderlose + Geschiedene = Mutti der Nation in ihren abgekl\u00e4rten Verhandlungen, die alles in der Dunkelheit sehenden gro\u00dfe Eule mit ihren durchstechenden Augen, auf den Arm zu nehmen, oder gar auf den Kopf fliegen zu lassen.<\/p>\r\n<p>\r\n\r\n<\/p>\r\n<p>Nun, ich bin kein Experte f\u00fcr Vogelkunde, aber lernte einmal einen Graupapagei kennen. Dessen Spezialit\u00e4t war, die Worte seiner alten Dame nachzuplappern. Das war sehr witzig. Das konnte aber auch \u00e4u\u00dferst peinlich werden, wenn das im K\u00e4fig befindliche Tier Schimpfworte wiederholte, die es nicht sollte. Erstaunt fragte ich mich damals wie intelligent der putzige Stimmenimitator ist, wenn er gesagt bekommt, er soll den Schnabel halten. Um wieder mein Lieblingsbuch anzusprechen, gibt es einen besonders be\u00e4ngstigenden Warnhinweis von dem allwissenden Sch\u00f6pfer des Universums:<\/p>\r\n<p>\r\n\r\n<\/p>\r\n<p><em>Wir m\u00fcssen einmal f\u00fcr jedes unn\u00fctze Wort, welches aus unserem Mund kommt, vor Gott Rechenschaft ablegen.<\/em> (Matth\u00e4us 12:36)<\/p>\r\n<p>\r\n\r\n<\/p>\r\n<p>Kommendes Gericht und Nachteil der m\u00e4chtigen Politiker k\u00f6nnte sein, dass fast \u00fcberall Mikrofone ihre Reden &#8211; und das oft gewollter Ma\u00dfen &#8211; mitschneiden. Darum sei der Besuch von Pharmavertreterin Dr. rer. nat. Angela Dorothea bei BioNTech angeMerkelT:<\/p>\r\n<p>\r\n\r\n<\/p>\r\n<p>\u201eWenn man die Produkte sieht, dann sehen sie gar nicht so spektakul\u00e4r aus. Daf\u00fcr ist aber die Wirkung spektakul\u00e4r!\u201c<\/p>\r\n<p>\r\n\r\n<\/p>\r\n<p>Manipulierte Leute k\u00f6nnen #hypnotisiert durch st\u00e4ndige Wiederholungen im Fernsehen# eine gro\u00dfe Magie an der Merkel-Raute und ihren Worten abgewinnen. Meine unbeachtete Wenigkeit empfand gerade die spektakul\u00e4re Bemerkung explizit prophetisch. Momentan wird kein Anlass gesehen, diese zu zensieren oder auszuradieren, so wie viele gut gemeinten YouTube Beitr\u00e4ge. Manche Mitb\u00fcrger versuchen die N\u00e4chsten in weiser Voraussicht zu warnen. Nichtsdestotrotz soll keine Silbe die Zuschauer oder Kommentar-Leser von der Menschheit rettenden Impfung abhalten.<\/p>\r\n<p>\r\n\r\n<\/p>\r\n<p>Es sei nochmalig angemerkt, dass alleine Jesus der Retter der Menschheit ist. Gott hat alle Zeit der Welt, um seine Pl\u00e4ne auszuf\u00fchren. Immer weniger Zeit bleibt dem Panik verbreitenden, mordenden Vater der L\u00fcge. Der Teufel sollte bekannt daf\u00fcr sein, mit seinen d\u00e4monischen Einfl\u00fcsterungen zur S\u00fcnde zu versuchen. Das j\u00fcngste Gericht ist unaufhaltbar. So ist es wenig erstrebenswert, mit ihm in der H\u00f6lle zu landen.<\/p>\r\n<p>\r\n\r\n<\/p>\r\n<p>Als diabolisch d\u00fcrfte man auch Entscheidungstr\u00e4ger an den Strippen der Macht bezeichnen, die ihre Untergebenen als Versuchskaninchen bezeichnen und gegen jede Vernunft in Nullkommanix einer schwer kalkulierbaren Gefahr aussetzen.<\/p>\r\n<p>\r\n\r\n<\/p>\r\n<p>\u201eWer mag Wissensfragen? Olaf, der schmelzende Schneemann nat\u00fcrlich! Toll!\u201c<\/p>\r\n<p>\r\n\r\n<\/p>\r\n<p>Und fluchende Gesundheitsminister. Wann h\u00f6rte man den gefragten Jens je von Gott reden?<\/p>\r\n<p>\r\n\r\n<\/p>\r\n<p>\u201e<strong>Herrgott Leute, bleiben wir doch bei der Wahrheit\u201c,<\/strong><\/p>\r\n<p><\/p>\r\n<p>ruft Spahn im Kampf um W\u00e4hlerstimmen \u00f6ffentlichkeitswirksam den Impfgegnern zu.<\/p>\r\n<p>Der Bankkaufmann und Ex-Sparkassen-Aufsichtsrat ist von sich eingenommen, die gesundheitlichen Risiken richtig einsch\u00e4tzen zu k\u00f6nnen. Die Querdenker behaupteten provozierend die Impfstoffe w\u00e4ren nur bedingt zugelassen und bem\u00e4ngeln, dass keine Langzeitstudien \u00fcber Krebsrisiken und Herzmuskelentz\u00fcndungen durchgef\u00fchrt worden sind. Jedes kleine Kind und insbesondere zu impfende Jugendliche ab 12 Jahren sollen begreifen, die selbstgerechte EU hat ihre Hausaufgaben gemacht. Wir haben genauer hingeguckt und uns 6 Wochen mehr Zeit f\u00fcr eine ordentliche Zulassung gelassen. So ist sich unser bei den Fakten bleibende, f\u00fcr das Gesundheitswesen pr\u00e4destinierte Minister (ich bin derjenige) in aller Not sicher: \u201eDer Impfstoff an sich ist nach wenigen Tagen oder Wochen gar nicht mehr im K\u00f6rper\u201c.<\/p>\r\n<p>Aktuell sehen das, weitere Studien und Erkenntnisse auff\u00fchrende, pensionierte Pathologen in ihrer Immunantwort gegens\u00e4tzlich. Ohne abzuschreiben haben sich die Professoren ihren Titel hart verdient und sind nicht routiniert darin das Mikrofon, sondern akribisch das Mikroskop einzusetzen. Der ein oder andere Ghostwriter mag seine Zweifel haben (alles frei erfunden &#8211; eine Konferenz die keine war), und mir w\u00e4re auch lieber, der Bericht mit den Bildern aus folgender alarmierenden Pressekonferenz w\u00fcrde nicht stimmen:<\/p>\r\n<p><a href=\"https:\/\/pathologie-konferenz.de\/\">https:\/\/pathologie-konferenz.de\/<\/a><\/p>\r\n<p>Das ist das Ende. Soviel zu prophetischen Zeichen im Wahlkampf. Morgen darf gew\u00e4hlt werden.<\/p>\r\n<p>Ps.: Die von der Bundeskanzlerin verordnete Bildung f\u00fcr Alle ist vonn\u00f6ten, damit nicht Folgendes passiert:<\/p>\r\n<p><em>Mein Volk geht zugrunde aus Mangel an Erkenntnis. Weil ihr die Erkenntnis verworfen habt, will auch ich euch verwerfen\u2026<\/em><\/p>","protected":false},"excerpt":{"rendered":"<p>Frau Merkel zeigte im Wahlkampf in einem Bild f\u00fcr die Ewigkeit mit ihren H\u00e4nden ein schmerzverzerrtes Gesicht. Volksgenossin Angela wurde im Vogelpark von Marlow von flauschigen Papageien gebissen. F\u00fcr Helmut Kohls \u201cM\u00e4dchen\u201d ist es \u00e4rgerlicher, im eigenen Wahlkreis von den Ossis lautstark ausgebuht und (die pers\u00f6nliche Stimme abschneidend) ausgepfiffen zu werden. Die abgeh\u00f6rte Teflonkanzlerin l\u00e4sst [&hellip;]<\/p>\n","protected":false},"author":2,"featured_media":0,"parent":37,"menu_order":46,"comment_status":"open","ping_status":"closed","template":"","meta":{"footnotes":""},"class_list":["post-1081","page","type-page","status-publish","hentry"],"_links":{"self":[{"href":"https:\/\/jonathanfischer.de\/index.php?rest_route=\/wp\/v2\/pages\/1081","targetHints":{"allow":["GET"]}}],"collection":[{"href":"https:\/\/jonathanfischer.de\/index.php?rest_route=\/wp\/v2\/pages"}],"about":[{"href":"https:\/\/jonathanfischer.de\/index.php?rest_route=\/wp\/v2\/types\/page"}],"author":[{"embeddable":true,"href":"https:\/\/jonathanfischer.de\/index.php?rest_route=\/wp\/v2\/users\/2"}],"replies":[{"embeddable":true,"href":"https:\/\/jonathanfischer.de\/index.php?rest_route=%2Fwp%2Fv2%2Fcomments&post=1081"}],"version-history":[{"count":7,"href":"https:\/\/jonathanfischer.de\/index.php?rest_route=\/wp\/v2\/pages\/1081\/revisions"}],"predecessor-version":[{"id":1086,"href":"https:\/\/jonathanfischer.de\/index.php?rest_route=\/wp\/v2\/pages\/1081\/revisions\/1086"}],"up":[{"embeddable":true,"href":"https:\/\/jonathanfischer.de\/index.php?rest_route=\/wp\/v2\/pages\/37"}],"wp:attachment":[{"href":"https:\/\/jonathanfischer.de\/index.php?rest_route=%2Fwp%2Fv2%2Fmedia&parent=1081"}],"curies":[{"name":"wp","href":"https:\/\/api.w.org\/{rel}","templated":true}]}}