{"id":106,"date":"2010-01-10T10:01:47","date_gmt":"2010-01-10T10:01:47","guid":{"rendered":"http:\/\/jonathanfischer.de\/?page_id=106"},"modified":"2024-05-18T08:06:23","modified_gmt":"2024-05-18T08:06:23","slug":"5-kapitel","status":"publish","type":"page","link":"https:\/\/jonathanfischer.de\/?page_id=106","title":{"rendered":"5. Kapitel"},"content":{"rendered":"\r\n<figure class=\"wp-block-audio\"><audio src=\"https:\/\/matthiasruf.files.wordpress.com\/2022\/02\/offenbarung-5.mp3\" controls=\"controls\"><\/audio>\r\n<figcaption>Offenbarung 5<\/figcaption>\r\n<\/figure>\r\n\r\n<p><i>Und ich sah in der Rechten dessen, der auf dem Thron sa\u00df ein Buch, beschrieben innen und au\u00dfen, mit sieben Siegeln versiegelt. Und ich sah einen gro\u00dfen Engel, der mit lauter Stimme rief: Wer ist w\u00fcrdig, das Buch zu \u00f6ffnen und seine Siegel zu brechen? Und niemand, weder im Himmel noch auf der Erden noch unter der Erde, konnte das Buch \u00f6ffnen und hineinsehen. Und ich weinte sehr, weil niemand f\u00fcr w\u00fcrdig befunden wurde, das Buch zu \u00f6ffnen und hineinzusehen. Und einer von den \u00c4ltesten spricht zu mir: Weine nicht! Siehe, es hat \u00fcberwunden der L\u00f6we, der aus dem Stamm Judah ist, um das Buch und seine sieben Siegel zu \u00f6ffnen. Und ich sah, und siehe, in der Mitte des Thrones und der vier lebendigen Wesen und inmitten der \u00c4ltesten stand ein Lamm, wie geschlachtet, das hatte sieben H\u00f6rner und sieben Augen, das sind die sieben Geister Gottes, die ausgesandt sind \u00fcber die ganze Erde. Und es kam und nahm das Buch aus der Rechten dessen, der auf dem Thron sa\u00df. Und als es das Buch nahm, fielen die vier lebendigen Wesen und die vierundzwanzig \u00c4ltesten vor dem Lamm nieder, und sie hatten jeder eine Harfe und eine goldene Schale voll R\u00e4ucherwerk, welches sind die Gebete der Heiligen. Und sie sangen ein neues Lied und sprachen: Du bist w\u00fcrdig das Buch zu nehmen und seine Siegel zu \u00f6ffnen, denn du bist geschlachtet worden und hast mit deinem Blut Menschen erkauft f\u00fcr Gott aus allen St\u00e4mmen und Sprachen und V\u00f6lkern und Nationen und hast sie unserem Gott zu K\u00f6nigen und Priestern gemacht, und sie werden herrschen auf Erden. Und ich sah, und ich h\u00f6rte eine Stimme von vielen Engeln rings um den Thron und die lebendigen Wesen und die \u00c4ltesten, und ihre Zahl war Zehntausende mal Zehntausende und Tausende mal Tausende, die mit lauter Stimme sprachen: W\u00fcrdig ist das Lamm, das geschlachtet worden ist, zu empfangen Macht und Reichtum und Weisheit und St\u00e4rke und Ehre und Herrlichkeit und Lobpreis. Und jedes Gesch\u00f6pf, das im Himmel und auf der Erde und unter der Erde und auf dem Meer ist, und alles, was in ihnen ist, h\u00f6rte ich sagen: Dem der auf dem Thron sitzt und dem Lamm sei Lobpreis und Ehre und Herrlichkeit und Macht von Ewigkeit zu Ewigkeit! Und die vier lebendigen Wesen sprachen: Amen! Und die \u00c4ltesten fielen nieder und beteten an.<\/i><\/p>\r\n<p><br \/>Der Sch\u00f6pfergott sitzt auf dem Thron, und die darum sind k\u00f6nnen nicht anders als anzubeten. Die Aufmerksamkeit von Johannes richtete sich nun auf ein Buch (griechisch-biblion) in der Rechten Gottes. Wahrscheinlich handelte es sich um eine Schriftrolle, da sie innen und au\u00dfen beschrieben war und mit sieben Siegeln versiegelt wurde. Johannes h\u00e4tte gerne gewusst was darin steht und genauso geht es mir. War es das bereits erw\u00e4hnte Buch des Lebens mit den Namen der Erretteten oder etwa die gesamte Heilige Schrift?<\/p>\r\n<p>Ein starker Engel betrat die Himmelsb\u00fchne und stellte die rhetorische Frage, wer w\u00fcrdig ist die Rolle zu \u00f6ffnen und die Siegel zu brechen. Johannes weinte bitterlich, weil kein Lebender oder Toter gefunden wurde zu \u00f6ffnen und zu lesen. Weshalb bekam er diesen starken Gef\u00fchlsausbruch? Konnte er sich nicht denken, dass Jesus, der gem\u00e4\u00df Hebr\u00e4er 1 als Erbe \u00fcber alle Dinge eingesetzt wird, inmitten des Thrones erscheint?<\/p>\r\n<p><br \/>Ein gro\u00dfes R\u00e4tsel lag auf dem Buch bzw. der Schriftrolle und dem was darin und darauf geschrieben ist. Es k\u00f6nnte sich um ein Testament handeln, denn die Verpackung mit den sieben Siegeln sieht aus wie ein Vertrag oder der letzte Wille, der vom Notar beglaubigt wird. Nach der historischen \u00dcberlieferung des R\u00f6mischen Rechts (viele Gesetze wurden in unserem B\u00fcrgerliches Gesetzbuch BGB aufgenommen) werden sieben Zeugen vor der Niederschrift ben\u00f6tigt (heute reichen beim Nottestament drei Zeugen gem. \u00a72250 BGB aus).<\/p>\r\n<p><br \/>\u201eDein Reich komme, dein Wille geschehe, wie im Himmel so auf Erden\u201c, ist ein Teil des von Christen h\u00e4ufig gebeteten Vaterunsers, das in goldenen Schalen gesammelt wird. Dabei kommen mir auch die Tr\u00e4nen, wenn ich bedenke wie oft uns sein Wille eben nicht k\u00fcmmert. Beerdigungen sind oft der besinnlichste Anlass, wo Menschen kurz in sich gehen und die Pl\u00e4ne Gottes hinterfragen. Das Problem liegt jedoch darin seine Gedanken zu erfassen, denn also spricht der Herr in Jesaja 55, 8 u. 9: Meine Gedanken sind nicht eure Gedanken, und eure Wege sind nicht meine Wege, sondern so hoch der Himmel \u00fcber die Erde ist, so viel h\u00f6her sind meine Wege als eure Wege und meine Gedanken als eure Gedanken.<\/p>\r\n<p><br \/>Wer ist also w\u00fcrdig? Des R\u00e4tsels L\u00f6sung findet sich bereits prophezeit in Genesis 49, 9 u. 10: Judah ist ein junger L\u00f6we, mit Beute beladen stiegst du empor. Er ist niedergekniet und lagert sich wie ein L\u00f6we und wie eine L\u00f6win, wer darf ihn aufwecken? Es wird das Zepter von Judah nicht weichen noch der Herrscherstab von seinen F\u00fc\u00dfen, bis Schilo kommt und ihm werden die V\u00f6lker gehorchen.<\/p>\r\n<p><br \/>Als das unschuldige Opferlamm am Kreuz hing, h\u00e4tte es als Judenk\u00f6nig herab steigen k\u00f6nnen und eine riesige Schar von Engeln zur Hilfe herbei br\u00fcllen k\u00f6nnen, aber ohne seine Geduld w\u00e4rst Du und ich nie zum Leben erweckt worden. Der einzige Mensch ohne S\u00fcnde, Jesus, der aus der Nachkommenslinie Adams, Abrahams, Judahs und Davids entsprang, ertrug im Gehorsam unvorstellbare Schmerzen bis zum Tod, weil er im Glauben die zuk\u00fcnftige Belohnung sah, n\u00e4mlich eine unz\u00e4hlbare Nachkommenschaft wie Sterne am Himmel und Sandk\u00f6rner am Meeresstrand.<\/p>\r\n<p>Das Br\u00fcllen des L\u00f6wen Schilo wird am Gerichtstag f\u00fcr alle Menschen zu h\u00f6ren sein, denn jeder wird f\u00fcr sich selbst Rechenschaft geben m\u00fcssen, und es werden einmal jedes Knie sich vor ihm beugen und jede Zunge muss bekennen, dass er der Herr ist (R\u00f6mer 14, 11 u.12 Philipper 2, 10 u.11). Noch erkennen wir den Herrn Jesus nicht als Furcht einfl\u00f6\u00dfenden L\u00f6we aus dem Stamme Judah, sondern als harmloses Opferlamm. L\u00f6we und Lamm sind Temperaments-Gegens\u00e4tze wie sie die Natur unterschiedlicher nicht zeigen kann. In der Zukunft ist er der Ehrfurcht gebietende auf den Wolken wieder kommende K\u00f6nig, der allein w\u00fcrdig ist, die Siegel zu zerbrechen, und als historische Person ist er das zu Tode verwundete Lamm, das durch die Auferstehung in der Mitte des Thrones Gottes steht.<\/p>\r\n<p><br \/>Sieben H\u00f6rner sind ein Symbol vollendeter Kraft. Nicht durch Heer oder Kraft, sondern durch meinen Geist spricht der Herr der Heerscharen in Sacharia 4 Vers 6 und erkl\u00e4rte dem Propheten die Bedeutung der sieben Augen, die die ganze Erde durchstreifen. Gott, der die wahren Anbeter sucht, ist Geist, und die ihn anbeteten m\u00fcssen ihn im Geist und Wahrheit anbeten (Johannes 4, 23 u. 24).<\/p>\r\n<p>Der himmlische Gottesdienst, der in den ersten beiden Liedern dem ewigen Sch\u00f6pfergott galt, wird durch die zu ihren Harfen greifenden vier lebendigen Wesen und vierundzwanzig \u00c4ltesten zun\u00e4chst an das Lamm gerichtet. Daraufhin k\u00f6nnen vieltausende Engel nicht anders als das einzig w\u00fcrdige Lamm anzubeten.<\/p>\r\n<p>Die f\u00fcnfte Hymne aller Gesch\u00f6pfe richtete sich zusammenfassend an den der auf dem Thron sitzt und das Lamm zugleich.<\/p>\r\n<p>Amen &#8211; so sei es, erklingt ein kurzer sechster Ton.<\/p>\r\n<p>Wie viele am sechsten Tag erschaffene Menschen lassen sich zu K\u00f6nigen und Priestern machen, um \u00fcber die neue Erde zu herrschen? Wir k\u00f6nnen hier und heute schon damit anfangen, denn die Psalmen ermutigen das Gottesvolk immer wieder den Herrn zu loben und zu preisen. Praise the Lord \u2013 Preist den Herrn! Das ist ein Befehl f\u00fcr alle die dem einzig W\u00fcrdigen gehorchen wollen.<\/p>","protected":false},"excerpt":{"rendered":"<p>Und ich sah in der Rechten dessen, der auf dem Thron sa\u00df ein Buch, beschrieben innen und au\u00dfen, mit sieben Siegeln versiegelt. Und ich sah einen gro\u00dfen Engel, der mit lauter Stimme rief: Wer ist w\u00fcrdig, das Buch zu \u00f6ffnen und seine Siegel zu brechen? Und niemand, weder im Himmel noch auf der Erden noch [&hellip;]<\/p>\n","protected":false},"author":2,"featured_media":0,"parent":94,"menu_order":5,"comment_status":"closed","ping_status":"closed","template":"full-width-page-template.php","meta":{"footnotes":""},"class_list":["post-106","page","type-page","status-publish","hentry"],"_links":{"self":[{"href":"https:\/\/jonathanfischer.de\/index.php?rest_route=\/wp\/v2\/pages\/106","targetHints":{"allow":["GET"]}}],"collection":[{"href":"https:\/\/jonathanfischer.de\/index.php?rest_route=\/wp\/v2\/pages"}],"about":[{"href":"https:\/\/jonathanfischer.de\/index.php?rest_route=\/wp\/v2\/types\/page"}],"author":[{"embeddable":true,"href":"https:\/\/jonathanfischer.de\/index.php?rest_route=\/wp\/v2\/users\/2"}],"replies":[{"embeddable":true,"href":"https:\/\/jonathanfischer.de\/index.php?rest_route=%2Fwp%2Fv2%2Fcomments&post=106"}],"version-history":[{"count":3,"href":"https:\/\/jonathanfischer.de\/index.php?rest_route=\/wp\/v2\/pages\/106\/revisions"}],"predecessor-version":[{"id":1291,"href":"https:\/\/jonathanfischer.de\/index.php?rest_route=\/wp\/v2\/pages\/106\/revisions\/1291"}],"up":[{"embeddable":true,"href":"https:\/\/jonathanfischer.de\/index.php?rest_route=\/wp\/v2\/pages\/94"}],"wp:attachment":[{"href":"https:\/\/jonathanfischer.de\/index.php?rest_route=%2Fwp%2Fv2%2Fmedia&parent=106"}],"curies":[{"name":"wp","href":"https:\/\/api.w.org\/{rel}","templated":true}]}}