{"id":1036,"date":"2021-04-18T10:36:18","date_gmt":"2021-04-18T10:36:18","guid":{"rendered":"http:\/\/jonathanfischer.de\/?page_id=1036"},"modified":"2022-07-09T12:25:13","modified_gmt":"2022-07-09T12:25:13","slug":"zum-tod-von-hans-kueng-das-erste-gebot","status":"publish","type":"page","link":"https:\/\/jonathanfischer.de\/?page_id=1036","title":{"rendered":"Zum Tod von Hans K\u00fcng \/ Das erste Gebot"},"content":{"rendered":"<p><strong>Zum Tod von Hans K\u00fcng \/ Das erste Gebot<\/strong><\/p>\n<p>Das erste Gebot, \u201eDu sollst keine anderen G\u00f6tter haben neben mir\u201c, wird jedem Gelehrten der Heiligen Schrift und dem Leser gel\u00e4ufig sein. Wie so oft liest und h\u00f6rt man, dass ein ganz Gro\u00dfer im Reich Gottes gestorben ist. Ber\u00fchmt wurde Hans K\u00fcng als Kritiker, der dem Papst und der katholischen Kirche die Stirn bietet. In meiner Jugendzeit hatte ich gro\u00dfes Verst\u00e4ndnis f\u00fcr die Theorie des akademisch herausragenden T\u00fcbinger Theologieprofessors der Papst w\u00e4re nicht unfehlbar. Wenig Verst\u00e4ndnis zeigte ich daf\u00fcr, dass der schweizer Priester als Folge aus meiner katholischen Kirche geschmissen wurde. Sehr gerne habe ich seine qualifizierte Dokumentation \u00fcber die Weltreligionen angeschaut. Besonders freute ich mich, ihn \u00fcber meinen Herrn und Meister Jesus Christus im Radio predigen zu h\u00f6ren.<\/p>\n<p>Also ist es normal anzunehmen ich w\u00fcrde mich in den Kreis derer einreihen, welche um einen gesch\u00e4tzten Bruder trauern. Schlie\u00dflich war erster Pr\u00e4sident Hans K\u00fcng jahrelang verdienter Mitbegr\u00fcnder f\u00fcr den Versuch des Weltethos. In erster Linie denke ich an die hohen Ziele der Stiftung Weltethos f\u00fcr die Umsetzung der Menschenrechte, Freiheit der Menschen vor Unterdr\u00fcckung, Freiheit als solche, Beseitigung des Welthungers, Umsetzung einer gerechten Wirtschaftsordnung, Solidarit\u00e4t zwischen den Menschen, Nachhaltigkeit zum Schutz der Biosph\u00e4re und zuletzt den Frieden auf Erden.<\/p>\n<p>Allerdings sehe ich in Hans nicht einen Nachfolger von Jesus Christus, der dessen Worte bewahrt und als Lehrer an die Schwestern und Br\u00fcder im Glauben weiter gegeben hat. Meine schockierende Ansicht ist, dass er als Humanist und Freimaurerfreund <a href=\"http:\/\/korrektheiten.com\/2010\/04\/23\/hans-kueng-und-die-freimaurer\/\">http:\/\/korrektheiten.com\/2010\/04\/23\/hans-kueng-und-die-freimaurer\/<\/a> die Ewigkeit nicht beim Himmlischen Vater, sondern bei dessen Widersacher verbringt. Bei aller Toleranz hat die Medaille zwei Seiten, und mancher Wolf verbirgt sich unter einem Schafspelz.<\/p>\n<p>Meine Anmerkungen zum Advent und zweiten Kommen des Herrn wiederholend, sollte Johannes der T\u00e4ufer unser dem\u00fctiges Vorbild sein, das wahrlich gro\u00df im Bezug auf den Glauben und das Reich Gottes ist. Da Jesus von Nazareth keinesfalls der Freund der damaligen religi\u00f6sen und weltlichen Herrscher war, empfehle ich eine gewisse Skepsis, wenn heute Menschen von der Weltelite gelobt werden. So waren Kofi Annan und Tony Blair weltber\u00fchmte j\u00e4hrliche Gastredner in der Weltethos-Stiftung in T\u00fcbingen. Manche Leser werden br\u00fcskiert sein, wenn ich behaupte, das Weltethos und die \u00d6kumene haben nichts mit dem Evangelium zu tun. Der Grund dieses Irrglaubens ist, die Worte Jesu nicht zu lesen und zu beherzigen. Die Bibel besteht aus Absolutheitsanspr\u00fcchen des lebendigen Gottes von Abraham, Isaak und Jakob. Er ist der unver\u00e4nderliche Gott, der sich Moses als \u201eich bin, der ich bin\u201c offenbarte und in der Offenbarung war &#8211; und ist &#8211; und kommt. In keinem anderen Namen ist das Heil oder die Rettung als in dem Namen Jesus (Bedeutung = der Herr rettet). Wer mit seinem Munde bekennt, dass Jesus der Herr ist und in seinem Herzen glaubt, dass dieser von den Toten auferstanden ist, wird errettet werden. Kein anderer Religionsstifter hat auf dieser Erde gelebt, der gestorben und seinen J\u00fcngern nach dem Tod erschienen ist, um wieder aufzuerstehen. Niemand kann behaupten, von Ewigkeit her als Wort Gottes zur Rechten Gottes des Vaters zu sitzen. Und, und, und\u2026<\/p>\n<p>Die Weltgeschichte mit ihren vielen Kriegen bezeugt, dass es keinen Frieden ohne den wahren Friedef\u00fcrst geben kann und wird. Hans K\u00fcng bezeugt es gibt keinen Frieden ohne Dialog. Meiner Ansicht nach kann man unendlich lang diskutieren, wenn meine Seite glaubt, dass der Sohn Gottes, der gleichzeitig Sohn des Menschen von der Jungfrau Maria ist, am Kreuz f\u00fcr unsere Schuld und S\u00fcnden stellvertretend gestorben ist. Aber die andere Seite beharrt gem\u00e4\u00df des eigenen Propheten darauf, ein anderer w\u00e4re am Kreuz gehangen mit einem t\u00e4glich als Glaubensgrundsatz rezitierten Bekenntnis, Gott k\u00f6nne unm\u00f6glich einen Sohn haben.<\/p>\n<p>Nun teile ich mit den Moslems und Juden die Ansicht des alleinigen Sch\u00f6pfergottes, aber was in aller Welt habe ich gegen die Freimaurer?<\/p>\n<p>Zur Begr\u00fcndung ein Ausschnitt aus meinem \u00e4lteren Artikel \u00fcber den Okkultismus:<\/p>\n<p>Was ist denn an dem fleisches-l\u00fcsternen Salomo neben seinem in der Magie gebrauchten Hexagramm und Schild okkult? Vielleicht, die von Menschenh\u00e4nden gebildete Geisterverehrung in seinen Zeremonien. In den Geheimb\u00fcnden der Freimaurerlogen wird K\u00f6nig Salomo allseits verehrt und in ihre symbolischen Rituale mit einbezogen. Das alle masonische Vorstellungen zusammenbindende Bild vom \u201eTempel Salomonis\u201c, den es durch die Bearbeitung des eigenen rauhen Steins wieder zu errichten gilt, bringt das gemeinsame Menschenwerk der Freimaurer zum Ausdruck. Dass dabei Todeseide zur absoluten Verschwiegenheit geleistet werden m\u00fcssen, scheint mir weniger logisch bei einer rituellen, intimen, selbst erfahrbaren Besserungssitzung zu sein (gem\u00e4\u00df \u00f6sterreichischem Nationalratsabgeordneten Ewald Stadler w\u00e4ren die verheimlichten Handlungen auch viel zu peinlich f\u00fcr die Au\u00dfenwelt). <a href=\"http:\/\/www.youtube.com\/watch?v=UNplHHISCL8&amp;feature=PlayList&amp;p=606D3977C868C666&amp;index=5\">http:\/\/www.youtube.com\/watch?v=UNplHHISCL8&amp;feature=PlayList&amp;p=606D3977C868C666&amp;index=5<\/a><br \/>\nDas Freimaurertum sieht sich nicht als Religion, obwohl sie sich in einem Tempel mit drei Kerzenst\u00e4ndern treffen, ein heiliges Buch auf dem Tisch liegen haben und ein Meister vom Stuhl, wie ein Priester die Sitzungen anleitet und immer den selben Abschlussvers vor rezitiert. Man kann die Dinge sehen wie man will. Der Papst betet ja auch nicht Maria an, sondern er verehrt sie nur, wenn er sich in Lourdes, wo die Verstorbene erschienen sein soll, vor einer ihrer Statuen niederkniet und F\u00fcrbitten spricht, lautete die verwandtschaftliche katholische Verteidigung an mich. Andererseits glauben die meisten Heavy Metal Fans nicht an die Existenz der H\u00f6lle, auch wenn in vielen Liedtexten dar\u00fcber gespottet wird und sie in Konzerten gerne die vorhersagenden Refrains, dass sie sich auf dem besten Weg dorthin befinden, mit den sich als blutr\u00fcnstige Monster darstellenden Idolen mitsingen. So scheint der unversch\u00e4mteste Vorwurf an die Licht suchenden, in den unteren Graden hinters Licht gef\u00fchrte Freimaurerbr\u00fcder zu sein, dass falls sie es schaffen an die Spitze des allsehenden Pyramidenauges empor zu kommen, bewusst Satan (J.B.O. \u2013 Jahbulon, eine Vermischung aus Jah, Baal und Osiris) anbeten und den Gott der Bibel zum Feind haben. Dass sie sich in ihrer Literatur als Nachkommen Kains betrachten und am Ende ihrer 33-gradigen Rollenspiele erfahren, dass die Loge eine geheime Tempelkammer darstellt, wo die Priester heimlich den Baalin dienen (vergleiche dazu Hesekiel Kapitel 8), ist wohl ebenso belanglos. Was wohl ihr gek\u00f6pfter Schutzpatron dessen Namenstag die Angelsachsen gerne feiern dazu sagen w\u00fcrde? Sind sie sehend und doch blind, wenn sie, sich selbst zu \u201eIch bin der ich bin\u201c- G\u00f6ttern machend, denken sie bed\u00fcrfen keiner Umkehr? Bilder und Skulpturen von Schlangen, doppelk\u00f6pfigen V\u00f6geln, Sphinxen, Pentagrammen, der Himmelsgestirne und andere \u00e4gyptische und babylonische G\u00f6tzendarstellungen in der Loge haben nicht zu bedeuten, dass man diesen altert\u00fcmlichen Religionen nacheifert. Der weltgr\u00f6\u00dfte Obelisk, der in Washington steht, beweist doch genauso wenig, dass Pharao Obama im Sonnenraum\/Solarium des Wei\u00dfen Hauses die Sonne anbetet, wie der Mittelpunkt und Schl\u00fcssel zum Petersplatz bezeugen kann, dass Papst Sixtus V. an Weihnachten die heidnische Wintersonnwende feierte. Sein langer Schatten Benedikt XVI. verk\u00fcndigte am Sonntag, 22. Dezember 2008: \u201eChristus ist die Sonne der Gnade, die mit ihrem Licht das wartende Universum verwandelt und entz\u00fcndet.\u201c<\/p>\n<p>Der noch lebende Bruder Ratzinger kam radelnd in der Eberhard Karls Universit\u00e4t an und der narzisstische K\u00fcng mit dem Alfa Romeo, lerne ich aus einem YouTube Nachruf. In der T\u00fcbinger Kirche St. Johannes versammelt, w\u00fcrdigte w\u00e4hrend der Trauerfeier den gro\u00dfen geistigen Lehrer neben Ministerpr\u00e4sident Kretschmann ausgerechnet der Glaubenssch\u00fcler Pfarrer Dr. Wolfgang Gramer, dessen erster T\u00e4ufling meine Wenigkeit 1968 war. Am Ende kommt mir der Gedanke wer viel kritisiert, muss auch Kritik einstecken k\u00f6nnen. Mein Herr und Meister lie\u00df auf jeden Fall kein gutes Haar an den Pharis\u00e4ern und Schriftgelehrten.<\/p>\n<p>Siehe Johannes 5:39 Ihr erforscht die Schriften, denn ihr meint, in ihnen ewiges Leben zu haben, und sie sind es, die von mir zeugen; 40 und doch wollt ihr nicht zu mir kommen, damit ihr Leben habt. 41 Ich nehme nicht Ehre von Menschen; 42 aber bei euch habe ich erkannt, dass ihr die Liebe Gottes nicht in euch habt. 43 Ich bin in dem Namen meines Vaters gekommen, und ihr nehmt mich nicht auf; wenn ein anderer in seinem eigenen Namen kommt, den werdet ihr aufnehmen. 44 Wie k\u00f6nnt ihr glauben, die ihr Ehre voneinander nehmt und die Ehre, die von dem alleinigen Gott ist, nicht sucht?<\/p>\n","protected":false},"excerpt":{"rendered":"<p>Zum Tod von Hans K\u00fcng \/ Das erste Gebot Das erste Gebot, \u201eDu sollst keine anderen G\u00f6tter haben neben mir\u201c, wird jedem Gelehrten der Heiligen Schrift und dem Leser gel\u00e4ufig sein. Wie so oft liest und h\u00f6rt man, dass ein ganz Gro\u00dfer im Reich Gottes gestorben ist. Ber\u00fchmt wurde Hans K\u00fcng als Kritiker, der dem [&hellip;]<\/p>\n","protected":false},"author":2,"featured_media":0,"parent":37,"menu_order":54,"comment_status":"open","ping_status":"closed","template":"","meta":{"footnotes":""},"class_list":["post-1036","page","type-page","status-publish","hentry"],"_links":{"self":[{"href":"https:\/\/jonathanfischer.de\/index.php?rest_route=\/wp\/v2\/pages\/1036","targetHints":{"allow":["GET"]}}],"collection":[{"href":"https:\/\/jonathanfischer.de\/index.php?rest_route=\/wp\/v2\/pages"}],"about":[{"href":"https:\/\/jonathanfischer.de\/index.php?rest_route=\/wp\/v2\/types\/page"}],"author":[{"embeddable":true,"href":"https:\/\/jonathanfischer.de\/index.php?rest_route=\/wp\/v2\/users\/2"}],"replies":[{"embeddable":true,"href":"https:\/\/jonathanfischer.de\/index.php?rest_route=%2Fwp%2Fv2%2Fcomments&post=1036"}],"version-history":[{"count":14,"href":"https:\/\/jonathanfischer.de\/index.php?rest_route=\/wp\/v2\/pages\/1036\/revisions"}],"predecessor-version":[{"id":1050,"href":"https:\/\/jonathanfischer.de\/index.php?rest_route=\/wp\/v2\/pages\/1036\/revisions\/1050"}],"up":[{"embeddable":true,"href":"https:\/\/jonathanfischer.de\/index.php?rest_route=\/wp\/v2\/pages\/37"}],"wp:attachment":[{"href":"https:\/\/jonathanfischer.de\/index.php?rest_route=%2Fwp%2Fv2%2Fmedia&parent=1036"}],"curies":[{"name":"wp","href":"https:\/\/api.w.org\/{rel}","templated":true}]}}